{"id":1486,"date":"2026-01-15T10:29:48","date_gmt":"2026-01-15T10:29:48","guid":{"rendered":"https:\/\/spinania.org\/login-and-registration\/"},"modified":"2026-01-16T07:49:50","modified_gmt":"2026-01-16T07:49:50","slug":"logowanie-i-rejestracja","status":"publish","type":"page","link":"https:\/\/spinania.org\/pl\/logowanie-i-rejestracja\/","title":{"rendered":"Logowanie i rejestracja"},"content":{"rendered":"<h1>Logowanie i rejestracja w SpinAnia<\/h1>\n<p>Jedynym krokiem, aby rozpocz\u0105\u0107 gr\u0119 na prawdziwe pieni\u0105dze, jest zako\u0144czenie procesu SpinAnia login. Wi\u0119kszo\u015b\u0107 naszych polskich u\u017cytkownik\u00f3w potrzebuje na to nie wi\u0119cej ni\u017c 3 minuty. Rejestracja wymaga podania adresu e-mail i has\u0142a. Zalecamy wszystkim naszym klientom utworzenie silnego has\u0142a, aby zwi\u0119kszy\u0107 bezpiecze\u0144stwo. Po zalogowaniu si\u0119 mo\u017cesz spersonalizowa\u0107 swoje do\u015bwiadczenia, w\u0142\u0105czaj\u0105c ustawienia konta.<\/p>\n<p><div class=\"banner-wrap\" aria-label=\"Banner\"><img src=\"https:\/\/spinania.org\/wp-content\/uploads\/2026\/01\/Spinania-Banner-Desktop.webp\" class=\"w-100 d-none d-lg-block img-pc main-banner-img\" alt=\"Spinania Banner Desktop\" fetchpriority=\"high\" decoding=\"async\"><img src=\"https:\/\/spinania.org\/wp-content\/uploads\/2026\/01\/Spinania-mobile-banner.webp\" class=\"w-100 d-none d-md-block d-lg-none main-banner-img\" alt=\"Spinania mobile banner\" fetchpriority=\"high\" decoding=\"async\"><img src=\"https:\/\/spinania.org\/wp-content\/uploads\/2026\/01\/Spinania-mobile-banner.webp\" class=\"w-100 d-md-none\" alt=\"Spinania mobile banner\" fetchpriority=\"high\" decoding=\"async\"><div class=\"banner-description\">\n<div class=\"banner-title\">Bonusy powitalne<\/div>\n<p class=\"banner-header-title\">1500 \u20ac<\/p>\n<div class=\"banner-header-AdditionalText\">+ 250 Darmowe spiny<\/div>\n<button data-item=\"homepage_banner_link\" class=\"goto m-button m-gradient-border m-button--primary m-button--large banner-button btn-orange\">\n            <div class=\"m-button-content\">\n                <span>Zarejestruj si\u0119 teraz<\/span>\n                <span><\/span>\n            <\/div>\n        <\/button>\n<\/div>\n<div class=\"WelcomePack\">\n<p><img loading=\"lazy\" decoding=\"async\" class=\"alignnone size-full wp-image-1331\" src=\"https:\/\/spinania.org\/wp-content\/uploads\/2026\/01\/welcome-crown.svg\" alt=\"welcome crown\" width=\"25\" height=\"26\" \/><\/p>\n<div class=\"WelcomePack-Info\">Cotygodniowy zwrot got\u00f3wki do 25%<\/div>\n<p><img loading=\"lazy\" decoding=\"async\" class=\"alignnone size-full wp-image-1331\" src=\"https:\/\/spinania.org\/wp-content\/uploads\/2026\/01\/welcome-crown.svg\" alt=\"welcome crown\" width=\"25\" height=\"26\" \/><\/p>\n<\/div>\n<\/div><div class=\"scrollable-content-wrap my-5\"><div class=\"scrollable-content-inner\"><h2>Proces rejestracji w kasynie SpinAnia<\/h2>\n<p>Spin Ania Casino to nowoczesna platforma hazardowa oferuj\u0105ca dost\u0119p do ponad 6.000 tytu\u0142\u00f3w od wiod\u0105cych dostawc\u00f3w oprogramowania. Bez konta mo\u017cesz wypr\u00f3bowa\u0107 niekt\u00f3re z nich w trybie demo, co oznacza, \u017ce nie mo\u017cesz wyp\u0142aci\u0107 wygranych. Logowanie do SpinAnia mo\u017ce zmieni\u0107 t\u0119 sytuacj\u0119.<\/p>\n<p>Wszystkim zarejestrowanym u\u017cytkownikom oferujemy gr\u0119 na prawdziwe pieni\u0105dze, ogromne bonusy i kolekcje turniej\u00f3w, szybkie i bezpieczne p\u0142atno\u015bci oraz ca\u0142odobow\u0105 obs\u0142ug\u0119 klienta. Logowanie do SpinAnia jest dost\u0119pne dla wszystkich os\u00f3b powy\u017cej 18 roku \u017cycia. Kolejn\u0105 zasad\u0105 jest to, \u017ce ka\u017cda osoba mo\u017ce posiada\u0107 tylko jedno konto na stronie. Je\u015bli napotkasz jakiekolwiek problemy z rejestracj\u0105 lub logowaniem, mo\u017cesz skontaktowa\u0107 si\u0119 z naszym wieloj\u0119zycznym zespo\u0142em pomocy technicznej.<\/p>\n<h3>Za\u0142\u00f3\u017c konto<\/h3>\n<p>Osobom, kt\u00f3re dopiero rozpoczynaj\u0105 swoj\u0105 przygod\u0119 z SpinAnia, zalecamy utworzenie konta. Dzi\u0119ki temu uzyskaj\u0105 dost\u0119p do wszystkich funkcji serwisu. Proces ten jest prosty i nie zajmuje du\u017co czasu. Aby utworzy\u0107 konto w SpinAnia Casino, nale\u017cy post\u0119powa\u0107 zgodnie z poni\u017cszymi instrukcjami:<\/p>\n<ol>\n<li>Nale\u017cy klikn\u0105\u0107 przycisk \u201eZarejestruj si\u0119\u201d na stronie g\u0142\u00f3wnej.<\/li>\n<li>U\u017cytkownicy musz\u0105 poda\u0107 sw\u00f3j adres e-mail i utworzy\u0107 silne has\u0142o.<\/li>\n<li>Zaakceptuj warunki korzystania z serwisu internetowego.<\/li>\n<li>Potwierd\u017a, \u017ce masz uko\u0144czone 18 lat.<\/li>\n<li>Kliknij \u201eZarejestruj si\u0119\u201d na ko\u0144cu formularza rejestracyjnego, aby potwierdzi\u0107 wszystkie wprowadzone informacje.<\/li>\n<\/ol>\n<h2>Logowanie do SpinAnia i zarz\u0105dzanie kontem<\/h2>\n<p>Je\u015bli masz ju\u017c konto na platformie, musisz si\u0119 zalogowa\u0107 do SpinAnia login. Je\u015bli korzystasz ze swojego profilu na r\u00f3\u017cnych urz\u0105dzeniach, wszystkie Twoje osi\u0105gni\u0119cia, ustawienia i inne funkcje b\u0119d\u0105 zsynchronizowane. Proces Spin Ania login wymaga podania adresu e-mail i has\u0142a utworzonego podczas rejestracji. Poni\u017csza tabela przedstawia g\u0142\u00f3wne funkcje dost\u0119pne dla wszystkich zalogowanych u\u017cytkownik\u00f3w.<\/p>\n<table>\n<tbody>\n<tr>\n<td>Funkcja<\/td>\n<td>Szczeg\u00f3\u0142y<\/td>\n<\/tr>\n<tr>\n<td>Zarz\u0105dzanie danymi osobowymi<\/td>\n<td>U\u017cytkownicy mog\u0105 zmienia\u0107 swoje imi\u0119 i nazwisko, dane kontaktowe, has\u0142o oraz ustawienia konta.<\/td>\n<\/tr>\n<tr>\n<td>Historia gry<\/td>\n<td>Masz mo\u017cliwo\u015b\u0107 sprawdzenia i analizy swojej aktywno\u015bci, wygranych, przegranych i zako\u0144czonych sesji gry.<\/td>\n<\/tr>\n<tr>\n<td>Zarz\u0105dzanie statusem VIP<\/td>\n<td>Znajduj\u0105 si\u0119 tu kompletne informacje na temat poziomu lojalno\u015bci, procentu zwrotu got\u00f3wki i nagr\u00f3d VIP.<\/td>\n<\/tr>\n<tr>\n<td>Limity odpowiedzialnej gry<\/td>\n<td>Aby gra\u0107 odpowiedzialnie, wszyscy u\u017cytkownicy mog\u0105 w\u0142\u0105czy\u0107 limity finansowe i czasowe, a tak\u017ce narz\u0119dzie do samowykluczenia.<\/td>\n<\/tr>\n<tr>\n<td>Zarz\u0105dzanie powiadomieniami<\/td>\n<td>Gracze mog\u0105 skonfigurowa\u0107 powiadomienia e-mailowe, SMS-owe i push dotycz\u0105ce nowo\u015bci i aktualizacji.<\/td>\n<\/tr>\n<\/tbody>\n<\/table>\n<h3>Nie pami\u0119tasz has\u0142a?<\/h3>\n<p>W kasynie SpinAnia Casino istnieje rozwi\u0105zanie na ka\u017cd\u0105 sytuacj\u0119, w tym na zapomnienie has\u0142a. Dysponujemy specjaln\u0105 procedur\u0105, kt\u00f3ra pomo\u017ce Ci w takim przypadku. W formularzu logowania do SpinAnia nale\u017cy klikn\u0105\u0107 link \u201eNie pami\u0119tasz has\u0142a?\u201d. Wystarczy poda\u0107 adres e-mail u\u017cyty podczas rejestracji, a my wy\u015blemy Ci link do resetowania has\u0142a. Nast\u0119pnym razem, aby uzyska\u0107 dost\u0119p do swojego konta, u\u017cyj nowego has\u0142a, kt\u00f3re utworzy\u0142e\u015b.<\/p>\n<h2>Proces weryfikacji w kasynie Spin Ania<\/h2>\n<p>Proces weryfikacji jest niezb\u0119dnym krokiem w celu ochrony naszej platformy i zapobiegania oszustwom. Wszyscy u\u017cytkownicy musz\u0105 go uko\u0144czy\u0107 przed pierwsz\u0105 wyp\u0142at\u0105 \u015brodk\u00f3w. Musimy zweryfikowa\u0107 Twoj\u0105 to\u017csamo\u015b\u0107, wiek, adres zamieszkania i prawo w\u0142asno\u015bci do konta p\u0142atniczego w SpinAnia Casino. W tym celu poprosimy Ci\u0119 o przes\u0142anie niekt\u00f3rych dokument\u00f3w osobistych, na przyk\u0142ad kopii paszportu, dowodu osobistego lub prawa jazdy, wyci\u0105gu bankowego oraz zrzutu ekranu z Twoim kontem p\u0142atniczym zawieraj\u0105cym Twoje imi\u0119 i nazwisko.<\/p>\n<p>Nasi mened\u017cerowie sprawdz\u0105 wszystkie przes\u0142ane materia\u0142y w ci\u0105gu 48 godzin. Otrzymasz wiadomo\u015b\u0107 e-mail i powiadomienie na swoim koncie z informacj\u0105 o wynikach. Je\u015bli wszystko b\u0119dzie w porz\u0105dku, nie wyst\u0105pi\u0105 \u017cadne op\u00f3\u017anienia w p\u0142atno\u015bciach.<\/p>\n<h2>Cz\u0119sto zadawane pytania<\/h2>\n<h3>Jakie kroki nale\u017cy podj\u0105\u0107 w celu weryfikacji konta?<\/h3>\n<p>Aby zweryfikowa\u0107 swoj\u0105 to\u017csamo\u015b\u0107, nale\u017cy przes\u0142a\u0107 swoje dane osobowe. Nasi mened\u017cerowie sprawdz\u0105 je w ci\u0105gu 48 godzin i udziel\u0105 odpowiedzi. Nie s\u0105 wymagane \u017cadne dodatkowe kroki z Pa\u0144stwa strony.<\/p>\n<h3>Jak zamkn\u0105\u0107 lub tymczasowo zawiesi\u0107 swoje konto?<\/h3>\n<p>Je\u015bli zdecydujesz si\u0119 tymczasowo zamkn\u0105\u0107 lub zablokowa\u0107 swoje konto, skontaktuj si\u0119 z naszym zespo\u0142em pomocy technicznej, kt\u00f3ry udzieli Ci pomocy. Zrobi\u0105 to w ci\u0105gu kilku minut i wyja\u015bni\u0105, jak ponownie otworzy\u0107 konto Spin Ania.<\/p>\n<h3>Moje konto jest zablokowane. Co mam zrobi\u0107?<\/h3>\n<p>Je\u015bli blokujemy konta u\u017cytkownik\u00f3w, zawsze wysy\u0142amy wiadomo\u015b\u0107 e-mail z dodatkowymi informacjami na temat danej sprawy. Je\u015bli nie otrzyma\u0142e\u015b \u017cadnej wiadomo\u015bci, skontaktuj si\u0119 z nami za po\u015brednictwem czatu na \u017cywo lub poczty elektronicznej.<\/p>\n<h3>Czy mog\u0119 zarz\u0105dza\u0107 swoim has\u0142em lub adresem e-mail?<\/h3>\n<p>W ustawieniach konta mo\u017cesz w dowolnym momencie zmieni\u0107 swoje dane osobowe i p\u0142atnicze. Je\u015bli chcesz zaktualizowa\u0107 has\u0142o, wy\u015blemy Ci wiadomo\u015b\u0107 e-mail z potwierdzeniem. Aby zako\u0144czy\u0107 proces, kliknij link zawarty w wiadomo\u015bci e-mail.<\/p>\n<\/div><\/div><\/p>\n","protected":false},"excerpt":{"rendered":"<p>Logowanie i rejestracja w SpinAnia Jedynym krokiem, aby rozpocz\u0105\u0107 gr\u0119 na prawdziwe pieni\u0105dze, jest zako\u0144czenie procesu SpinAnia login. Wi\u0119kszo\u015b\u0107 naszych polskich u\u017cytkownik\u00f3w potrzebuje na to nie wi\u0119cej ni\u017c 3 minuty. Rejestracja wymaga podania adresu e-mail i has\u0142a. Zalecamy wszystkim naszym klientom utworzenie silnego has\u0142a, aby zwi\u0119kszy\u0107 bezpiecze\u0144stwo. Po zalogowaniu si\u0119 mo\u017cesz spersonalizowa\u0107 swoje do\u015bwiadczenia, w\u0142\u0105czaj\u0105c [&hellip;]<\/p>\n","protected":false},"author":1,"featured_media":0,"parent":0,"menu_order":0,"comment_status":"closed","ping_status":"closed","template":"template-builder.php","meta":{"_acf_changed":false,"inline_featured_image":false,"footnotes":""},"class_list":["post-1486","page","type-page","status-publish","hentry"],"acf":[],"yoast_head":"<!-- This site is optimized with the Yoast SEO plugin v27.3 - https:\/\/yoast.com\/product\/yoast-seo-wordpress\/ -->\n<title>SpinAnia Casino - Login &amp; Rejestracja<\/title>\n<meta name=\"description\" content=\"SpinAnia Casino \u2013 zaloguj si\u0119 bezpiecznie lub utw\u00f3rz konto w kilka chwil. Zarz\u0105dzaj profilem, weryfikacj\u0105 i ustawieniami bonus\u00f3w w Spin Ania.\" \/>\n<meta name=\"robots\" content=\"index, follow, max-snippet:-1, max-image-preview:large, max-video-preview:-1\" \/>\n<link rel=\"canonical\" href=\"https:\/\/spinania.org\/pl\/logowanie-i-rejestracja\/\" \/>\n<meta property=\"og:locale\" content=\"pl_PL\" \/>\n<meta property=\"og:type\" content=\"article\" \/>\n<meta property=\"og:title\" content=\"SpinAnia Casino - Login &amp; Rejestracja\" \/>\n<meta property=\"og:description\" content=\"SpinAnia Casino \u2013 zaloguj si\u0119 bezpiecznie lub utw\u00f3rz konto w kilka chwil. Zarz\u0105dzaj profilem, weryfikacj\u0105 i ustawieniami bonus\u00f3w w Spin Ania.\" \/>\n<meta property=\"og:url\" content=\"https:\/\/spinania.org\/pl\/logowanie-i-rejestracja\/\" \/>\n<meta property=\"og:site_name\" content=\"spinania\" \/>\n<meta property=\"article:modified_time\" content=\"2026-01-16T07:49:50+00:00\" \/>\n<meta name=\"twitter:card\" content=\"summary_large_image\" \/>\n<meta name=\"twitter:label1\" content=\"Est. reading time\" \/>\n\t<meta name=\"twitter:data1\" content=\"1 minuta\" \/>\n<script type=\"application\/ld+json\" class=\"yoast-schema-graph\">{\"@context\":\"https:\\\/\\\/schema.org\",\"@graph\":[{\"@type\":\"WebPage\",\"@id\":\"https:\\\/\\\/spinania.org\\\/pl\\\/logowanie-i-rejestracja\\\/\",\"url\":\"https:\\\/\\\/spinania.org\\\/pl\\\/logowanie-i-rejestracja\\\/\",\"name\":\"SpinAnia Casino - Login & Rejestracja\",\"isPartOf\":{\"@id\":\"https:\\\/\\\/spinania.org\\\/pl\\\/#website\"},\"datePublished\":\"2026-01-15T10:29:48+00:00\",\"dateModified\":\"2026-01-16T07:49:50+00:00\",\"description\":\"SpinAnia Casino \u2013 zaloguj si\u0119 bezpiecznie lub utw\u00f3rz konto w kilka chwil. Zarz\u0105dzaj profilem, weryfikacj\u0105 i ustawieniami bonus\u00f3w w Spin Ania.\",\"breadcrumb\":{\"@id\":\"https:\\\/\\\/spinania.org\\\/pl\\\/logowanie-i-rejestracja\\\/#breadcrumb\"},\"inLanguage\":\"pl-PL\",\"potentialAction\":[{\"@type\":\"ReadAction\",\"target\":[\"https:\\\/\\\/spinania.org\\\/pl\\\/logowanie-i-rejestracja\\\/\"]}]},{\"@type\":\"BreadcrumbList\",\"@id\":\"https:\\\/\\\/spinania.org\\\/pl\\\/logowanie-i-rejestracja\\\/#breadcrumb\",\"itemListElement\":[{\"@type\":\"ListItem\",\"position\":1,\"name\":\"Spinania\",\"item\":\"https:\\\/\\\/spinania.org\\\/pl\\\/\"},{\"@type\":\"ListItem\",\"position\":2,\"name\":\"Logowanie i rejestracja\"}]},{\"@type\":\"WebSite\",\"@id\":\"https:\\\/\\\/spinania.org\\\/pl\\\/#website\",\"url\":\"https:\\\/\\\/spinania.org\\\/pl\\\/\",\"name\":\"Spinania\",\"description\":\"\",\"publisher\":{\"@id\":\"https:\\\/\\\/spinania.org\\\/pl\\\/#organization\"},\"potentialAction\":[{\"@type\":\"SearchAction\",\"target\":{\"@type\":\"EntryPoint\",\"urlTemplate\":\"https:\\\/\\\/spinania.org\\\/pl\\\/?s={search_term_string}\"},\"query-input\":{\"@type\":\"PropertyValueSpecification\",\"valueRequired\":true,\"valueName\":\"search_term_string\"}}],\"inLanguage\":\"pl-PL\"},{\"@type\":\"Organization\",\"@id\":\"https:\\\/\\\/spinania.org\\\/pl\\\/#organization\",\"name\":\"Spinania\",\"url\":\"https:\\\/\\\/spinania.org\\\/pl\\\/\",\"logo\":{\"@type\":\"ImageObject\",\"inLanguage\":\"pl-PL\",\"@id\":\"https:\\\/\\\/spinania.org\\\/pl\\\/#\\\/schema\\\/logo\\\/image\\\/\",\"url\":\"https:\\\/\\\/spinania.org\\\/wp-content\\\/uploads\\\/2026\\\/01\\\/Casino-logo-Desktop.png\",\"contentUrl\":\"https:\\\/\\\/spinania.org\\\/wp-content\\\/uploads\\\/2026\\\/01\\\/Casino-logo-Desktop.png\",\"width\":88,\"height\":26,\"caption\":\"Spinania\"},\"image\":{\"@id\":\"https:\\\/\\\/spinania.org\\\/pl\\\/#\\\/schema\\\/logo\\\/image\\\/\"}}]}<\/script>\n<!-- \/ Yoast SEO plugin. -->","yoast_head_json":{"title":"SpinAnia Casino - Login & Rejestracja","description":"SpinAnia Casino \u2013 zaloguj si\u0119 bezpiecznie lub utw\u00f3rz konto w kilka chwil. Zarz\u0105dzaj profilem, weryfikacj\u0105 i ustawieniami bonus\u00f3w w Spin Ania.","robots":{"index":"index","follow":"follow","max-snippet":"max-snippet:-1","max-image-preview":"max-image-preview:large","max-video-preview":"max-video-preview:-1"},"canonical":"https:\/\/spinania.org\/pl\/logowanie-i-rejestracja\/","og_locale":"pl_PL","og_type":"article","og_title":"SpinAnia Casino - Login & Rejestracja","og_description":"SpinAnia Casino \u2013 zaloguj si\u0119 bezpiecznie lub utw\u00f3rz konto w kilka chwil. Zarz\u0105dzaj profilem, weryfikacj\u0105 i ustawieniami bonus\u00f3w w Spin Ania.","og_url":"https:\/\/spinania.org\/pl\/logowanie-i-rejestracja\/","og_site_name":"spinania","article_modified_time":"2026-01-16T07:49:50+00:00","twitter_card":"summary_large_image","twitter_misc":{"Est. reading time":"1 minuta"},"schema":{"@context":"https:\/\/schema.org","@graph":[{"@type":"WebPage","@id":"https:\/\/spinania.org\/pl\/logowanie-i-rejestracja\/","url":"https:\/\/spinania.org\/pl\/logowanie-i-rejestracja\/","name":"SpinAnia Casino - Login & Rejestracja","isPartOf":{"@id":"https:\/\/spinania.org\/pl\/#website"},"datePublished":"2026-01-15T10:29:48+00:00","dateModified":"2026-01-16T07:49:50+00:00","description":"SpinAnia Casino \u2013 zaloguj si\u0119 bezpiecznie lub utw\u00f3rz konto w kilka chwil. Zarz\u0105dzaj profilem, weryfikacj\u0105 i ustawieniami bonus\u00f3w w Spin Ania.","breadcrumb":{"@id":"https:\/\/spinania.org\/pl\/logowanie-i-rejestracja\/#breadcrumb"},"inLanguage":"pl-PL","potentialAction":[{"@type":"ReadAction","target":["https:\/\/spinania.org\/pl\/logowanie-i-rejestracja\/"]}]},{"@type":"BreadcrumbList","@id":"https:\/\/spinania.org\/pl\/logowanie-i-rejestracja\/#breadcrumb","itemListElement":[{"@type":"ListItem","position":1,"name":"Spinania","item":"https:\/\/spinania.org\/pl\/"},{"@type":"ListItem","position":2,"name":"Logowanie i rejestracja"}]},{"@type":"WebSite","@id":"https:\/\/spinania.org\/pl\/#website","url":"https:\/\/spinania.org\/pl\/","name":"Spinania","description":"","publisher":{"@id":"https:\/\/spinania.org\/pl\/#organization"},"potentialAction":[{"@type":"SearchAction","target":{"@type":"EntryPoint","urlTemplate":"https:\/\/spinania.org\/pl\/?s={search_term_string}"},"query-input":{"@type":"PropertyValueSpecification","valueRequired":true,"valueName":"search_term_string"}}],"inLanguage":"pl-PL"},{"@type":"Organization","@id":"https:\/\/spinania.org\/pl\/#organization","name":"Spinania","url":"https:\/\/spinania.org\/pl\/","logo":{"@type":"ImageObject","inLanguage":"pl-PL","@id":"https:\/\/spinania.org\/pl\/#\/schema\/logo\/image\/","url":"https:\/\/spinania.org\/wp-content\/uploads\/2026\/01\/Casino-logo-Desktop.png","contentUrl":"https:\/\/spinania.org\/wp-content\/uploads\/2026\/01\/Casino-logo-Desktop.png","width":88,"height":26,"caption":"Spinania"},"image":{"@id":"https:\/\/spinania.org\/pl\/#\/schema\/logo\/image\/"}}]}},"_links":{"self":[{"href":"https:\/\/spinania.org\/pl\/wp-json\/wp\/v2\/pages\/1486","targetHints":{"allow":["GET"]}}],"collection":[{"href":"https:\/\/spinania.org\/pl\/wp-json\/wp\/v2\/pages"}],"about":[{"href":"https:\/\/spinania.org\/pl\/wp-json\/wp\/v2\/types\/page"}],"author":[{"embeddable":true,"href":"https:\/\/spinania.org\/pl\/wp-json\/wp\/v2\/users\/1"}],"replies":[{"embeddable":true,"href":"https:\/\/spinania.org\/pl\/wp-json\/wp\/v2\/comments?post=1486"}],"version-history":[{"count":2,"href":"https:\/\/spinania.org\/pl\/wp-json\/wp\/v2\/pages\/1486\/revisions"}],"predecessor-version":[{"id":1817,"href":"https:\/\/spinania.org\/pl\/wp-json\/wp\/v2\/pages\/1486\/revisions\/1817"}],"wp:attachment":[{"href":"https:\/\/spinania.org\/pl\/wp-json\/wp\/v2\/media?parent=1486"}],"curies":[{"name":"wp","href":"https:\/\/api.w.org\/{rel}","templated":true}]}}