{"id":1447,"date":"2026-01-15T10:27:56","date_gmt":"2026-01-15T10:27:56","guid":{"rendered":"https:\/\/spinania.org\/app\/"},"modified":"2026-01-16T07:41:33","modified_gmt":"2026-01-16T07:41:33","slug":"aplikacja","status":"publish","type":"page","link":"https:\/\/spinania.org\/pl\/aplikacja\/","title":{"rendered":"Aplikacja"},"content":{"rendered":"<h1>Aplikacja SpinAnia<\/h1>\n<p>SpinAnia App umo\u017cliwia wszystkim naszym polskim u\u017cytkownikom granie w ulubione gry na smartfonach lub tabletach. Jest to wygodna opcja dla ka\u017cdego, kto chce pozosta\u0107 online, niezale\u017cnie od lokalizacji i urz\u0105dzenia. Oferujemy dedykowan\u0105 aplikacj\u0119 oraz wersj\u0119 przegl\u0105darkow\u0105. Jest ona dost\u0119pna na wszystkich urz\u0105dzeniach z systemem Android i iOS. Je\u015bli zalogujesz si\u0119 na swoje konto na wielu urz\u0105dzeniach, Twoje osi\u0105gni\u0119cia i post\u0119py zostan\u0105 zsynchronizowane mi\u0119dzy nimi.<\/p>\n<div class=\"banner-wrap\" aria-label=\"Banner\"><img src=\"https:\/\/spinania.org\/wp-content\/uploads\/2026\/01\/Spinania-Banner-Desktop.webp\" class=\"w-100 d-none d-lg-block img-pc main-banner-img\" alt=\"Spinania Banner Desktop\" fetchpriority=\"high\" decoding=\"async\"><img src=\"https:\/\/spinania.org\/wp-content\/uploads\/2026\/01\/Spinania-mobile-banner.webp\" class=\"w-100 d-none d-md-block d-lg-none main-banner-img\" alt=\"Spinania mobile banner\" fetchpriority=\"high\" decoding=\"async\"><img src=\"https:\/\/spinania.org\/wp-content\/uploads\/2026\/01\/Spinania-mobile-banner.webp\" class=\"w-100 d-md-none\" alt=\"Spinania mobile banner\" fetchpriority=\"high\" decoding=\"async\"><div class=\"banner-description\">\n<div class=\"banner-title\">Bonusy powitalne<\/div>\n<p class=\"banner-header-title\">1500 \u20ac<\/p>\n<div class=\"banner-header-AdditionalText\">+ 250 Darmowe spiny<\/div>\n<button data-item=\"homepage_banner_link\" class=\"goto m-button m-gradient-border m-button--primary m-button--large banner-button btn-orange\">\n            <div class=\"m-button-content\">\n                <span>Zarejestruj si\u0119 teraz<\/span>\n                <span><\/span>\n            <\/div>\n        <\/button>\n<\/div>\n<div class=\"WelcomePack\">\n<p><img loading=\"lazy\" decoding=\"async\" class=\"alignnone size-full wp-image-1331\" src=\"https:\/\/spinania.org\/wp-content\/uploads\/2026\/01\/welcome-crown.svg\" alt=\"welcome crown\" width=\"25\" height=\"26\" \/><\/p>\n<div class=\"WelcomePack-Info\">Cotygodniowy zwrot got\u00f3wki do 25%<\/div>\n<p><img loading=\"lazy\" decoding=\"async\" class=\"alignnone size-full wp-image-1331\" src=\"https:\/\/spinania.org\/wp-content\/uploads\/2026\/01\/welcome-crown.svg\" alt=\"welcome crown\" width=\"25\" height=\"26\" \/><\/p>\n<\/div>\n<\/div>\n<h2>Kasyno mobilne SpinAnia<\/h2>\n<p>Kasyno SpinAnia przenosi gry na nowy poziom. Teraz nie musisz wybiera\u0107 jednego konkretnego urz\u0105dzenia do swoich ulubionych gier. Mo\u017cesz zacz\u0105\u0107 na komputerze, a kontynuowa\u0107 na smartfonie. Granie w podr\u00f3\u017cy staje si\u0119 coraz bardziej popularne. Oko\u0142o 80% naszych graczy woli korzysta\u0107 z SpinAnia na urz\u0105dzeniach mobilnych.<\/p>\n<p>Dost\u0119p do kasyna mobilnego mo\u017cna uzyska\u0107 za po\u015brednictwem aplikacji Spin Ania lub przegl\u0105darki internetowej. Obie opcje s\u0105 doskona\u0142e i idealnie dostosowane do urz\u0105dze\u0144 z systemem Android i iOS. Graj\u0105c na smartfonie, nie stracisz nic ze swoich wra\u017ce\u0144 z gry.<\/p>\n<p>W oprogramowaniu mobilnym oferujemy naszym klientom ca\u0142\u0105 kolekcj\u0119 gier oraz wszystkie te same dost\u0119pne procesy, takie jak rejestracja, logowanie, p\u0142atno\u015bci i proces weryfikacji. Je\u015bli napotkasz jakiekolwiek problemy z SpinAnia Casino, mo\u017cesz skontaktowa\u0107 si\u0119 z nami za po\u015brednictwem czatu na \u017cywo wbudowanego w aplikacj\u0119.<\/p>\n<p><div class=\"scrollable-content-wrap my-5\"><div class=\"scrollable-content-inner\"><h2>Aplikacja SpinAnia dla systemu Android<\/h2>\n<p>U\u017cytkownicy systemu Android z pewno\u015bci\u0105 uciesz\u0105 si\u0119, \u017ce mog\u0105 korzysta\u0107 z naszej platformy na dowolnym urz\u0105dzeniu. Zapraszamy do wypr\u00f3bowania naszego kasyna online w przegl\u0105darce mobilnej, takiej jak Google Chrome. Zosta\u0142a ona opracowana tak, aby automatycznie dostosowywa\u0107 si\u0119 do rozdzielczo\u015bci ekran\u00f3w urz\u0105dze\u0144 mobilnych.<\/p>\n<p>Inn\u0105 opcj\u0105 dla graczy korzystaj\u0105cych z systemu Android jest aplikacja SpinAnia. Mo\u017cna j\u0105 zainstalowa\u0107 z naszej strony internetowej. Nie b\u0119dziemy prosi\u0107 Ci\u0119 o pobranie \u017cadnych nieznanych plik\u00f3w SpinAnia APK, poniewa\u017c nasze rozwi\u0105zanie jest progresywn\u0105 aplikacj\u0105 internetow\u0105. Nie zajmuje ona du\u017co miejsca w pami\u0119ci urz\u0105dzenia, tylko tyle, ile potrzeba do przechowywania danych w pami\u0119ci podr\u0119cznej.<\/p>\n<p>Je\u015bli zdecydujesz si\u0119 wypr\u00f3bowa\u0107 aplikacj\u0119 Spin Ania na Androida, post\u0119puj zgodnie z poni\u017cszymi instrukcjami. Ca\u0142y proces zajmie kilka minut, ale otworzy przed Tob\u0105 wiele nowych mo\u017cliwo\u015bci.<\/p>\n<table>\n<tbody>\n<tr>\n<td>Krok<\/td>\n<td>Szczeg\u00f3\u0142y<\/td>\n<\/tr>\n<tr>\n<td>Przejd\u017a do naszej strony internetowej<\/td>\n<td>Odwied\u017a stron\u0119 SpinAnia w swojej ulubionej przegl\u0105darce mobilnej.<\/td>\n<\/tr>\n<tr>\n<td>Kliknij \u201eAplikacja kasyna\u201d<\/td>\n<td>Przycisk \u201eAplikacja kasyna\u201d znajduje si\u0119 w stopce strony g\u0142\u00f3wnej.<\/td>\n<\/tr>\n<tr>\n<td>Kliknij \u201eZainstaluj\u201d.<\/td>\n<td>Na nowej stronie, na \u015brodku ekranu, pojawi si\u0119 przycisk \u201eZainstaluj\u201d.<\/td>\n<\/tr>\n<tr>\n<td>Zako\u0144cz instalacj\u0119<\/td>\n<td>Po zako\u0144czeniu procesu ikona kasyna online pojawi si\u0119 na ekranie g\u0142\u00f3wnym urz\u0105dzenia.<\/td>\n<\/tr>\n<\/tbody>\n<\/table>\n<p><img loading=\"lazy\" decoding=\"async\" src=\"https:\/\/spinania.org\/wp-content\/uploads\/2026\/01\/Spinania-Android-App.webp\" alt=\"Spinania Android App\" width=\"1248\" height=\"536\" \/><\/p>\n<\/div><\/div><div style=\"clear: both\"><\/div><div class=\"d-flex justify-content-center\"><button data-item=\"decouvrez_link\" data-group=\"website_links\" class=\"goto fw-bold rounded-pill btn btn-orange\" aria-label=\"Pobierz aplikacj\u0119 Spinania\" >Pobierz aplikacj\u0119 Spinania<\/button><\/div><div class=\"scrollable-content-wrap my-5\"><div class=\"scrollable-content-inner\"><h2>Aplikacja mobilna na iOS<\/h2>\n<p>Je\u015bli masz smartfon lub tablet z systemem iOS, masz wiele mo\u017cliwo\u015bci gry w SpinAnia Casino. Oferujemy wersj\u0119 przegl\u0105darkow\u0105, kt\u00f3ra umo\u017cliwia zainstalowanie ikony skr\u00f3tu. Dodatkowo, aplikacja SpinAnia jest dost\u0119pna dla urz\u0105dze\u0144 z systemem iOS. Poniewa\u017c App Store ma ograniczenia dotycz\u0105ce gier hazardowych, nie mo\u017cna jej pobra\u0107 z tego sklepu, ale jest ona dost\u0119pna do instalacji na naszej stronie internetowej.<\/p>\n<p>Ikona skr\u00f3tu umo\u017cliwia dost\u0119p do platformy za pomoc\u0105 jednego klikni\u0119cia na ekranie g\u0142\u00f3wnym. Mobilna wersja przegl\u0105darki Spin Ania Casino oferuje ponad 6.000 gier, w tym automaty, gry sto\u0142owe, gry kasynowe na \u017cywo i gry typu crash. Post\u0119puj zgodnie z naszym przewodnikiem krok po kroku, aby zainstalowa\u0107 ikon\u0119 skr\u00f3tu na ekranie g\u0142\u00f3wnym.<\/p>\n<table>\n<tbody>\n<tr>\n<td>Krok<\/td>\n<td>Szczeg\u00f3\u0142y<\/td>\n<\/tr>\n<tr>\n<td>Otw\u00f3rz stron\u0119 internetow\u0105<\/td>\n<td>W dowolnej przegl\u0105darce przejd\u017a do strony SpinAnia Casino.<\/td>\n<\/tr>\n<tr>\n<td>Kliknij \u201eUdost\u0119pnij\u201d lub \u201eWi\u0119cej\u201d.<\/td>\n<td>W zale\u017cno\u015bci od przegl\u0105darki przycisk b\u0119dzie mia\u0142 inn\u0105 nazw\u0119. Znajduje si\u0119 on w pasku adresu.<\/td>\n<\/tr>\n<tr>\n<td>Wybierz \u201eDodaj do ekranu g\u0142\u00f3wnego\u201d.<\/td>\n<td>Na li\u015bcie znajd\u017a potrzebn\u0105 opcj\u0119.<\/td>\n<\/tr>\n<tr>\n<td>Spersonalizuj ikon\u0119<\/td>\n<td>W razie potrzeby mo\u017cna zaktualizowa\u0107 nazw\u0119 i wygl\u0105d ikony.<\/td>\n<\/tr>\n<tr>\n<td>Kliknij \u201eDodaj\u201d<\/td>\n<td>Ten krok potwierdza poprzednie dzia\u0142ania i tworzy ikon\u0119 skr\u00f3tu.<\/td>\n<\/tr>\n<\/tbody>\n<\/table>\n<p><img loading=\"lazy\" decoding=\"async\" src=\"https:\/\/spinania.org\/wp-content\/uploads\/2026\/01\/Spinania-iOS-App.webp\" alt=\"Spinania iOS App\" width=\"1248\" height=\"536\" \/><\/p>\n<\/div><\/div><div style=\"clear: both\"><\/div><div class=\"d-flex justify-content-center\"><button data-item=\"decouvrez_link\" data-group=\"website_links\" class=\"goto fw-bold rounded-pill btn btn-orange\" aria-label=\"Pobierz Spinanina\" >Pobierz Spinanina<\/button><\/div><div class=\"scrollable-content-wrap my-5\"><div class=\"scrollable-content-inner\"><h2>Aplikacja SpinAnia Casino na komputery z systemem Windows\/macOS<\/h2>\n<p>Nie ograniczamy Ci\u0119 do korzystania z konkretnego urz\u0105dzenia. Czasami gra na komputerze stacjonarnym lub laptopie z du\u017cym ekranem pozwala bardziej zanurzy\u0107 si\u0119 w atmosferze prawdziwego kasyna. Nie ma problemu, je\u015bli zaczniesz swoj\u0105 przygod\u0119 na smartfonie, a nast\u0119pnie przejdziesz na komputer stacjonarny. Wszystkie Twoje dane i preferencje w SpinAnia Casino zostan\u0105 zsynchronizowane.<\/p>\n<p>Dzi\u0119ki stabilnemu po\u0142\u0105czeniu internetowemu b\u0119dziesz cieszy\u0107 si\u0119 p\u0142ynn\u0105 rozgrywk\u0105 i szybkim \u0142adowaniem wszystkich niezb\u0119dnych funkcji. SpinAnia Casino oferuje dwie g\u0142\u00f3wne opcje korzystania z niego na komputerze stacjonarnym:<\/p>\n<ul>\n<li>Wersja przegl\u0105darki. Aby uzyska\u0107 dost\u0119p do naszej strony internetowej, mo\u017cna u\u017cy\u0107 dowolnej przegl\u0105darki, takiej jak Safari lub Google Chrome. Nie jest wymagane pobieranie ani instalowanie \u017cadnych plik\u00f3w.<\/li>\n<li>Ikona skr\u00f3tu. Ta opcja zapewnia szybszy dost\u0119p do Spin Ania bez konieczno\u015bci otwierania przegl\u0105darki i wyszukiwania strony internetowej. Ikona skr\u00f3tu nie zajmuje miejsca w pami\u0119ci urz\u0105dzenia.<\/li>\n<\/ul>\n<p><img loading=\"lazy\" decoding=\"async\" src=\"https:\/\/spinania.org\/wp-content\/uploads\/2026\/01\/Spinania-Desktop.webp\" alt=\"Spinania Desktop\" width=\"1248\" height=\"536\" \/><\/p>\n<\/div><\/div><div style=\"clear: both\"><\/div><div class=\"d-flex justify-content-center\"><button data-item=\"decouvrez_link\" data-group=\"website_links\" class=\"goto fw-bold rounded-pill btn btn-orange\" aria-label=\"Pobierz aplikacj\u0119 Spinania\" >Pobierz aplikacj\u0119 Spinania<\/button><\/div><div class=\"scrollable-content-wrap my-5\"><div class=\"scrollable-content-inner\"><h2>Cz\u0119sto zadawane pytania<\/h2>\n<h3>Gdzie mog\u0119 uzyska\u0107 pomoc techniczn\u0105 w aplikacji SpinAnia Casino?<\/h3>\n<p>Nasze oprogramowanie mobilne dla system\u00f3w Android i iOS zawiera wbudowan\u0105 funkcj\u0119 czatu na \u017cywo, umo\u017cliwiaj\u0105c\u0105 kontakt z zespo\u0142em pomocy technicznej, dost\u0119pnym przez ca\u0142\u0105 dob\u0119. Mo\u017cna r\u00f3wnie\u017c wys\u0142a\u0107 do nas wiadomo\u015b\u0107 e-mail, aby uzyska\u0107 bardziej szczeg\u00f3\u0142owe informacje.<\/p>\n<h3>Czy potrzebuj\u0119 konta, aby korzysta\u0107 z aplikacji Spin Ania?<\/h3>\n<p>Aby uzyska\u0107 dost\u0119p do wszystkich funkcji i gier, nale\u017cy utworzy\u0107 konto w aplikacji SpinAnia. Niekt\u00f3re tytu\u0142y s\u0105 dost\u0119pne w trybie demo, w kt\u00f3rym gra si\u0119 wirtualnymi monetami. W takim przypadku nie mo\u017cna wyp\u0142aci\u0107 wygranych.<\/p>\n<h3>Czy wszystkie gry s\u0105 dost\u0119pne w aplikacji?<\/h3>\n<p>Nasi zaufani dostawcy oprogramowania tworz\u0105 gry, kt\u00f3re s\u0105 kompatybilne z ka\u017cdym nowoczesnym urz\u0105dzeniem mobilnym. Dzi\u0119ki temu masz dost\u0119p do ponad 6.000 tytu\u0142\u00f3w na swoim smartfonie, w tym automaty online, gry sto\u0142owe, opcje z krupierem na \u017cywo i gry typu crash.<\/p>\n<h3>Jak mog\u0119 zaktualizowa\u0107 aplikacj\u0119 SpinAnia Casino?<\/h3>\n<p>Wersja mobilna Spin Ania Casino, dost\u0119pna do instalacji na naszej stronie internetowej, jest progresywn\u0105 aplikacj\u0105 internetow\u0105. B\u0119dzie ona aktualizowana automatycznie, bez konieczno\u015bci wykonywania dodatkowych czynno\u015bci ze strony u\u017cytkownika.<\/p>\n<\/div><\/div><\/p>\n","protected":false},"excerpt":{"rendered":"<p>Aplikacja SpinAnia SpinAnia App umo\u017cliwia wszystkim naszym polskim u\u017cytkownikom granie w ulubione gry na smartfonach lub tabletach. Jest to wygodna opcja dla ka\u017cdego, kto chce pozosta\u0107 online, niezale\u017cnie od lokalizacji i urz\u0105dzenia. Oferujemy dedykowan\u0105 aplikacj\u0119 oraz wersj\u0119 przegl\u0105darkow\u0105. Jest ona dost\u0119pna na wszystkich urz\u0105dzeniach z systemem Android i iOS. Je\u015bli zalogujesz si\u0119 na swoje konto [&hellip;]<\/p>\n","protected":false},"author":1,"featured_media":0,"parent":0,"menu_order":0,"comment_status":"closed","ping_status":"closed","template":"template-builder.php","meta":{"_acf_changed":false,"inline_featured_image":false,"footnotes":""},"class_list":["post-1447","page","type-page","status-publish","hentry"],"acf":[],"yoast_head":"<!-- This site is optimized with the Yoast SEO plugin v27.3 - https:\/\/yoast.com\/product\/yoast-seo-wordpress\/ -->\n<title>SpinAnia App \u2013 Pobierz na iOS i Android<\/title>\n<meta name=\"description\" content=\"SpinAnia App \u2013 zainstaluj na iOS i Android, aby uzyska\u0107 pe\u0142ny dost\u0119p do kasyna w dowolnym miejscu. Ciesz si\u0119 p\u0142ynn\u0105 gr\u0105, szybk\u0105 synchronizacj\u0105 i pomoc\u0105 na \u017cywo \u2013 wszystko w Spin Ania.\" \/>\n<meta name=\"robots\" content=\"index, follow, max-snippet:-1, max-image-preview:large, max-video-preview:-1\" \/>\n<link rel=\"canonical\" href=\"https:\/\/spinania.org\/pl\/aplikacja\/\" \/>\n<meta property=\"og:locale\" content=\"pl_PL\" \/>\n<meta property=\"og:type\" content=\"article\" \/>\n<meta property=\"og:title\" content=\"SpinAnia App \u2013 Pobierz na iOS i Android\" \/>\n<meta property=\"og:description\" content=\"SpinAnia App \u2013 zainstaluj na iOS i Android, aby uzyska\u0107 pe\u0142ny dost\u0119p do kasyna w dowolnym miejscu. Ciesz si\u0119 p\u0142ynn\u0105 gr\u0105, szybk\u0105 synchronizacj\u0105 i pomoc\u0105 na \u017cywo \u2013 wszystko w Spin Ania.\" \/>\n<meta property=\"og:url\" content=\"https:\/\/spinania.org\/pl\/aplikacja\/\" \/>\n<meta property=\"og:site_name\" content=\"spinania\" \/>\n<meta property=\"article:modified_time\" content=\"2026-01-16T07:41:33+00:00\" \/>\n<meta name=\"twitter:card\" content=\"summary_large_image\" \/>\n<meta name=\"twitter:label1\" content=\"Est. reading time\" \/>\n\t<meta name=\"twitter:data1\" content=\"1 minuta\" \/>\n<script type=\"application\/ld+json\" class=\"yoast-schema-graph\">{\"@context\":\"https:\\\/\\\/schema.org\",\"@graph\":[{\"@type\":\"WebPage\",\"@id\":\"https:\\\/\\\/spinania.org\\\/pl\\\/aplikacja\\\/\",\"url\":\"https:\\\/\\\/spinania.org\\\/pl\\\/aplikacja\\\/\",\"name\":\"SpinAnia App \u2013 Pobierz na iOS i Android\",\"isPartOf\":{\"@id\":\"https:\\\/\\\/spinania.org\\\/pl\\\/#website\"},\"datePublished\":\"2026-01-15T10:27:56+00:00\",\"dateModified\":\"2026-01-16T07:41:33+00:00\",\"description\":\"SpinAnia App \u2013 zainstaluj na iOS i Android, aby uzyska\u0107 pe\u0142ny dost\u0119p do kasyna w dowolnym miejscu. Ciesz si\u0119 p\u0142ynn\u0105 gr\u0105, szybk\u0105 synchronizacj\u0105 i pomoc\u0105 na \u017cywo \u2013 wszystko w Spin Ania.\",\"breadcrumb\":{\"@id\":\"https:\\\/\\\/spinania.org\\\/pl\\\/aplikacja\\\/#breadcrumb\"},\"inLanguage\":\"pl-PL\",\"potentialAction\":[{\"@type\":\"ReadAction\",\"target\":[\"https:\\\/\\\/spinania.org\\\/pl\\\/aplikacja\\\/\"]}]},{\"@type\":\"BreadcrumbList\",\"@id\":\"https:\\\/\\\/spinania.org\\\/pl\\\/aplikacja\\\/#breadcrumb\",\"itemListElement\":[{\"@type\":\"ListItem\",\"position\":1,\"name\":\"Spinania\",\"item\":\"https:\\\/\\\/spinania.org\\\/pl\\\/\"},{\"@type\":\"ListItem\",\"position\":2,\"name\":\"Aplikacja\"}]},{\"@type\":\"WebSite\",\"@id\":\"https:\\\/\\\/spinania.org\\\/pl\\\/#website\",\"url\":\"https:\\\/\\\/spinania.org\\\/pl\\\/\",\"name\":\"Spinania\",\"description\":\"\",\"publisher\":{\"@id\":\"https:\\\/\\\/spinania.org\\\/pl\\\/#organization\"},\"potentialAction\":[{\"@type\":\"SearchAction\",\"target\":{\"@type\":\"EntryPoint\",\"urlTemplate\":\"https:\\\/\\\/spinania.org\\\/pl\\\/?s={search_term_string}\"},\"query-input\":{\"@type\":\"PropertyValueSpecification\",\"valueRequired\":true,\"valueName\":\"search_term_string\"}}],\"inLanguage\":\"pl-PL\"},{\"@type\":\"Organization\",\"@id\":\"https:\\\/\\\/spinania.org\\\/pl\\\/#organization\",\"name\":\"Spinania\",\"url\":\"https:\\\/\\\/spinania.org\\\/pl\\\/\",\"logo\":{\"@type\":\"ImageObject\",\"inLanguage\":\"pl-PL\",\"@id\":\"https:\\\/\\\/spinania.org\\\/pl\\\/#\\\/schema\\\/logo\\\/image\\\/\",\"url\":\"https:\\\/\\\/spinania.org\\\/wp-content\\\/uploads\\\/2026\\\/01\\\/Casino-logo-Desktop.png\",\"contentUrl\":\"https:\\\/\\\/spinania.org\\\/wp-content\\\/uploads\\\/2026\\\/01\\\/Casino-logo-Desktop.png\",\"width\":88,\"height\":26,\"caption\":\"Spinania\"},\"image\":{\"@id\":\"https:\\\/\\\/spinania.org\\\/pl\\\/#\\\/schema\\\/logo\\\/image\\\/\"}}]}<\/script>\n<!-- \/ Yoast SEO plugin. -->","yoast_head_json":{"title":"SpinAnia App \u2013 Pobierz na iOS i Android","description":"SpinAnia App \u2013 zainstaluj na iOS i Android, aby uzyska\u0107 pe\u0142ny dost\u0119p do kasyna w dowolnym miejscu. Ciesz si\u0119 p\u0142ynn\u0105 gr\u0105, szybk\u0105 synchronizacj\u0105 i pomoc\u0105 na \u017cywo \u2013 wszystko w Spin Ania.","robots":{"index":"index","follow":"follow","max-snippet":"max-snippet:-1","max-image-preview":"max-image-preview:large","max-video-preview":"max-video-preview:-1"},"canonical":"https:\/\/spinania.org\/pl\/aplikacja\/","og_locale":"pl_PL","og_type":"article","og_title":"SpinAnia App \u2013 Pobierz na iOS i Android","og_description":"SpinAnia App \u2013 zainstaluj na iOS i Android, aby uzyska\u0107 pe\u0142ny dost\u0119p do kasyna w dowolnym miejscu. Ciesz si\u0119 p\u0142ynn\u0105 gr\u0105, szybk\u0105 synchronizacj\u0105 i pomoc\u0105 na \u017cywo \u2013 wszystko w Spin Ania.","og_url":"https:\/\/spinania.org\/pl\/aplikacja\/","og_site_name":"spinania","article_modified_time":"2026-01-16T07:41:33+00:00","twitter_card":"summary_large_image","twitter_misc":{"Est. reading time":"1 minuta"},"schema":{"@context":"https:\/\/schema.org","@graph":[{"@type":"WebPage","@id":"https:\/\/spinania.org\/pl\/aplikacja\/","url":"https:\/\/spinania.org\/pl\/aplikacja\/","name":"SpinAnia App \u2013 Pobierz na iOS i Android","isPartOf":{"@id":"https:\/\/spinania.org\/pl\/#website"},"datePublished":"2026-01-15T10:27:56+00:00","dateModified":"2026-01-16T07:41:33+00:00","description":"SpinAnia App \u2013 zainstaluj na iOS i Android, aby uzyska\u0107 pe\u0142ny dost\u0119p do kasyna w dowolnym miejscu. Ciesz si\u0119 p\u0142ynn\u0105 gr\u0105, szybk\u0105 synchronizacj\u0105 i pomoc\u0105 na \u017cywo \u2013 wszystko w Spin Ania.","breadcrumb":{"@id":"https:\/\/spinania.org\/pl\/aplikacja\/#breadcrumb"},"inLanguage":"pl-PL","potentialAction":[{"@type":"ReadAction","target":["https:\/\/spinania.org\/pl\/aplikacja\/"]}]},{"@type":"BreadcrumbList","@id":"https:\/\/spinania.org\/pl\/aplikacja\/#breadcrumb","itemListElement":[{"@type":"ListItem","position":1,"name":"Spinania","item":"https:\/\/spinania.org\/pl\/"},{"@type":"ListItem","position":2,"name":"Aplikacja"}]},{"@type":"WebSite","@id":"https:\/\/spinania.org\/pl\/#website","url":"https:\/\/spinania.org\/pl\/","name":"Spinania","description":"","publisher":{"@id":"https:\/\/spinania.org\/pl\/#organization"},"potentialAction":[{"@type":"SearchAction","target":{"@type":"EntryPoint","urlTemplate":"https:\/\/spinania.org\/pl\/?s={search_term_string}"},"query-input":{"@type":"PropertyValueSpecification","valueRequired":true,"valueName":"search_term_string"}}],"inLanguage":"pl-PL"},{"@type":"Organization","@id":"https:\/\/spinania.org\/pl\/#organization","name":"Spinania","url":"https:\/\/spinania.org\/pl\/","logo":{"@type":"ImageObject","inLanguage":"pl-PL","@id":"https:\/\/spinania.org\/pl\/#\/schema\/logo\/image\/","url":"https:\/\/spinania.org\/wp-content\/uploads\/2026\/01\/Casino-logo-Desktop.png","contentUrl":"https:\/\/spinania.org\/wp-content\/uploads\/2026\/01\/Casino-logo-Desktop.png","width":88,"height":26,"caption":"Spinania"},"image":{"@id":"https:\/\/spinania.org\/pl\/#\/schema\/logo\/image\/"}}]}},"_links":{"self":[{"href":"https:\/\/spinania.org\/pl\/wp-json\/wp\/v2\/pages\/1447","targetHints":{"allow":["GET"]}}],"collection":[{"href":"https:\/\/spinania.org\/pl\/wp-json\/wp\/v2\/pages"}],"about":[{"href":"https:\/\/spinania.org\/pl\/wp-json\/wp\/v2\/types\/page"}],"author":[{"embeddable":true,"href":"https:\/\/spinania.org\/pl\/wp-json\/wp\/v2\/users\/1"}],"replies":[{"embeddable":true,"href":"https:\/\/spinania.org\/pl\/wp-json\/wp\/v2\/comments?post=1447"}],"version-history":[{"count":2,"href":"https:\/\/spinania.org\/pl\/wp-json\/wp\/v2\/pages\/1447\/revisions"}],"predecessor-version":[{"id":1815,"href":"https:\/\/spinania.org\/pl\/wp-json\/wp\/v2\/pages\/1447\/revisions\/1815"}],"wp:attachment":[{"href":"https:\/\/spinania.org\/pl\/wp-json\/wp\/v2\/media?parent=1447"}],"curies":[{"name":"wp","href":"https:\/\/api.w.org\/{rel}","templated":true}]}}