{"id":1481,"date":"2026-01-15T10:29:48","date_gmt":"2026-01-15T10:29:48","guid":{"rendered":"https:\/\/spinania.org\/login-and-registration\/"},"modified":"2026-01-15T13:25:29","modified_gmt":"2026-01-15T13:25:29","slug":"inloggen-en-registreren","status":"publish","type":"page","link":"https:\/\/spinania.org\/nl\/inloggen-en-registreren\/","title":{"rendered":"Inloggen en registreren"},"content":{"rendered":"<h1>SpinAnia inloggen en registreren<\/h1>\n<p>De enige stap om voor echt geld te gaan spelen, is het voltooien van het SpinAnia login proces. De meeste van onze Nederlandse gebruikers hebben daar niet langer dan 3 minuten voor nodig. Voor de registratie zijn uw e-mailadres en wachtwoord vereist. We raden al onze klanten aan een sterk wachtwoord aan te maken om de veiligheid te vergroten. Nadat u bent ingelogd, kunt u uw ervaring personaliseren door uw accountinstellingen in te schakelen.<\/p>\n<p><div class=\"banner-wrap\" aria-label=\"Banner\"><img src=\"https:\/\/spinania.org\/wp-content\/uploads\/2026\/01\/Spinania-Banner-Desktop.webp\" class=\"w-100 d-none d-lg-block img-pc main-banner-img\" alt=\"Spinania Banner Desktop\" fetchpriority=\"high\" decoding=\"async\"><img src=\"https:\/\/spinania.org\/wp-content\/uploads\/2026\/01\/Spinania-mobile-banner.webp\" class=\"w-100 d-none d-md-block d-lg-none main-banner-img\" alt=\"Spinania mobile banner\" fetchpriority=\"high\" decoding=\"async\"><img src=\"https:\/\/spinania.org\/wp-content\/uploads\/2026\/01\/Spinania-mobile-banner.webp\" class=\"w-100 d-md-none\" alt=\"Spinania mobile banner\" fetchpriority=\"high\" decoding=\"async\"><div class=\"banner-description\">\n<div class=\"banner-title\">Welkomstbonussen<\/div>\n<p class=\"banner-header-title\">1500 \u20ac<\/p>\n<div class=\"banner-header-AdditionalText\">+ 250 Gratis Spins<\/div>\n<button data-item=\"homepage_banner_link\" class=\"goto m-button m-gradient-border m-button--primary m-button--large banner-button btn-orange\">\n            <div class=\"m-button-content\">\n                <span>Meld je nu aan<\/span>\n                <span><\/span>\n            <\/div>\n        <\/button>\n<\/div>\n<div class=\"WelcomePack\">\n<p><img loading=\"lazy\" decoding=\"async\" class=\"alignnone size-full wp-image-1331\" src=\"https:\/\/spinania.org\/wp-content\/uploads\/2026\/01\/welcome-crown.svg\" alt=\"welcome crown\" width=\"25\" height=\"26\" \/><\/p>\n<div class=\"WelcomePack-Info\">Wekelijkse cashback tot 25%<\/div>\n<p><img loading=\"lazy\" decoding=\"async\" class=\"alignnone size-full wp-image-1331\" src=\"https:\/\/spinania.org\/wp-content\/uploads\/2026\/01\/welcome-crown.svg\" alt=\"welcome crown\" width=\"25\" height=\"26\" \/><\/p>\n<\/div>\n<\/div><div class=\"scrollable-content-wrap my-5\"><div class=\"scrollable-content-inner\"><h2>SpinAnia Casino registratieproces<\/h2>\n<p>Spin Ania Casino is een modern gokplatform dat toegang biedt tot meer dan 6.000 titels van toonaangevende softwareleveranciers. Zonder account kunt u een aantal daarvan in demomodus uitproberen, wat betekent dat u de winsten niet kunt laten uitbetalen. De SpinAnia-login kan hier verandering in brengen.<\/p>\n<p>Voor alle geregistreerde gebruikers bieden we spelen met echt geld, enorme bonussen en toernooien, snelle en veilige betalingen en 24\/7 beschikbare klantenondersteuning. SpinAnia login is beschikbaar voor iedereen van 18 jaar of ouder. Een andere regel is dat elke persoon slechts \u00e9\u00e9n account op de website kan hebben. Als u problemen ondervindt met registreren of inloggen, kunt u contact opnemen met ons meertalige ondersteuningsteam.<\/p>\n<h3>Maak uw account aan<\/h3>\n<p>Voor iedereen die net begint met SpinAnia, raden we aan een account aan te maken. Hiermee krijgt u toegang tot alle functies op de website. Het proces is eenvoudig en kost niet veel tijd. Volg de onderstaande instructies om een account aan te maken bij SpinAnia Casino:<\/p>\n<ol>\n<li>Klik op &#8216;Aanmelden&#8217; op de hoofdpagina.<\/li>\n<li>Gebruikers moeten hun e-mailadres invoeren en een sterk wachtwoord aanmaken.<\/li>\n<li>Accepteer de algemene voorwaarden van de website.<\/li>\n<li>Bevestig dat je 18 jaar of ouder bent.<\/li>\n<li>Klik op &#8216;Aanmelden&#8217; aan het einde van het registratieformulier om alle ingevoerde gegevens te bevestigen.<\/li>\n<\/ol>\n<h2>SpinAnia Inloggen en accountbeheer<\/h2>\n<p>Een SpinAnia-login is vereist als u al een account op het platform hebt. Als u uw profiel vanaf verschillende apparaten opent, worden al uw prestaties, instellingen en andere functies gesynchroniseerd. Voor het Spin Ania-loginproces hebt u het e-mailadres en wachtwoord nodig dat u tijdens de registratie hebt aangemaakt. In de onderstaande tabel staan de belangrijkste functies die beschikbaar zijn voor alle ingelogde gebruikers.<\/p>\n<table>\n<tbody>\n<tr>\n<td>Functie<\/td>\n<td>Details<\/td>\n<\/tr>\n<tr>\n<td>Beheer van persoonlijke gegevens<\/td>\n<td>Gebruikers kunnen hun naam, contactgegevens, wachtwoord en accountinstellingen wijzigen.<\/td>\n<\/tr>\n<tr>\n<td>Spelgeschiedenis<\/td>\n<td>Je hebt de mogelijkheid om je activiteiten, winsten, verliezen en voltooide spelsessies te controleren en analyseren.<\/td>\n<\/tr>\n<tr>\n<td>Beheer van VIP-status<\/td>\n<td>Er is volledige informatie beschikbaar over het loyaliteitsniveau, het cashbackpercentage en de VIP-beloningen.<\/td>\n<\/tr>\n<tr>\n<td>Verantwoordelijke spelgrenzen<\/td>\n<td>Om verantwoord te spelen, kunnen alle gebruikers financi\u00eble en tijdslimieten instellen en gebruikmaken van de zelfuitsluitingstool.<\/td>\n<\/tr>\n<tr>\n<td>Meldingen beheren<\/td>\n<td>Spelers kunnen e-mail-, sms- en pushmeldingen instellen voor nieuws en updates.<\/td>\n<\/tr>\n<\/tbody>\n<\/table>\n<h3>Wachtwoord vergeten?<\/h3>\n<p>Bij SpinAnia Casino is er een oplossing voor elke situatie, ook als u uw wachtwoord bent vergeten. We hebben een speciale procedure die u in dit geval kan helpen. In het SpinAnia-inlogformulier moet u de link &#8216;Wachtwoord vergeten?&#8217; volgen. Voer gewoon het e-mailadres in dat u bij uw registratie hebt gebruikt en wij sturen u de link om uw wachtwoord opnieuw in te stellen. Gebruik de volgende keer het nieuwe wachtwoord dat u hebt aangemaakt om toegang te krijgen tot uw account.<\/p>\n<h2>Verificatieproces bij Spin Ania Casino<\/h2>\n<p>Het verificatieproces is een essenti\u00eble stap om ons platform te beschermen en fraude te voorkomen. Alle gebruikers moeten dit proces voltooien voordat ze hun eerste uitbetaling kunnen doen. We moeten uw identiteit, leeftijd, woonadres en eigendom van uw betaalrekening bij SpinAnia Casino verifi\u00ebren. Hiervoor vragen we u om enkele persoonlijke documenten te uploaden, bijvoorbeeld een kopie van uw paspoort, identiteitskaart of rijbewijs, bankafschrift en een screenshot van uw betaalrekening met uw volledige naam.<\/p>\n<p>Onze managers zullen alle ge\u00fcploade materialen binnen 48 uur controleren. U ontvangt een e-mail en een melding in uw account over de resultaten. Als alles in orde is, zult u geen betalingsvertragingen ondervinden.<\/p>\n<h2>Veelgestelde vragen<\/h2>\n<h3>Welke stappen moeten worden genomen voor accountverificatie?<\/h3>\n<p>Om uw identiteit te verifi\u00ebren, moet u uw persoonlijke gegevens uploaden. Onze managers zullen deze binnen 48 uur beoordelen en reageren. U hoeft verder geen verdere stappen te ondernemen.<\/p>\n<h3>Hoe kan ik mijn account sluiten of tijdelijk opschorten?<\/h3>\n<p>Als u besluit uw account tijdelijk te sluiten of te vergrendelen, neem dan contact op met ons supportteam voor hulp. Zij zullen dit binnen enkele minuten regelen en uitleggen hoe u een Spin Ania-account opnieuw kunt openen.<\/p>\n<h3>Mijn account is geblokkeerd. Wat moet ik doen?<\/h3>\n<p>Als we gebruikersaccounts blokkeren, sturen we altijd een e-mail met aanvullende informatie over uw geval. Als u niets hebt ontvangen, neem dan contact met ons op via live chat of e-mail.<\/p>\n<h3>Kan ik mijn wachtwoord of e-mailadres beheren?<\/h3>\n<p>In uw accountinstellingen kunt u uw persoonlijke gegevens en betalingsgegevens op elk moment wijzigen. Als u uw wachtwoord moet bijwerken, sturen we u een bevestigingsmail. Volg de link in de e-mail om het proces te voltooien.<\/p>\n<\/div><\/div><\/p>\n","protected":false},"excerpt":{"rendered":"<p>SpinAnia inloggen en registreren De enige stap om voor echt geld te gaan spelen, is het voltooien van het SpinAnia login proces. De meeste van onze Nederlandse gebruikers hebben daar niet langer dan 3 minuten voor nodig. Voor de registratie zijn uw e-mailadres en wachtwoord vereist. We raden al onze klanten aan een sterk wachtwoord [&hellip;]<\/p>\n","protected":false},"author":1,"featured_media":0,"parent":0,"menu_order":0,"comment_status":"closed","ping_status":"closed","template":"template-builder.php","meta":{"_acf_changed":false,"inline_featured_image":false,"footnotes":""},"class_list":["post-1481","page","type-page","status-publish","hentry"],"acf":[],"yoast_head":"<!-- This site is optimized with the Yoast SEO plugin v27.3 - https:\/\/yoast.com\/product\/yoast-seo-wordpress\/ -->\n<title>SpinAnia Casino - Login &amp; Inscription<\/title>\n<meta name=\"description\" content=\"SpinAnia Casino \u2013 connectez-vous en toute s\u00e9curit\u00e9 ou cr\u00e9ez un compte en quelques secondes. G\u00e9rez votre profil, votre v\u00e9rification et vos pr\u00e9f\u00e9rences de bonus sur Spin Ania.\" \/>\n<meta name=\"robots\" content=\"index, follow, max-snippet:-1, max-image-preview:large, max-video-preview:-1\" \/>\n<link rel=\"canonical\" href=\"https:\/\/spinania.org\/nl\/inloggen-en-registreren\/\" \/>\n<meta property=\"og:locale\" content=\"nl_NL\" \/>\n<meta property=\"og:type\" content=\"article\" \/>\n<meta property=\"og:title\" content=\"SpinAnia Casino - Login &amp; Inscription\" \/>\n<meta property=\"og:description\" content=\"SpinAnia Casino \u2013 connectez-vous en toute s\u00e9curit\u00e9 ou cr\u00e9ez un compte en quelques secondes. G\u00e9rez votre profil, votre v\u00e9rification et vos pr\u00e9f\u00e9rences de bonus sur Spin Ania.\" \/>\n<meta property=\"og:url\" content=\"https:\/\/spinania.org\/nl\/inloggen-en-registreren\/\" \/>\n<meta property=\"og:site_name\" content=\"spinania\" \/>\n<meta property=\"article:modified_time\" content=\"2026-01-15T13:25:29+00:00\" \/>\n<meta name=\"twitter:card\" content=\"summary_large_image\" \/>\n<meta name=\"twitter:label1\" content=\"Est. reading time\" \/>\n\t<meta name=\"twitter:data1\" content=\"1 minuut\" \/>\n<script type=\"application\/ld+json\" class=\"yoast-schema-graph\">{\"@context\":\"https:\\\/\\\/schema.org\",\"@graph\":[{\"@type\":\"WebPage\",\"@id\":\"https:\\\/\\\/spinania.org\\\/nl\\\/inloggen-en-registreren\\\/\",\"url\":\"https:\\\/\\\/spinania.org\\\/nl\\\/inloggen-en-registreren\\\/\",\"name\":\"SpinAnia Casino - Login & Inscription\",\"isPartOf\":{\"@id\":\"https:\\\/\\\/spinania.org\\\/nl\\\/#website\"},\"datePublished\":\"2026-01-15T10:29:48+00:00\",\"dateModified\":\"2026-01-15T13:25:29+00:00\",\"description\":\"SpinAnia Casino \u2013 connectez-vous en toute s\u00e9curit\u00e9 ou cr\u00e9ez un compte en quelques secondes. G\u00e9rez votre profil, votre v\u00e9rification et vos pr\u00e9f\u00e9rences de bonus sur Spin Ania.\",\"breadcrumb\":{\"@id\":\"https:\\\/\\\/spinania.org\\\/nl\\\/inloggen-en-registreren\\\/#breadcrumb\"},\"inLanguage\":\"nl-NL\",\"potentialAction\":[{\"@type\":\"ReadAction\",\"target\":[\"https:\\\/\\\/spinania.org\\\/nl\\\/inloggen-en-registreren\\\/\"]}]},{\"@type\":\"BreadcrumbList\",\"@id\":\"https:\\\/\\\/spinania.org\\\/nl\\\/inloggen-en-registreren\\\/#breadcrumb\",\"itemListElement\":[{\"@type\":\"ListItem\",\"position\":1,\"name\":\"Spinania\",\"item\":\"https:\\\/\\\/spinania.org\\\/nl\\\/\"},{\"@type\":\"ListItem\",\"position\":2,\"name\":\"Inloggen en registreren\"}]},{\"@type\":\"WebSite\",\"@id\":\"https:\\\/\\\/spinania.org\\\/nl\\\/#website\",\"url\":\"https:\\\/\\\/spinania.org\\\/nl\\\/\",\"name\":\"Spinania\",\"description\":\"\",\"publisher\":{\"@id\":\"https:\\\/\\\/spinania.org\\\/nl\\\/#organization\"},\"potentialAction\":[{\"@type\":\"SearchAction\",\"target\":{\"@type\":\"EntryPoint\",\"urlTemplate\":\"https:\\\/\\\/spinania.org\\\/nl\\\/?s={search_term_string}\"},\"query-input\":{\"@type\":\"PropertyValueSpecification\",\"valueRequired\":true,\"valueName\":\"search_term_string\"}}],\"inLanguage\":\"nl-NL\"},{\"@type\":\"Organization\",\"@id\":\"https:\\\/\\\/spinania.org\\\/nl\\\/#organization\",\"name\":\"Spinania\",\"url\":\"https:\\\/\\\/spinania.org\\\/nl\\\/\",\"logo\":{\"@type\":\"ImageObject\",\"inLanguage\":\"nl-NL\",\"@id\":\"https:\\\/\\\/spinania.org\\\/nl\\\/#\\\/schema\\\/logo\\\/image\\\/\",\"url\":\"https:\\\/\\\/spinania.org\\\/wp-content\\\/uploads\\\/2026\\\/01\\\/Casino-logo-Desktop.png\",\"contentUrl\":\"https:\\\/\\\/spinania.org\\\/wp-content\\\/uploads\\\/2026\\\/01\\\/Casino-logo-Desktop.png\",\"width\":88,\"height\":26,\"caption\":\"Spinania\"},\"image\":{\"@id\":\"https:\\\/\\\/spinania.org\\\/nl\\\/#\\\/schema\\\/logo\\\/image\\\/\"}}]}<\/script>\n<!-- \/ Yoast SEO plugin. -->","yoast_head_json":{"title":"SpinAnia Casino - Login & Inscription","description":"SpinAnia Casino \u2013 connectez-vous en toute s\u00e9curit\u00e9 ou cr\u00e9ez un compte en quelques secondes. G\u00e9rez votre profil, votre v\u00e9rification et vos pr\u00e9f\u00e9rences de bonus sur Spin Ania.","robots":{"index":"index","follow":"follow","max-snippet":"max-snippet:-1","max-image-preview":"max-image-preview:large","max-video-preview":"max-video-preview:-1"},"canonical":"https:\/\/spinania.org\/nl\/inloggen-en-registreren\/","og_locale":"nl_NL","og_type":"article","og_title":"SpinAnia Casino - Login & Inscription","og_description":"SpinAnia Casino \u2013 connectez-vous en toute s\u00e9curit\u00e9 ou cr\u00e9ez un compte en quelques secondes. G\u00e9rez votre profil, votre v\u00e9rification et vos pr\u00e9f\u00e9rences de bonus sur Spin Ania.","og_url":"https:\/\/spinania.org\/nl\/inloggen-en-registreren\/","og_site_name":"spinania","article_modified_time":"2026-01-15T13:25:29+00:00","twitter_card":"summary_large_image","twitter_misc":{"Est. reading time":"1 minuut"},"schema":{"@context":"https:\/\/schema.org","@graph":[{"@type":"WebPage","@id":"https:\/\/spinania.org\/nl\/inloggen-en-registreren\/","url":"https:\/\/spinania.org\/nl\/inloggen-en-registreren\/","name":"SpinAnia Casino - Login & Inscription","isPartOf":{"@id":"https:\/\/spinania.org\/nl\/#website"},"datePublished":"2026-01-15T10:29:48+00:00","dateModified":"2026-01-15T13:25:29+00:00","description":"SpinAnia Casino \u2013 connectez-vous en toute s\u00e9curit\u00e9 ou cr\u00e9ez un compte en quelques secondes. G\u00e9rez votre profil, votre v\u00e9rification et vos pr\u00e9f\u00e9rences de bonus sur Spin Ania.","breadcrumb":{"@id":"https:\/\/spinania.org\/nl\/inloggen-en-registreren\/#breadcrumb"},"inLanguage":"nl-NL","potentialAction":[{"@type":"ReadAction","target":["https:\/\/spinania.org\/nl\/inloggen-en-registreren\/"]}]},{"@type":"BreadcrumbList","@id":"https:\/\/spinania.org\/nl\/inloggen-en-registreren\/#breadcrumb","itemListElement":[{"@type":"ListItem","position":1,"name":"Spinania","item":"https:\/\/spinania.org\/nl\/"},{"@type":"ListItem","position":2,"name":"Inloggen en registreren"}]},{"@type":"WebSite","@id":"https:\/\/spinania.org\/nl\/#website","url":"https:\/\/spinania.org\/nl\/","name":"Spinania","description":"","publisher":{"@id":"https:\/\/spinania.org\/nl\/#organization"},"potentialAction":[{"@type":"SearchAction","target":{"@type":"EntryPoint","urlTemplate":"https:\/\/spinania.org\/nl\/?s={search_term_string}"},"query-input":{"@type":"PropertyValueSpecification","valueRequired":true,"valueName":"search_term_string"}}],"inLanguage":"nl-NL"},{"@type":"Organization","@id":"https:\/\/spinania.org\/nl\/#organization","name":"Spinania","url":"https:\/\/spinania.org\/nl\/","logo":{"@type":"ImageObject","inLanguage":"nl-NL","@id":"https:\/\/spinania.org\/nl\/#\/schema\/logo\/image\/","url":"https:\/\/spinania.org\/wp-content\/uploads\/2026\/01\/Casino-logo-Desktop.png","contentUrl":"https:\/\/spinania.org\/wp-content\/uploads\/2026\/01\/Casino-logo-Desktop.png","width":88,"height":26,"caption":"Spinania"},"image":{"@id":"https:\/\/spinania.org\/nl\/#\/schema\/logo\/image\/"}}]}},"_links":{"self":[{"href":"https:\/\/spinania.org\/nl\/wp-json\/wp\/v2\/pages\/1481","targetHints":{"allow":["GET"]}}],"collection":[{"href":"https:\/\/spinania.org\/nl\/wp-json\/wp\/v2\/pages"}],"about":[{"href":"https:\/\/spinania.org\/nl\/wp-json\/wp\/v2\/types\/page"}],"author":[{"embeddable":true,"href":"https:\/\/spinania.org\/nl\/wp-json\/wp\/v2\/users\/1"}],"replies":[{"embeddable":true,"href":"https:\/\/spinania.org\/nl\/wp-json\/wp\/v2\/comments?post=1481"}],"version-history":[{"count":1,"href":"https:\/\/spinania.org\/nl\/wp-json\/wp\/v2\/pages\/1481\/revisions"}],"predecessor-version":[{"id":1558,"href":"https:\/\/spinania.org\/nl\/wp-json\/wp\/v2\/pages\/1481\/revisions\/1558"}],"wp:attachment":[{"href":"https:\/\/spinania.org\/nl\/wp-json\/wp\/v2\/media?parent=1481"}],"curies":[{"name":"wp","href":"https:\/\/api.w.org\/{rel}","templated":true}]}}