{"id":1485,"date":"2026-01-15T10:29:48","date_gmt":"2026-01-15T10:29:48","guid":{"rendered":"https:\/\/spinania.org\/login-and-registration\/"},"modified":"2026-01-16T07:22:35","modified_gmt":"2026-01-16T07:22:35","slug":"accesso-e-registrazione","status":"publish","type":"page","link":"https:\/\/spinania.org\/it\/accesso-e-registrazione\/","title":{"rendered":"Accesso e registrazione"},"content":{"rendered":"<h1>Accesso e registrazione a SpinAnia<\/h1>\n<p>L&#8217;unico passo per iniziare a giocare con soldi veri \u00e8 completare la procedura di SpinAnia login. La maggior parte dei nostri utenti italiani impiega meno di 3 minuti per farlo. La registrazione richiede il tuo indirizzo e-mail e una password. Consigliamo a tutti i nostri clienti di creare una password complessa per migliorare la sicurezza. Dopo aver effettuato il login, puoi personalizzare la tua esperienza attivando le impostazioni del tuo account.<\/p>\n<p><div class=\"banner-wrap\" aria-label=\"Banner\"><img src=\"https:\/\/spinania.org\/wp-content\/uploads\/2026\/01\/Spinania-Banner-Desktop.webp\" class=\"w-100 d-none d-lg-block img-pc main-banner-img\" alt=\"Spinania Banner Desktop\" fetchpriority=\"high\" decoding=\"async\"><img src=\"https:\/\/spinania.org\/wp-content\/uploads\/2026\/01\/Spinania-mobile-banner.webp\" class=\"w-100 d-none d-md-block d-lg-none main-banner-img\" alt=\"Spinania mobile banner\" fetchpriority=\"high\" decoding=\"async\"><img src=\"https:\/\/spinania.org\/wp-content\/uploads\/2026\/01\/Spinania-mobile-banner.webp\" class=\"w-100 d-md-none\" alt=\"Spinania mobile banner\" fetchpriority=\"high\" decoding=\"async\"><div class=\"banner-description\">\n<div class=\"banner-title\">Bonus di benvenuto<\/div>\n<p class=\"banner-header-title\">1500 \u20ac<\/p>\n<div class=\"banner-header-AdditionalText\">+ 250 Giri gratuiti<\/div>\n<button data-item=\"homepage_banner_link\" class=\"goto m-button m-gradient-border m-button--primary m-button--large banner-button btn-orange\">\n            <div class=\"m-button-content\">\n                <span>Iscriviti ora<\/span>\n                <span><\/span>\n            <\/div>\n        <\/button>\n<\/div>\n<div class=\"WelcomePack\">\n<p><img loading=\"lazy\" decoding=\"async\" class=\"alignnone size-full wp-image-1331\" src=\"https:\/\/spinania.org\/wp-content\/uploads\/2026\/01\/welcome-crown.svg\" alt=\"welcome crown\" width=\"25\" height=\"26\" \/><\/p>\n<div class=\"WelcomePack-Info\">Cashback settimanale fino al 25%<\/div>\n<p><img loading=\"lazy\" decoding=\"async\" class=\"alignnone size-full wp-image-1331\" src=\"https:\/\/spinania.org\/wp-content\/uploads\/2026\/01\/welcome-crown.svg\" alt=\"welcome crown\" width=\"25\" height=\"26\" \/><\/p>\n<\/div>\n<\/div><div class=\"scrollable-content-wrap my-5\"><div class=\"scrollable-content-inner\"><h2>Procedura di registrazione al casin\u00f2 SpinAnia<\/h2>\n<p>Spin Ania Casino \u00e8 una moderna piattaforma di gioco d&#8217;azzardo che offre accesso a oltre 6.000 titoli dei principali fornitori di software. Senza un account, \u00e8 possibile provarne alcuni in modalit\u00e0 demo, il che significa che non \u00e8 possibile prelevare le vincite. Il login SpinAnia pu\u00f2 cambiare questa situazione.<\/p>\n<p>A tutti gli utenti registrati offriamo giochi con soldi veri, bonus e tornei eccezionali, pagamenti rapidi e sicuri e assistenza clienti disponibile 24 ore su 24, 7 giorni su 7. SpinAnia login \u00e8 disponibile per chiunque abbia almeno 18 anni. Un&#8217;altra regola \u00e8 che ogni persona pu\u00f2 avere un solo account sul sito web. In caso di problemi con la registrazione o il login, \u00e8 possibile contattare il nostro team di assistenza multilingue.<\/p>\n<h3>Crea il tuo account<\/h3>\n<p>A chiunque stia iniziando il proprio viaggio con SpinAnia, consigliamo di creare un account. Questo ti dar\u00e0 accesso a tutte le funzionalit\u00e0 del sito web. Il processo \u00e8 semplice e non richiede molto tempo. Segui le istruzioni riportate di seguito per creare un account su SpinAnia Casino:<\/p>\n<ol>\n<li>\u00c8 necessario cliccare su \u201cIscriviti\u201d nella pagina principale.<\/li>\n<li>Gli utenti devono inserire il proprio indirizzo e-mail e creare una password complessa.<\/li>\n<li>Accetta i termini e le condizioni del sito web.<\/li>\n<li>Conferma di avere almeno 18 anni.<\/li>\n<li>Clicca su \u201cIscriviti\u201d alla fine del modulo di registrazione per confermare tutte le informazioni inserite.<\/li>\n<\/ol>\n<h2>Accesso e gestione dell&#8217;account SpinAnia<\/h2>\n<p>\u00c8 necessario effettuare il login a SpinAnia se si dispone gi\u00e0 di un account sulla piattaforma. Se si accede al proprio profilo da dispositivi diversi, tutti i risultati, le impostazioni e le altre funzionalit\u00e0 saranno sincronizzati. Il processo di login a Spin Ania richiede l&#8217;indirizzo e-mail e la password creati durante la registrazione. La tabella sottostante mostra le principali funzionalit\u00e0 disponibili per tutti gli utenti che hanno effettuato il login.<\/p>\n<table>\n<tbody>\n<tr>\n<td>Caratteristica<\/td>\n<td>Dettagli<\/td>\n<\/tr>\n<tr>\n<td>Gestione delle informazioni personali<\/td>\n<td>Gli utenti possono modificare il proprio nome, i dettagli di contatto, la password e le impostazioni dell&#8217;account.<\/td>\n<\/tr>\n<tr>\n<td>Cronologia del gioco<\/td>\n<td>Hai la possibilit\u00e0 di controllare e analizzare la tua attivit\u00e0, le vincite, le perdite e le sessioni di gioco completate.<\/td>\n<\/tr>\n<tr>\n<td>Gestione dello status VIP<\/td>\n<td>Sono disponibili informazioni complete sul livello di fedelt\u00e0, sulla percentuale di cashback e sui premi VIP.<\/td>\n<\/tr>\n<tr>\n<td>Limiti di gioco responsabile<\/td>\n<td>Per giocare in modo responsabile, tutti gli utenti possono attivare limiti finanziari e temporali, nonch\u00e9 lo strumento di autoesclusione.<\/td>\n<\/tr>\n<tr>\n<td>Gestione delle notifiche<\/td>\n<td>I giocatori possono impostare notifiche via e-mail, SMS e push relative a novit\u00e0 e aggiornamenti.<\/td>\n<\/tr>\n<\/tbody>\n<\/table>\n<h3>Hai dimenticato la password?<\/h3>\n<p>Su SpinAnia Casino, c&#8217;\u00e8 una soluzione per ogni situazione, compreso il caso in cui si dimentichi la password. Abbiamo una procedura speciale che ti aiuter\u00e0 in questo caso. Nel modulo di login di SpinAnia, devi seguire il link \u201cHai dimenticato la password?\u201d. Basta inserire l&#8217;indirizzo e-mail utilizzato al momento della registrazione e ti invieremo il link per reimpostare la password. La prossima volta, per accedere al tuo account, utilizza la nuova password che hai creato.<\/p>\n<h2>Processo di verifica presso Spin Ania Casino<\/h2>\n<p>Il processo di verifica \u00e8 un passaggio essenziale per proteggere la nostra piattaforma e prevenire le frodi. Tutti gli utenti devono completarlo prima del loro primo prelievo. Dobbiamo verificare la tua identit\u00e0, et\u00e0, indirizzo di residenza e titolarit\u00e0 del conto di pagamento presso SpinAnia Casino. A tal fine, ti chiederemo di caricare alcuni documenti personali, ad esempio una copia del passaporto, della carta d&#8217;identit\u00e0 o della patente di guida, un estratto conto bancario e uno screenshot del tuo conto di pagamento con il tuo nome completo.<\/p>\n<p>I nostri responsabili controlleranno tutti i materiali caricati entro 48 ore. Riceverai un&#8217;e-mail e una notifica nel tuo account con i risultati. Se tutto \u00e8 in ordine, non ci saranno ritardi nei pagamenti.<\/p>\n<h2>Domande frequenti<\/h2>\n<h3>Quali passaggi \u00e8 necessario seguire per la verifica dell&#8217;account?<\/h3>\n<p>Per verificare la tua identit\u00e0, devi caricare i tuoi dati personali. I nostri responsabili li esamineranno entro 48 ore e ti risponderanno. Non sono richiesti ulteriori passaggi da parte tua.<\/p>\n<h3>Come posso chiudere o sospendere temporaneamente il mio account?<\/h3>\n<p>Se decidi di chiudere o bloccare temporaneamente il tuo account, contatta il nostro team di assistenza per ricevere assistenza. Provvederanno in pochi minuti e ti spiegheranno come riaprire un account Spin Ania.<\/p>\n<h3>Il mio account \u00e8 bloccato. Cosa devo fare?<\/h3>\n<p>Se blocchiamo gli account degli utenti, inviamo sempre un&#8217;e-mail con ulteriori informazioni sul caso. Se non hai ricevuto nulla, contattaci tramite live chat o e-mail.<\/p>\n<h3>Posso gestire la mia password o il mio indirizzo e-mail?<\/h3>\n<p>Nelle impostazioni del tuo account puoi modificare i tuoi dati personali e di pagamento in qualsiasi momento. Se devi aggiornare la tua password, ti invieremo un&#8217;e-mail di conferma. Segui il link contenuto nell&#8217;e-mail per completare la procedura.<\/p>\n<\/div><\/div><\/p>\n","protected":false},"excerpt":{"rendered":"<p>Accesso e registrazione a SpinAnia L&#8217;unico passo per iniziare a giocare con soldi veri \u00e8 completare la procedura di SpinAnia login. La maggior parte dei nostri utenti italiani impiega meno di 3 minuti per farlo. La registrazione richiede il tuo indirizzo e-mail e una password. Consigliamo a tutti i nostri clienti di creare una password [&hellip;]<\/p>\n","protected":false},"author":1,"featured_media":0,"parent":0,"menu_order":0,"comment_status":"closed","ping_status":"closed","template":"template-builder.php","meta":{"_acf_changed":false,"inline_featured_image":false,"footnotes":""},"class_list":["post-1485","page","type-page","status-publish","hentry"],"acf":[],"yoast_head":"<!-- This site is optimized with the Yoast SEO plugin v27.3 - https:\/\/yoast.com\/product\/yoast-seo-wordpress\/ -->\n<title>SpinAnia Casino - Login &amp; Registrazione<\/title>\n<meta name=\"description\" content=\"SpinAnia Casino \u2013 accedi in modo sicuro o crea un nuovo account in pochi istanti. Gestisci profilo, verifica e preferenze bonus su Spin Ania.\" \/>\n<meta name=\"robots\" content=\"index, follow, max-snippet:-1, max-image-preview:large, max-video-preview:-1\" \/>\n<link rel=\"canonical\" href=\"https:\/\/spinania.org\/it\/accesso-e-registrazione\/\" \/>\n<meta property=\"og:locale\" content=\"it_IT\" \/>\n<meta property=\"og:type\" content=\"article\" \/>\n<meta property=\"og:title\" content=\"SpinAnia Casino - Login &amp; Registrazione\" \/>\n<meta property=\"og:description\" content=\"SpinAnia Casino \u2013 accedi in modo sicuro o crea un nuovo account in pochi istanti. Gestisci profilo, verifica e preferenze bonus su Spin Ania.\" \/>\n<meta property=\"og:url\" content=\"https:\/\/spinania.org\/it\/accesso-e-registrazione\/\" \/>\n<meta property=\"og:site_name\" content=\"spinania\" \/>\n<meta property=\"article:modified_time\" content=\"2026-01-16T07:22:35+00:00\" \/>\n<meta name=\"twitter:card\" content=\"summary_large_image\" \/>\n<meta name=\"twitter:label1\" content=\"Est. reading time\" \/>\n\t<meta name=\"twitter:data1\" content=\"1 minuto\" \/>\n<script type=\"application\/ld+json\" class=\"yoast-schema-graph\">{\"@context\":\"https:\\\/\\\/schema.org\",\"@graph\":[{\"@type\":\"WebPage\",\"@id\":\"https:\\\/\\\/spinania.org\\\/it\\\/accesso-e-registrazione\\\/\",\"url\":\"https:\\\/\\\/spinania.org\\\/it\\\/accesso-e-registrazione\\\/\",\"name\":\"SpinAnia Casino - Login & Registrazione\",\"isPartOf\":{\"@id\":\"https:\\\/\\\/spinania.org\\\/it\\\/#website\"},\"datePublished\":\"2026-01-15T10:29:48+00:00\",\"dateModified\":\"2026-01-16T07:22:35+00:00\",\"description\":\"SpinAnia Casino \u2013 accedi in modo sicuro o crea un nuovo account in pochi istanti. Gestisci profilo, verifica e preferenze bonus su Spin Ania.\",\"breadcrumb\":{\"@id\":\"https:\\\/\\\/spinania.org\\\/it\\\/accesso-e-registrazione\\\/#breadcrumb\"},\"inLanguage\":\"it-IT\",\"potentialAction\":[{\"@type\":\"ReadAction\",\"target\":[\"https:\\\/\\\/spinania.org\\\/it\\\/accesso-e-registrazione\\\/\"]}]},{\"@type\":\"BreadcrumbList\",\"@id\":\"https:\\\/\\\/spinania.org\\\/it\\\/accesso-e-registrazione\\\/#breadcrumb\",\"itemListElement\":[{\"@type\":\"ListItem\",\"position\":1,\"name\":\"Spinania\",\"item\":\"https:\\\/\\\/spinania.org\\\/it\\\/\"},{\"@type\":\"ListItem\",\"position\":2,\"name\":\"Accesso e registrazione\"}]},{\"@type\":\"WebSite\",\"@id\":\"https:\\\/\\\/spinania.org\\\/it\\\/#website\",\"url\":\"https:\\\/\\\/spinania.org\\\/it\\\/\",\"name\":\"Spinania\",\"description\":\"\",\"publisher\":{\"@id\":\"https:\\\/\\\/spinania.org\\\/it\\\/#organization\"},\"potentialAction\":[{\"@type\":\"SearchAction\",\"target\":{\"@type\":\"EntryPoint\",\"urlTemplate\":\"https:\\\/\\\/spinania.org\\\/it\\\/?s={search_term_string}\"},\"query-input\":{\"@type\":\"PropertyValueSpecification\",\"valueRequired\":true,\"valueName\":\"search_term_string\"}}],\"inLanguage\":\"it-IT\"},{\"@type\":\"Organization\",\"@id\":\"https:\\\/\\\/spinania.org\\\/it\\\/#organization\",\"name\":\"Spinania\",\"url\":\"https:\\\/\\\/spinania.org\\\/it\\\/\",\"logo\":{\"@type\":\"ImageObject\",\"inLanguage\":\"it-IT\",\"@id\":\"https:\\\/\\\/spinania.org\\\/it\\\/#\\\/schema\\\/logo\\\/image\\\/\",\"url\":\"https:\\\/\\\/spinania.org\\\/wp-content\\\/uploads\\\/2026\\\/01\\\/Casino-logo-Desktop.png\",\"contentUrl\":\"https:\\\/\\\/spinania.org\\\/wp-content\\\/uploads\\\/2026\\\/01\\\/Casino-logo-Desktop.png\",\"width\":88,\"height\":26,\"caption\":\"Spinania\"},\"image\":{\"@id\":\"https:\\\/\\\/spinania.org\\\/it\\\/#\\\/schema\\\/logo\\\/image\\\/\"}}]}<\/script>\n<!-- \/ Yoast SEO plugin. -->","yoast_head_json":{"title":"SpinAnia Casino - Login & Registrazione","description":"SpinAnia Casino \u2013 accedi in modo sicuro o crea un nuovo account in pochi istanti. Gestisci profilo, verifica e preferenze bonus su Spin Ania.","robots":{"index":"index","follow":"follow","max-snippet":"max-snippet:-1","max-image-preview":"max-image-preview:large","max-video-preview":"max-video-preview:-1"},"canonical":"https:\/\/spinania.org\/it\/accesso-e-registrazione\/","og_locale":"it_IT","og_type":"article","og_title":"SpinAnia Casino - Login & Registrazione","og_description":"SpinAnia Casino \u2013 accedi in modo sicuro o crea un nuovo account in pochi istanti. Gestisci profilo, verifica e preferenze bonus su Spin Ania.","og_url":"https:\/\/spinania.org\/it\/accesso-e-registrazione\/","og_site_name":"spinania","article_modified_time":"2026-01-16T07:22:35+00:00","twitter_card":"summary_large_image","twitter_misc":{"Est. reading time":"1 minuto"},"schema":{"@context":"https:\/\/schema.org","@graph":[{"@type":"WebPage","@id":"https:\/\/spinania.org\/it\/accesso-e-registrazione\/","url":"https:\/\/spinania.org\/it\/accesso-e-registrazione\/","name":"SpinAnia Casino - Login & Registrazione","isPartOf":{"@id":"https:\/\/spinania.org\/it\/#website"},"datePublished":"2026-01-15T10:29:48+00:00","dateModified":"2026-01-16T07:22:35+00:00","description":"SpinAnia Casino \u2013 accedi in modo sicuro o crea un nuovo account in pochi istanti. Gestisci profilo, verifica e preferenze bonus su Spin Ania.","breadcrumb":{"@id":"https:\/\/spinania.org\/it\/accesso-e-registrazione\/#breadcrumb"},"inLanguage":"it-IT","potentialAction":[{"@type":"ReadAction","target":["https:\/\/spinania.org\/it\/accesso-e-registrazione\/"]}]},{"@type":"BreadcrumbList","@id":"https:\/\/spinania.org\/it\/accesso-e-registrazione\/#breadcrumb","itemListElement":[{"@type":"ListItem","position":1,"name":"Spinania","item":"https:\/\/spinania.org\/it\/"},{"@type":"ListItem","position":2,"name":"Accesso e registrazione"}]},{"@type":"WebSite","@id":"https:\/\/spinania.org\/it\/#website","url":"https:\/\/spinania.org\/it\/","name":"Spinania","description":"","publisher":{"@id":"https:\/\/spinania.org\/it\/#organization"},"potentialAction":[{"@type":"SearchAction","target":{"@type":"EntryPoint","urlTemplate":"https:\/\/spinania.org\/it\/?s={search_term_string}"},"query-input":{"@type":"PropertyValueSpecification","valueRequired":true,"valueName":"search_term_string"}}],"inLanguage":"it-IT"},{"@type":"Organization","@id":"https:\/\/spinania.org\/it\/#organization","name":"Spinania","url":"https:\/\/spinania.org\/it\/","logo":{"@type":"ImageObject","inLanguage":"it-IT","@id":"https:\/\/spinania.org\/it\/#\/schema\/logo\/image\/","url":"https:\/\/spinania.org\/wp-content\/uploads\/2026\/01\/Casino-logo-Desktop.png","contentUrl":"https:\/\/spinania.org\/wp-content\/uploads\/2026\/01\/Casino-logo-Desktop.png","width":88,"height":26,"caption":"Spinania"},"image":{"@id":"https:\/\/spinania.org\/it\/#\/schema\/logo\/image\/"}}]}},"_links":{"self":[{"href":"https:\/\/spinania.org\/it\/wp-json\/wp\/v2\/pages\/1485","targetHints":{"allow":["GET"]}}],"collection":[{"href":"https:\/\/spinania.org\/it\/wp-json\/wp\/v2\/pages"}],"about":[{"href":"https:\/\/spinania.org\/it\/wp-json\/wp\/v2\/types\/page"}],"author":[{"embeddable":true,"href":"https:\/\/spinania.org\/it\/wp-json\/wp\/v2\/users\/1"}],"replies":[{"embeddable":true,"href":"https:\/\/spinania.org\/it\/wp-json\/wp\/v2\/comments?post=1485"}],"version-history":[{"count":1,"href":"https:\/\/spinania.org\/it\/wp-json\/wp\/v2\/pages\/1485\/revisions"}],"predecessor-version":[{"id":1762,"href":"https:\/\/spinania.org\/it\/wp-json\/wp\/v2\/pages\/1485\/revisions\/1762"}],"wp:attachment":[{"href":"https:\/\/spinania.org\/it\/wp-json\/wp\/v2\/media?parent=1485"}],"curies":[{"name":"wp","href":"https:\/\/api.w.org\/{rel}","templated":true}]}}