{"id":1445,"date":"2026-01-15T10:27:56","date_gmt":"2026-01-15T10:27:56","guid":{"rendered":"https:\/\/spinania.org\/app\/"},"modified":"2026-01-16T07:15:30","modified_gmt":"2026-01-16T07:15:30","slug":"applicazione","status":"publish","type":"page","link":"https:\/\/spinania.org\/it\/applicazione\/","title":{"rendered":"Applicazione"},"content":{"rendered":"<h1>Applicazione SpinAnia<\/h1>\n<p>SpinAnia App consente a tutti i nostri utenti italiani di giocare ai loro giochi preferiti su smartphone o tablet. \u00c8 un&#8217;opzione comoda per chiunque desideri rimanere online, indipendentemente dalla posizione o dal dispositivo. Offriamo un&#8217;app dedicata e una versione browser. \u00c8 disponibile su tutti i dispositivi Android e iOS. Se accedi al tuo account su pi\u00f9 dispositivi, i tuoi risultati e i tuoi progressi saranno sincronizzati su tutti i dispositivi.<\/p>\n<div class=\"banner-wrap\" aria-label=\"Banner\"><img src=\"https:\/\/spinania.org\/wp-content\/uploads\/2026\/01\/Spinania-Banner-Desktop.webp\" class=\"w-100 d-none d-lg-block img-pc main-banner-img\" alt=\"Spinania Banner Desktop\" fetchpriority=\"high\" decoding=\"async\"><img src=\"https:\/\/spinania.org\/wp-content\/uploads\/2026\/01\/Spinania-mobile-banner.webp\" class=\"w-100 d-none d-md-block d-lg-none main-banner-img\" alt=\"Spinania mobile banner\" fetchpriority=\"high\" decoding=\"async\"><img src=\"https:\/\/spinania.org\/wp-content\/uploads\/2026\/01\/Spinania-mobile-banner.webp\" class=\"w-100 d-md-none\" alt=\"Spinania mobile banner\" fetchpriority=\"high\" decoding=\"async\"><div class=\"banner-description\">\n<div class=\"banner-title\">Bonus di benvenuto<\/div>\n<p class=\"banner-header-title\">1500 \u20ac<\/p>\n<div class=\"banner-header-AdditionalText\">+ 250 Giri gratuiti<\/div>\n<button data-item=\"homepage_banner_link\" class=\"goto m-button m-gradient-border m-button--primary m-button--large banner-button btn-orange\">\n            <div class=\"m-button-content\">\n                <span>Iscriviti ora<\/span>\n                <span><\/span>\n            <\/div>\n        <\/button>\n<\/div>\n<div class=\"WelcomePack\">\n<p><img loading=\"lazy\" decoding=\"async\" class=\"alignnone size-full wp-image-1331\" src=\"https:\/\/spinania.org\/wp-content\/uploads\/2026\/01\/welcome-crown.svg\" alt=\"welcome crown\" width=\"25\" height=\"26\" \/><\/p>\n<div class=\"WelcomePack-Info\">Cashback settimanale fino al 25%<\/div>\n<p><img loading=\"lazy\" decoding=\"async\" class=\"alignnone size-full wp-image-1331\" src=\"https:\/\/spinania.org\/wp-content\/uploads\/2026\/01\/welcome-crown.svg\" alt=\"welcome crown\" width=\"25\" height=\"26\" \/><\/p>\n<\/div>\n<\/div>\n<h2>Casin\u00f2 mobile SpinAnia<\/h2>\n<p>SpinAnia Casino porta il gioco a un nuovo livello. Ora non \u00e8 pi\u00f9 necessario scegliere un dispositivo specifico per i propri giochi preferiti. \u00c8 possibile iniziare con il PC e continuare su uno smartphone. Giocare in mobilit\u00e0 sta diventando sempre pi\u00f9 popolare. Circa l&#8217;80% dei nostri giocatori preferisce accedere a SpinAnia da dispositivi mobili.<\/p>\n<p>Puoi accedere al casin\u00f2 mobile tramite l&#8217;app Spin Ania o dal tuo browser. Entrambe le opzioni sono ottime e si adattano perfettamente ai dispositivi Android e iOS. Giocando su uno smartphone non perderai nulla della tua esperienza di gioco.<\/p>\n<p>Nel software mobile offriamo ai nostri clienti l&#8217;intera collezione di giochi e tutte le stesse procedure disponibili, come la registrazione, il login, i pagamenti e il processo di verifica. Se riscontri problemi con SpinAnia Casino, puoi contattarci tramite la chat live integrata nell&#8217;applicazione.<\/p>\n<p><div class=\"scrollable-content-wrap my-5\"><div class=\"scrollable-content-inner\"><h2>App SpinAnia per Android<\/h2>\n<p>Gli utenti Android saranno felici di sapere che hanno la possibilit\u00e0 di accedere alla nostra piattaforma su qualsiasi dispositivo preferiscano. Ti invitiamo a provare il nostro casin\u00f2 online su un browser mobile, come Google Chrome. \u00c8 stato sviluppato per adattarsi automaticamente alle risoluzioni degli schermi mobili.<\/p>\n<p>Un&#8217;altra opzione per i giocatori Android \u00e8 l&#8217;app SpinAnia. Pu\u00f2 essere installata dal nostro sito web. Non ti chiederemo di scaricare alcun file SpinAnia APK sconosciuto, poich\u00e9 la nostra soluzione \u00e8 un&#8217;applicazione web progressiva. Non occupa molto spazio di archiviazione sul dispositivo, solo per i dati memorizzati nella cache.<\/p>\n<p>Se decidi di provare l&#8217;app Spin Ania su Android, segui le istruzioni riportate di seguito. L&#8217;intero processo richieder\u00e0 alcuni minuti, ma ti offrir\u00e0 molte nuove opportunit\u00e0.<\/p>\n<table>\n<tbody>\n<tr>\n<td>Passo<\/td>\n<td>Dettagli<\/td>\n<\/tr>\n<tr>\n<td>Visita il nostro sito web<\/td>\n<td>Visita SpinAnia dal tuo browser mobile preferito.<\/td>\n<\/tr>\n<tr>\n<td>Clicca su \u201cApp Casin\u00f2\u201d<\/td>\n<td>Il pulsante \u201cApp Casin\u00f2\u201d si trova nel pi\u00e8 di pagina della pagina principale.<\/td>\n<\/tr>\n<tr>\n<td>Clicca su \u201cInstalla\u201d<\/td>\n<td>Nella nuova pagina, al centro dello schermo, apparir\u00e0 il pulsante \u201cInstalla\u201d.<\/td>\n<\/tr>\n<tr>\n<td>Completa l&#8217;installazione<\/td>\n<td>Una volta completato il processo, l&#8217;icona del casin\u00f2 online apparir\u00e0 sulla schermata iniziale del tuo dispositivo.<\/td>\n<\/tr>\n<\/tbody>\n<\/table>\n<p><img loading=\"lazy\" decoding=\"async\" src=\"https:\/\/spinania.org\/wp-content\/uploads\/2026\/01\/Spinania-Android-App.webp\" alt=\"Spinania Android App\" width=\"1248\" height=\"536\" \/><\/p>\n<\/div><\/div><div style=\"clear: both\"><\/div><div class=\"d-flex justify-content-center\"><button data-item=\"decouvrez_link\" data-group=\"website_links\" class=\"goto fw-bold rounded-pill btn btn-orange\" aria-label=\"Scarica l&#039;app Spinania\" >Scarica l&#039;app Spinania<\/button><\/div><div class=\"scrollable-content-wrap my-5\"><div class=\"scrollable-content-inner\"><h2>Applicazione mobile iOS<\/h2>\n<p>Se possiedi uno smartphone o un tablet iOS, hai molti modi per giocare su SpinAnia Casino. Offriamo una versione browser che ti consente di installare un&#8217;icona di collegamento. Inoltre, l&#8217;app SpinAnia \u00e8 disponibile per i dispositivi iOS. Poich\u00e9 l&#8217;App Store ha delle restrizioni sul gioco d&#8217;azzardo, non \u00e8 possibile scaricarla da l\u00ec, ma \u00e8 disponibile per l&#8217;installazione sul nostro sito web.<\/p>\n<p>L&#8217;icona di collegamento rapido ti consente di accedere alla piattaforma con un solo clic dalla schermata iniziale. La versione per browser mobile di Spin Ania Casino offre oltre 6.000 giochi, tra cui slot, giochi da tavolo, titoli di casin\u00f2 dal vivo e giochi crash. Segui la nostra guida passo passo per installare l&#8217;icona di collegamento rapido sulla schermata iniziale.<\/p>\n<table>\n<tbody>\n<tr>\n<td>Passo<\/td>\n<td>Dettagli<\/td>\n<\/tr>\n<tr>\n<td>Apri il sito web<\/td>\n<td>In qualsiasi browser preferito, vai alla pagina SpinAnia Casino.<\/td>\n<\/tr>\n<tr>\n<td>Clicca su \u201cCondividi\u201d o \u201cAltro\u201d<\/td>\n<td>A seconda del browser utilizzato, il pulsante avr\u00e0 un nome diverso. Si trova nella barra degli indirizzi.<\/td>\n<\/tr>\n<tr>\n<td>Seleziona \u201cAggiungi alla schermata iniziale\u201d<\/td>\n<td>Nell&#8217;elenco, trova l&#8217;opzione desiderata.<\/td>\n<\/tr>\n<tr>\n<td>Personalizza l&#8217;icona<\/td>\n<td>Se necessario, \u00e8 possibile aggiornare il nome e la parte visiva dell&#8217;icona.<\/td>\n<\/tr>\n<tr>\n<td>Clicca su \u201cAggiungi\u201d<\/td>\n<td>Questo passaggio conferma le azioni precedenti e crea l&#8217;icona del collegamento.<\/td>\n<\/tr>\n<\/tbody>\n<\/table>\n<p><img loading=\"lazy\" decoding=\"async\" src=\"https:\/\/spinania.org\/wp-content\/uploads\/2026\/01\/Spinania-iOS-App.webp\" alt=\"Spinania iOS App\" width=\"1248\" height=\"536\" \/><\/p>\n<\/div><\/div><div style=\"clear: both\"><\/div><div class=\"d-flex justify-content-center\"><button data-item=\"decouvrez_link\" data-group=\"website_links\" class=\"goto fw-bold rounded-pill btn btn-orange\" aria-label=\"Scarica Spinanina\" >Scarica Spinanina<\/button><\/div><div class=\"scrollable-content-wrap my-5\"><div class=\"scrollable-content-inner\"><h2>App desktop SpinAnia Casino per Windows\/macOS<\/h2>\n<p>Non ti limitiamo all&#8217;uso di un dispositivo specifico. A volte giocare su un PC o un laptop con uno schermo grande pu\u00f2 farti immergere maggiormente nell&#8217;atmosfera di un casin\u00f2 reale. Non \u00e8 un problema se inizi il tuo viaggio su uno smartphone e continui su un desktop. Tutti i tuoi dettagli e le tue preferenze su SpinAnia Casino saranno sincronizzati.<\/p>\n<p>Con una connessione Internet stabile, potrai goderti un gameplay fluido e un caricamento veloce di tutte le funzionalit\u00e0 necessarie. SpinAnia Casino offre due opzioni principali per l&#8217;utilizzo su desktop:<\/p>\n<ul>\n<li>Versione browser. Per accedere al nostro sito web \u00e8 possibile utilizzare qualsiasi browser, come Safari o Google Chrome. Non \u00e8 necessario effettuare alcun download o installazione.<\/li>\n<li>Icona di collegamento. Questa opzione consente di accedere pi\u00f9 rapidamente a Spin Ania senza aprire il browser e cercare il sito web. L&#8217;icona di collegamento non occuper\u00e0 spazio nella memoria del dispositivo.<\/li>\n<\/ul>\n<p><img loading=\"lazy\" decoding=\"async\" src=\"https:\/\/spinania.org\/wp-content\/uploads\/2026\/01\/Spinania-Desktop.webp\" alt=\"Spinania Desktop\" width=\"1248\" height=\"536\" \/><\/p>\n<\/div><\/div><div style=\"clear: both\"><\/div><div class=\"d-flex justify-content-center\"><button data-item=\"decouvrez_link\" data-group=\"website_links\" class=\"goto fw-bold rounded-pill btn btn-orange\" aria-label=\"Scarica l&#039;app Spinania\" >Scarica l&#039;app Spinania<\/button><\/div><div class=\"scrollable-content-wrap my-5\"><div class=\"scrollable-content-inner\"><h2>Domande frequenti<\/h2>\n<h3>Dove posso trovare assistenza clienti nell&#8217;app SpinAnia Casino?<\/h3>\n<p>Il nostro software mobile per Android e iOS include una funzione di chat live integrata per contattare il team di assistenza, disponibile 24 ore su 24, 7 giorni su 7. In alternativa, \u00e8 possibile inviarci un&#8217;e-mail per informazioni pi\u00f9 dettagliate.<\/p>\n<h3>Ho bisogno di un account per utilizzare l&#8217;app Spin Ania?<\/h3>\n<p>Per accedere a tutte le funzionalit\u00e0 e ai giochi, \u00e8 necessario creare un account nell&#8217;app SpinAnia. Alcuni titoli sono disponibili in modalit\u00e0 demo, in cui si gioca con monete virtuali. In questo caso, non \u00e8 possibile prelevare le vincite.<\/p>\n<h3>Tutti i giochi sono disponibili nell&#8217;app?<\/h3>\n<p>I nostri fidati fornitori di software sviluppano giochi compatibili con qualsiasi dispositivo mobile moderno. Ecco perch\u00e9 avrai accesso a oltre 6.000 titoli dal tuo smartphone, tra cui slot online, giochi da tavolo, opzioni con croupier dal vivo e giochi crash.<\/p>\n<h3>Come posso aggiornare l&#8217;app SpinAnia Casino?<\/h3>\n<p>La versione mobile di Spin Ania Casino, disponibile per l&#8217;installazione dal nostro sito web, \u00e8 un&#8217;applicazione web progressiva. Si aggiorner\u00e0 automaticamente, senza richiedere ulteriori passaggi da parte tua.<\/p>\n<\/div><\/div><\/p>\n","protected":false},"excerpt":{"rendered":"<p>Applicazione SpinAnia SpinAnia App consente a tutti i nostri utenti italiani di giocare ai loro giochi preferiti su smartphone o tablet. \u00c8 un&#8217;opzione comoda per chiunque desideri rimanere online, indipendentemente dalla posizione o dal dispositivo. Offriamo un&#8217;app dedicata e una versione browser. \u00c8 disponibile su tutti i dispositivi Android e iOS. Se accedi al tuo [&hellip;]<\/p>\n","protected":false},"author":1,"featured_media":0,"parent":0,"menu_order":0,"comment_status":"closed","ping_status":"closed","template":"template-builder.php","meta":{"_acf_changed":false,"inline_featured_image":false,"footnotes":""},"class_list":["post-1445","page","type-page","status-publish","hentry"],"acf":[],"yoast_head":"<!-- This site is optimized with the Yoast SEO plugin v27.3 - https:\/\/yoast.com\/product\/yoast-seo-wordpress\/ -->\n<title>SpinAnia App \u2013 Download iOS &amp; Android<\/title>\n<meta name=\"description\" content=\"SpinAnia App \u2013 installala su iOS e Android per accedere al casin\u00f2 completo ovunque. Goditi un gioco fluido, sincronizzazione rapida e supporto live \u2013 tutto su Spin Ania.\" \/>\n<meta name=\"robots\" content=\"index, follow, max-snippet:-1, max-image-preview:large, max-video-preview:-1\" \/>\n<link rel=\"canonical\" href=\"https:\/\/spinania.org\/it\/applicazione\/\" \/>\n<meta property=\"og:locale\" content=\"it_IT\" \/>\n<meta property=\"og:type\" content=\"article\" \/>\n<meta property=\"og:title\" content=\"SpinAnia App \u2013 Download iOS &amp; Android\" \/>\n<meta property=\"og:description\" content=\"SpinAnia App \u2013 installala su iOS e Android per accedere al casin\u00f2 completo ovunque. Goditi un gioco fluido, sincronizzazione rapida e supporto live \u2013 tutto su Spin Ania.\" \/>\n<meta property=\"og:url\" content=\"https:\/\/spinania.org\/it\/applicazione\/\" \/>\n<meta property=\"og:site_name\" content=\"spinania\" \/>\n<meta property=\"article:modified_time\" content=\"2026-01-16T07:15:30+00:00\" \/>\n<meta name=\"twitter:card\" content=\"summary_large_image\" \/>\n<meta name=\"twitter:label1\" content=\"Est. reading time\" \/>\n\t<meta name=\"twitter:data1\" content=\"1 minuto\" \/>\n<script type=\"application\/ld+json\" class=\"yoast-schema-graph\">{\"@context\":\"https:\\\/\\\/schema.org\",\"@graph\":[{\"@type\":\"WebPage\",\"@id\":\"https:\\\/\\\/spinania.org\\\/it\\\/applicazione\\\/\",\"url\":\"https:\\\/\\\/spinania.org\\\/it\\\/applicazione\\\/\",\"name\":\"SpinAnia App \u2013 Download iOS & Android\",\"isPartOf\":{\"@id\":\"https:\\\/\\\/spinania.org\\\/it\\\/#website\"},\"datePublished\":\"2026-01-15T10:27:56+00:00\",\"dateModified\":\"2026-01-16T07:15:30+00:00\",\"description\":\"SpinAnia App \u2013 installala su iOS e Android per accedere al casin\u00f2 completo ovunque. Goditi un gioco fluido, sincronizzazione rapida e supporto live \u2013 tutto su Spin Ania.\",\"breadcrumb\":{\"@id\":\"https:\\\/\\\/spinania.org\\\/it\\\/applicazione\\\/#breadcrumb\"},\"inLanguage\":\"it-IT\",\"potentialAction\":[{\"@type\":\"ReadAction\",\"target\":[\"https:\\\/\\\/spinania.org\\\/it\\\/applicazione\\\/\"]}]},{\"@type\":\"BreadcrumbList\",\"@id\":\"https:\\\/\\\/spinania.org\\\/it\\\/applicazione\\\/#breadcrumb\",\"itemListElement\":[{\"@type\":\"ListItem\",\"position\":1,\"name\":\"Spinania\",\"item\":\"https:\\\/\\\/spinania.org\\\/it\\\/\"},{\"@type\":\"ListItem\",\"position\":2,\"name\":\"Applicazione\"}]},{\"@type\":\"WebSite\",\"@id\":\"https:\\\/\\\/spinania.org\\\/it\\\/#website\",\"url\":\"https:\\\/\\\/spinania.org\\\/it\\\/\",\"name\":\"Spinania\",\"description\":\"\",\"publisher\":{\"@id\":\"https:\\\/\\\/spinania.org\\\/it\\\/#organization\"},\"potentialAction\":[{\"@type\":\"SearchAction\",\"target\":{\"@type\":\"EntryPoint\",\"urlTemplate\":\"https:\\\/\\\/spinania.org\\\/it\\\/?s={search_term_string}\"},\"query-input\":{\"@type\":\"PropertyValueSpecification\",\"valueRequired\":true,\"valueName\":\"search_term_string\"}}],\"inLanguage\":\"it-IT\"},{\"@type\":\"Organization\",\"@id\":\"https:\\\/\\\/spinania.org\\\/it\\\/#organization\",\"name\":\"Spinania\",\"url\":\"https:\\\/\\\/spinania.org\\\/it\\\/\",\"logo\":{\"@type\":\"ImageObject\",\"inLanguage\":\"it-IT\",\"@id\":\"https:\\\/\\\/spinania.org\\\/it\\\/#\\\/schema\\\/logo\\\/image\\\/\",\"url\":\"https:\\\/\\\/spinania.org\\\/wp-content\\\/uploads\\\/2026\\\/01\\\/Casino-logo-Desktop.png\",\"contentUrl\":\"https:\\\/\\\/spinania.org\\\/wp-content\\\/uploads\\\/2026\\\/01\\\/Casino-logo-Desktop.png\",\"width\":88,\"height\":26,\"caption\":\"Spinania\"},\"image\":{\"@id\":\"https:\\\/\\\/spinania.org\\\/it\\\/#\\\/schema\\\/logo\\\/image\\\/\"}}]}<\/script>\n<!-- \/ Yoast SEO plugin. -->","yoast_head_json":{"title":"SpinAnia App \u2013 Download iOS & Android","description":"SpinAnia App \u2013 installala su iOS e Android per accedere al casin\u00f2 completo ovunque. Goditi un gioco fluido, sincronizzazione rapida e supporto live \u2013 tutto su Spin Ania.","robots":{"index":"index","follow":"follow","max-snippet":"max-snippet:-1","max-image-preview":"max-image-preview:large","max-video-preview":"max-video-preview:-1"},"canonical":"https:\/\/spinania.org\/it\/applicazione\/","og_locale":"it_IT","og_type":"article","og_title":"SpinAnia App \u2013 Download iOS & Android","og_description":"SpinAnia App \u2013 installala su iOS e Android per accedere al casin\u00f2 completo ovunque. Goditi un gioco fluido, sincronizzazione rapida e supporto live \u2013 tutto su Spin Ania.","og_url":"https:\/\/spinania.org\/it\/applicazione\/","og_site_name":"spinania","article_modified_time":"2026-01-16T07:15:30+00:00","twitter_card":"summary_large_image","twitter_misc":{"Est. reading time":"1 minuto"},"schema":{"@context":"https:\/\/schema.org","@graph":[{"@type":"WebPage","@id":"https:\/\/spinania.org\/it\/applicazione\/","url":"https:\/\/spinania.org\/it\/applicazione\/","name":"SpinAnia App \u2013 Download iOS & Android","isPartOf":{"@id":"https:\/\/spinania.org\/it\/#website"},"datePublished":"2026-01-15T10:27:56+00:00","dateModified":"2026-01-16T07:15:30+00:00","description":"SpinAnia App \u2013 installala su iOS e Android per accedere al casin\u00f2 completo ovunque. Goditi un gioco fluido, sincronizzazione rapida e supporto live \u2013 tutto su Spin Ania.","breadcrumb":{"@id":"https:\/\/spinania.org\/it\/applicazione\/#breadcrumb"},"inLanguage":"it-IT","potentialAction":[{"@type":"ReadAction","target":["https:\/\/spinania.org\/it\/applicazione\/"]}]},{"@type":"BreadcrumbList","@id":"https:\/\/spinania.org\/it\/applicazione\/#breadcrumb","itemListElement":[{"@type":"ListItem","position":1,"name":"Spinania","item":"https:\/\/spinania.org\/it\/"},{"@type":"ListItem","position":2,"name":"Applicazione"}]},{"@type":"WebSite","@id":"https:\/\/spinania.org\/it\/#website","url":"https:\/\/spinania.org\/it\/","name":"Spinania","description":"","publisher":{"@id":"https:\/\/spinania.org\/it\/#organization"},"potentialAction":[{"@type":"SearchAction","target":{"@type":"EntryPoint","urlTemplate":"https:\/\/spinania.org\/it\/?s={search_term_string}"},"query-input":{"@type":"PropertyValueSpecification","valueRequired":true,"valueName":"search_term_string"}}],"inLanguage":"it-IT"},{"@type":"Organization","@id":"https:\/\/spinania.org\/it\/#organization","name":"Spinania","url":"https:\/\/spinania.org\/it\/","logo":{"@type":"ImageObject","inLanguage":"it-IT","@id":"https:\/\/spinania.org\/it\/#\/schema\/logo\/image\/","url":"https:\/\/spinania.org\/wp-content\/uploads\/2026\/01\/Casino-logo-Desktop.png","contentUrl":"https:\/\/spinania.org\/wp-content\/uploads\/2026\/01\/Casino-logo-Desktop.png","width":88,"height":26,"caption":"Spinania"},"image":{"@id":"https:\/\/spinania.org\/it\/#\/schema\/logo\/image\/"}}]}},"_links":{"self":[{"href":"https:\/\/spinania.org\/it\/wp-json\/wp\/v2\/pages\/1445","targetHints":{"allow":["GET"]}}],"collection":[{"href":"https:\/\/spinania.org\/it\/wp-json\/wp\/v2\/pages"}],"about":[{"href":"https:\/\/spinania.org\/it\/wp-json\/wp\/v2\/types\/page"}],"author":[{"embeddable":true,"href":"https:\/\/spinania.org\/it\/wp-json\/wp\/v2\/users\/1"}],"replies":[{"embeddable":true,"href":"https:\/\/spinania.org\/it\/wp-json\/wp\/v2\/comments?post=1445"}],"version-history":[{"count":2,"href":"https:\/\/spinania.org\/it\/wp-json\/wp\/v2\/pages\/1445\/revisions"}],"predecessor-version":[{"id":1761,"href":"https:\/\/spinania.org\/it\/wp-json\/wp\/v2\/pages\/1445\/revisions\/1761"}],"wp:attachment":[{"href":"https:\/\/spinania.org\/it\/wp-json\/wp\/v2\/media?parent=1445"}],"curies":[{"name":"wp","href":"https:\/\/api.w.org\/{rel}","templated":true}]}}