{"id":1482,"date":"2026-01-15T10:29:48","date_gmt":"2026-01-15T10:29:48","guid":{"rendered":"https:\/\/spinania.org\/login-and-registration\/"},"modified":"2026-01-15T14:01:41","modified_gmt":"2026-01-15T14:01:41","slug":"connexion-et-inscription","status":"publish","type":"page","link":"https:\/\/spinania.org\/fr\/connexion-et-inscription\/","title":{"rendered":"Connexion et inscription"},"content":{"rendered":"<h1>Connexion et inscription \u00e0 SpinAnia<\/h1>\n<p>La seule \u00e9tape \u00e0 suivre pour commencer \u00e0 jouer avec de l&rsquo;argent r\u00e9el est de compl\u00e9ter le processus de SpinAnia login. La plupart de nos utilisateurs n&rsquo;ont pas besoin de plus de 3 minutes pour cela. L&rsquo;inscription n\u00e9cessite votre adresse e-mail et votre mot de passe. Nous recommandons \u00e0 tous nos clients de cr\u00e9er un mot de passe fort afin de renforcer la s\u00e9curit\u00e9. Une fois connect\u00e9, vous pouvez personnaliser votre exp\u00e9rience en activant les param\u00e8tres de votre compte.<\/p>\n<p><div class=\"banner-wrap\" aria-label=\"Banner\"><img src=\"https:\/\/spinania.org\/wp-content\/uploads\/2026\/01\/Spinania-Banner-Desktop.webp\" class=\"w-100 d-none d-lg-block img-pc main-banner-img\" alt=\"Spinania Banner Desktop\" fetchpriority=\"high\" decoding=\"async\"><img src=\"https:\/\/spinania.org\/wp-content\/uploads\/2026\/01\/Spinania-mobile-banner.webp\" class=\"w-100 d-none d-md-block d-lg-none main-banner-img\" alt=\"Spinania mobile banner\" fetchpriority=\"high\" decoding=\"async\"><img src=\"https:\/\/spinania.org\/wp-content\/uploads\/2026\/01\/Spinania-mobile-banner.webp\" class=\"w-100 d-md-none\" alt=\"Spinania mobile banner\" fetchpriority=\"high\" decoding=\"async\"><div class=\"banner-description\">\n<div class=\"banner-title\">Bonus de bienvenue<\/div>\n<p class=\"banner-header-title\">1500 \u20ac<\/p>\n<div class=\"banner-header-AdditionalText\">+ 250 Tours gratuits<\/div>\n<button data-item=\"homepage_banner_link\" class=\"goto m-button m-gradient-border m-button--primary m-button--large banner-button btn-orange\">\n            <div class=\"m-button-content\">\n                <span>Inscrivez-vous d\u00e8s maintenant<\/span>\n                <span><\/span>\n            <\/div>\n        <\/button>\n<\/div>\n<div class=\"WelcomePack\">\n<p><img loading=\"lazy\" decoding=\"async\" class=\"alignnone size-full wp-image-1331\" src=\"https:\/\/spinania.org\/wp-content\/uploads\/2026\/01\/welcome-crown.svg\" alt=\"welcome crown\" width=\"25\" height=\"26\" \/><\/p>\n<div class=\"WelcomePack-Info\">Cashback hebdomadaire jusqu&rsquo;\u00e0 25 %<\/div>\n<p><img loading=\"lazy\" decoding=\"async\" class=\"alignnone size-full wp-image-1331\" src=\"https:\/\/spinania.org\/wp-content\/uploads\/2026\/01\/welcome-crown.svg\" alt=\"welcome crown\" width=\"25\" height=\"26\" \/><\/p>\n<\/div>\n<\/div><div class=\"scrollable-content-wrap my-5\"><div class=\"scrollable-content-inner\"><h2>Processus d&rsquo;inscription au casino SpinAnia<\/h2>\n<p>Spin Ania Casino est une plateforme de jeu moderne qui donne acc\u00e8s \u00e0 plus de 6 000 titres provenant des principaux fournisseurs de logiciels. Sans compte, vous pouvez essayer certains d&rsquo;entre eux en mode d\u00e9mo, ce qui signifie que vous ne pouvez pas retirer vos gains. La connexion \u00e0 SpinAnia peut changer cette situation.<\/p>\n<p>Pour tous les utilisateurs enregistr\u00e9s, nous proposons des jeux en argent r\u00e9el, d&rsquo;\u00e9normes bonus et collections de tournois, des paiements rapides et s\u00e9curis\u00e9s et un service client disponible 24h\/24 et 7j\/7. SpinAnia login est accessible \u00e0 toute personne \u00e2g\u00e9e de 18 ans ou plus. Une autre r\u00e8gle stipule que chaque personne ne peut avoir qu&rsquo;un seul compte sur le site web. Si vous rencontrez des probl\u00e8mes lors de votre inscription ou de votre connexion, vous pouvez contacter notre \u00e9quipe d&rsquo;assistance multilingue.<\/p>\n<h3>Cr\u00e9ez votre compte<\/h3>\n<p>Pour tous ceux qui viennent de commencer leur aventure avec SpinAnia, nous vous recommandons de cr\u00e9er un compte. Cela vous donnera acc\u00e8s \u00e0 toutes les fonctionnalit\u00e9s du site web. Le processus est simple et ne prendra pas beaucoup de temps. Suivez les instructions ci-dessous pour cr\u00e9er un compte sur SpinAnia Casino :<\/p>\n<ol>\n<li>Vous devez cliquer sur \u00ab S&rsquo;inscrire \u00bb sur la page principale.<\/li>\n<li>Les utilisateurs doivent saisir leur adresse e-mail et cr\u00e9er un mot de passe fort.<\/li>\n<li>Acceptez les conditions g\u00e9n\u00e9rales du site web.<\/li>\n<li>Confirmez que vous avez 18 ans ou plus.<\/li>\n<li>Cliquez sur \u00ab S&rsquo;inscrire \u00bb \u00e0 la fin du formulaire d&rsquo;inscription pour confirmer toutes les informations saisies.<\/li>\n<\/ol>\n<h2>Connexion et gestion de compte SpinAnia<\/h2>\n<p>Une connexion \u00e0 SpinAnia est n\u00e9cessaire si vous poss\u00e9dez d\u00e9j\u00e0 un compte sur la plateforme. Si vous acc\u00e9dez \u00e0 votre profil depuis diff\u00e9rents appareils, toutes vos r\u00e9alisations, vos param\u00e8tres et autres fonctionnalit\u00e9s seront synchronis\u00e9s. Le processus de connexion \u00e0 Spin Ania n\u00e9cessite l&rsquo;adresse e-mail et le mot de passe que vous avez cr\u00e9\u00e9s lors de votre inscription. Le tableau ci-dessous pr\u00e9sente les principales fonctionnalit\u00e9s disponibles pour tous les utilisateurs connect\u00e9s.<\/p>\n<table>\n<tbody>\n<tr>\n<td>Fonctionnalit\u00e9<\/td>\n<td>D\u00e9tails<\/td>\n<\/tr>\n<tr>\n<td>Gestion des informations personnelles<\/td>\n<td>Les utilisateurs peuvent modifier leur nom, leurs coordonn\u00e9es, leur mot de passe et les param\u00e8tres de leur compte.<\/td>\n<\/tr>\n<tr>\n<td>Historique du jeu<\/td>\n<td>Vous avez la possibilit\u00e9 de v\u00e9rifier et d&rsquo;analyser votre activit\u00e9, vos gains, vos pertes et vos sessions de jeu termin\u00e9es.<\/td>\n<\/tr>\n<tr>\n<td>Gestion du statut VIP<\/td>\n<td>Vous trouverez toutes les informations concernant le niveau de fid\u00e9lit\u00e9, le pourcentage de cashback et les r\u00e9compenses VIP.<\/td>\n<\/tr>\n<tr>\n<td>Limites de jeu responsable<\/td>\n<td>Pour jouer de mani\u00e8re responsable, tous les utilisateurs peuvent activer des limites financi\u00e8res et temporelles ainsi que l&rsquo;outil d&rsquo;auto-exclusion.<\/td>\n<\/tr>\n<tr>\n<td>Gestion des notifications<\/td>\n<td>Les joueurs peuvent configurer des notifications par e-mail, SMS et push concernant les actualit\u00e9s et les mises \u00e0 jour.<\/td>\n<\/tr>\n<\/tbody>\n<\/table>\n<h3>Mot de passe oubli\u00e9 ?<\/h3>\n<p>Chez SpinAnia Casino, il existe une solution pour chaque situation, y compris si vous oubliez votre mot de passe. Nous avons mis en place une proc\u00e9dure sp\u00e9ciale pour vous aider dans ce cas. Dans le formulaire SpinAnia login, vous devez suivre le lien \u00ab Mot de passe oubli\u00e9 ? \u00bb. Il vous suffit d&rsquo;entrer l&rsquo;adresse e-mail que vous avez utilis\u00e9e lors de votre inscription et nous vous enverrons le lien de r\u00e9initialisation. La prochaine fois, pour acc\u00e9der \u00e0 votre compte, utilisez le nouveau mot de passe que vous avez cr\u00e9\u00e9.<\/p>\n<h2>Processus de v\u00e9rification au Spin Ania Casino<\/h2>\n<p>Le processus de v\u00e9rification est une \u00e9tape essentielle pour prot\u00e9ger notre plateforme et pr\u00e9venir la fraude. Tous les utilisateurs doivent le compl\u00e9ter avant leur premier retrait. Nous devons v\u00e9rifier votre identit\u00e9, votre \u00e2ge, votre adresse postale et la propri\u00e9t\u00e9 de votre compte de paiement sur SpinAnia Casino. Pour ce faire, nous vous demanderons de t\u00e9l\u00e9charger certains documents personnels, par exemple une copie de votre passeport, de votre carte d&rsquo;identit\u00e9 ou de votre permis de conduire, un relev\u00e9 bancaire et une capture d&rsquo;\u00e9cran de votre compte de paiement avec votre nom complet.<\/p>\n<p>Nos responsables v\u00e9rifieront tous les documents t\u00e9l\u00e9charg\u00e9s dans un d\u00e9lai de 48 heures. Vous recevrez un e-mail et une notification dans votre compte vous informant des r\u00e9sultats. Si tout est en ordre, vous ne subirez aucun retard de paiement.<\/p>\n<h2>FAQ<\/h2>\n<h3>Quelles sont les \u00e9tapes \u00e0 suivre pour v\u00e9rifier un compte ?<\/h3>\n<p>Pour v\u00e9rifier votre identit\u00e9, vous devez t\u00e9l\u00e9charger vos informations personnelles. Nos responsables les examineront dans les 48 heures et vous r\u00e9pondront. Aucune autre d\u00e9marche n&rsquo;est requise de votre part.<\/p>\n<h3>Comment puis-je fermer ou suspendre temporairement mon compte ?<\/h3>\n<p>Si vous d\u00e9cidez de fermer ou de verrouiller temporairement votre compte, contactez notre \u00e9quipe d&rsquo;assistance pour obtenir de l&rsquo;aide. Elle effectuera cette op\u00e9ration en quelques minutes et vous expliquera comment rouvrir un compte Spin Ania.<\/p>\n<h3>Mon compte est bloqu\u00e9. Que dois-je faire ?<\/h3>\n<p>Si nous bloquons les comptes des utilisateurs, nous envoyons toujours un e-mail contenant des informations suppl\u00e9mentaires sur votre cas. Si vous n&rsquo;avez rien re\u00e7u, veuillez nous contacter via le chat en direct ou par e-mail.<\/p>\n<h3>Puis-je g\u00e9rer mon mot de passe ou mon adresse e-mail ?<\/h3>\n<p>Dans les param\u00e8tres de votre compte, vous pouvez modifier vos informations personnelles et vos informations de paiement \u00e0 tout moment. Si vous devez mettre \u00e0 jour votre mot de passe, nous vous enverrons un e-mail de confirmation. Veuillez suivre le lien contenu dans l&rsquo;e-mail pour terminer le processus.<\/p>\n<\/div><\/div><\/p>\n","protected":false},"excerpt":{"rendered":"<p>Connexion et inscription \u00e0 SpinAnia La seule \u00e9tape \u00e0 suivre pour commencer \u00e0 jouer avec de l&rsquo;argent r\u00e9el est de compl\u00e9ter le processus de SpinAnia login. La plupart de nos utilisateurs n&rsquo;ont pas besoin de plus de 3 minutes pour cela. L&rsquo;inscription n\u00e9cessite votre adresse e-mail et votre mot de passe. Nous recommandons \u00e0 tous [&hellip;]<\/p>\n","protected":false},"author":1,"featured_media":0,"parent":0,"menu_order":0,"comment_status":"closed","ping_status":"closed","template":"template-builder.php","meta":{"_acf_changed":false,"inline_featured_image":false,"footnotes":""},"class_list":["post-1482","page","type-page","status-publish","hentry"],"acf":[],"yoast_head":"<!-- This site is optimized with the Yoast SEO plugin v27.3 - https:\/\/yoast.com\/product\/yoast-seo-wordpress\/ -->\n<title>SpinAnia Casino - Login &amp; Aanmelden<\/title>\n<meta name=\"description\" content=\"SpinAnia Casino \u2013 log veilig in of registreer je binnen enkele seconden. Beheer je profiel, verificatie en bonusvoorkeuren op Spin Ania.\" \/>\n<meta name=\"robots\" content=\"index, follow, max-snippet:-1, max-image-preview:large, max-video-preview:-1\" \/>\n<link rel=\"canonical\" href=\"https:\/\/spinania.org\/fr\/connexion-et-inscription\/\" \/>\n<meta property=\"og:locale\" content=\"fr_FR\" \/>\n<meta property=\"og:type\" content=\"article\" \/>\n<meta property=\"og:title\" content=\"SpinAnia Casino - Login &amp; Aanmelden\" \/>\n<meta property=\"og:description\" content=\"SpinAnia Casino \u2013 log veilig in of registreer je binnen enkele seconden. Beheer je profiel, verificatie en bonusvoorkeuren op Spin Ania.\" \/>\n<meta property=\"og:url\" content=\"https:\/\/spinania.org\/fr\/connexion-et-inscription\/\" \/>\n<meta property=\"og:site_name\" content=\"spinania\" \/>\n<meta property=\"article:modified_time\" content=\"2026-01-15T14:01:41+00:00\" \/>\n<meta name=\"twitter:card\" content=\"summary_large_image\" \/>\n<meta name=\"twitter:label1\" content=\"Dur\u00e9e de lecture estim\u00e9e\" \/>\n\t<meta name=\"twitter:data1\" content=\"1 minute\" \/>\n<script type=\"application\/ld+json\" class=\"yoast-schema-graph\">{\"@context\":\"https:\\\/\\\/schema.org\",\"@graph\":[{\"@type\":\"WebPage\",\"@id\":\"https:\\\/\\\/spinania.org\\\/fr\\\/connexion-et-inscription\\\/\",\"url\":\"https:\\\/\\\/spinania.org\\\/fr\\\/connexion-et-inscription\\\/\",\"name\":\"SpinAnia Casino - Login & Aanmelden\",\"isPartOf\":{\"@id\":\"https:\\\/\\\/spinania.org\\\/fr\\\/#website\"},\"datePublished\":\"2026-01-15T10:29:48+00:00\",\"dateModified\":\"2026-01-15T14:01:41+00:00\",\"description\":\"SpinAnia Casino \u2013 log veilig in of registreer je binnen enkele seconden. Beheer je profiel, verificatie en bonusvoorkeuren op Spin Ania.\",\"breadcrumb\":{\"@id\":\"https:\\\/\\\/spinania.org\\\/fr\\\/connexion-et-inscription\\\/#breadcrumb\"},\"inLanguage\":\"fr-FR\",\"potentialAction\":[{\"@type\":\"ReadAction\",\"target\":[\"https:\\\/\\\/spinania.org\\\/fr\\\/connexion-et-inscription\\\/\"]}]},{\"@type\":\"BreadcrumbList\",\"@id\":\"https:\\\/\\\/spinania.org\\\/fr\\\/connexion-et-inscription\\\/#breadcrumb\",\"itemListElement\":[{\"@type\":\"ListItem\",\"position\":1,\"name\":\"Spinania\",\"item\":\"https:\\\/\\\/spinania.org\\\/fr\\\/\"},{\"@type\":\"ListItem\",\"position\":2,\"name\":\"Connexion et inscription\"}]},{\"@type\":\"WebSite\",\"@id\":\"https:\\\/\\\/spinania.org\\\/fr\\\/#website\",\"url\":\"https:\\\/\\\/spinania.org\\\/fr\\\/\",\"name\":\"Spinania\",\"description\":\"\",\"publisher\":{\"@id\":\"https:\\\/\\\/spinania.org\\\/fr\\\/#organization\"},\"potentialAction\":[{\"@type\":\"SearchAction\",\"target\":{\"@type\":\"EntryPoint\",\"urlTemplate\":\"https:\\\/\\\/spinania.org\\\/fr\\\/?s={search_term_string}\"},\"query-input\":{\"@type\":\"PropertyValueSpecification\",\"valueRequired\":true,\"valueName\":\"search_term_string\"}}],\"inLanguage\":\"fr-FR\"},{\"@type\":\"Organization\",\"@id\":\"https:\\\/\\\/spinania.org\\\/fr\\\/#organization\",\"name\":\"Spinania\",\"url\":\"https:\\\/\\\/spinania.org\\\/fr\\\/\",\"logo\":{\"@type\":\"ImageObject\",\"inLanguage\":\"fr-FR\",\"@id\":\"https:\\\/\\\/spinania.org\\\/fr\\\/#\\\/schema\\\/logo\\\/image\\\/\",\"url\":\"https:\\\/\\\/spinania.org\\\/wp-content\\\/uploads\\\/2026\\\/01\\\/Casino-logo-Desktop.png\",\"contentUrl\":\"https:\\\/\\\/spinania.org\\\/wp-content\\\/uploads\\\/2026\\\/01\\\/Casino-logo-Desktop.png\",\"width\":88,\"height\":26,\"caption\":\"Spinania\"},\"image\":{\"@id\":\"https:\\\/\\\/spinania.org\\\/fr\\\/#\\\/schema\\\/logo\\\/image\\\/\"}}]}<\/script>\n<!-- \/ Yoast SEO plugin. -->","yoast_head_json":{"title":"SpinAnia Casino - Login & Aanmelden","description":"SpinAnia Casino \u2013 log veilig in of registreer je binnen enkele seconden. Beheer je profiel, verificatie en bonusvoorkeuren op Spin Ania.","robots":{"index":"index","follow":"follow","max-snippet":"max-snippet:-1","max-image-preview":"max-image-preview:large","max-video-preview":"max-video-preview:-1"},"canonical":"https:\/\/spinania.org\/fr\/connexion-et-inscription\/","og_locale":"fr_FR","og_type":"article","og_title":"SpinAnia Casino - Login & Aanmelden","og_description":"SpinAnia Casino \u2013 log veilig in of registreer je binnen enkele seconden. Beheer je profiel, verificatie en bonusvoorkeuren op Spin Ania.","og_url":"https:\/\/spinania.org\/fr\/connexion-et-inscription\/","og_site_name":"spinania","article_modified_time":"2026-01-15T14:01:41+00:00","twitter_card":"summary_large_image","twitter_misc":{"Dur\u00e9e de lecture estim\u00e9e":"1 minute"},"schema":{"@context":"https:\/\/schema.org","@graph":[{"@type":"WebPage","@id":"https:\/\/spinania.org\/fr\/connexion-et-inscription\/","url":"https:\/\/spinania.org\/fr\/connexion-et-inscription\/","name":"SpinAnia Casino - Login & Aanmelden","isPartOf":{"@id":"https:\/\/spinania.org\/fr\/#website"},"datePublished":"2026-01-15T10:29:48+00:00","dateModified":"2026-01-15T14:01:41+00:00","description":"SpinAnia Casino \u2013 log veilig in of registreer je binnen enkele seconden. Beheer je profiel, verificatie en bonusvoorkeuren op Spin Ania.","breadcrumb":{"@id":"https:\/\/spinania.org\/fr\/connexion-et-inscription\/#breadcrumb"},"inLanguage":"fr-FR","potentialAction":[{"@type":"ReadAction","target":["https:\/\/spinania.org\/fr\/connexion-et-inscription\/"]}]},{"@type":"BreadcrumbList","@id":"https:\/\/spinania.org\/fr\/connexion-et-inscription\/#breadcrumb","itemListElement":[{"@type":"ListItem","position":1,"name":"Spinania","item":"https:\/\/spinania.org\/fr\/"},{"@type":"ListItem","position":2,"name":"Connexion et inscription"}]},{"@type":"WebSite","@id":"https:\/\/spinania.org\/fr\/#website","url":"https:\/\/spinania.org\/fr\/","name":"Spinania","description":"","publisher":{"@id":"https:\/\/spinania.org\/fr\/#organization"},"potentialAction":[{"@type":"SearchAction","target":{"@type":"EntryPoint","urlTemplate":"https:\/\/spinania.org\/fr\/?s={search_term_string}"},"query-input":{"@type":"PropertyValueSpecification","valueRequired":true,"valueName":"search_term_string"}}],"inLanguage":"fr-FR"},{"@type":"Organization","@id":"https:\/\/spinania.org\/fr\/#organization","name":"Spinania","url":"https:\/\/spinania.org\/fr\/","logo":{"@type":"ImageObject","inLanguage":"fr-FR","@id":"https:\/\/spinania.org\/fr\/#\/schema\/logo\/image\/","url":"https:\/\/spinania.org\/wp-content\/uploads\/2026\/01\/Casino-logo-Desktop.png","contentUrl":"https:\/\/spinania.org\/wp-content\/uploads\/2026\/01\/Casino-logo-Desktop.png","width":88,"height":26,"caption":"Spinania"},"image":{"@id":"https:\/\/spinania.org\/fr\/#\/schema\/logo\/image\/"}}]}},"_links":{"self":[{"href":"https:\/\/spinania.org\/fr\/wp-json\/wp\/v2\/pages\/1482","targetHints":{"allow":["GET"]}}],"collection":[{"href":"https:\/\/spinania.org\/fr\/wp-json\/wp\/v2\/pages"}],"about":[{"href":"https:\/\/spinania.org\/fr\/wp-json\/wp\/v2\/types\/page"}],"author":[{"embeddable":true,"href":"https:\/\/spinania.org\/fr\/wp-json\/wp\/v2\/users\/1"}],"replies":[{"embeddable":true,"href":"https:\/\/spinania.org\/fr\/wp-json\/wp\/v2\/comments?post=1482"}],"version-history":[{"count":2,"href":"https:\/\/spinania.org\/fr\/wp-json\/wp\/v2\/pages\/1482\/revisions"}],"predecessor-version":[{"id":1595,"href":"https:\/\/spinania.org\/fr\/wp-json\/wp\/v2\/pages\/1482\/revisions\/1595"}],"wp:attachment":[{"href":"https:\/\/spinania.org\/fr\/wp-json\/wp\/v2\/media?parent=1482"}],"curies":[{"name":"wp","href":"https:\/\/api.w.org\/{rel}","templated":true}]}}