{"id":1440,"date":"2026-01-15T10:27:56","date_gmt":"2026-01-15T10:27:56","guid":{"rendered":"https:\/\/spinania.org\/app\/"},"modified":"2026-01-15T13:52:47","modified_gmt":"2026-01-15T13:52:47","slug":"app","status":"publish","type":"page","link":"https:\/\/spinania.org\/fr\/app\/","title":{"rendered":"App"},"content":{"rendered":"<h1>Application SpinAnia<\/h1>\n<p>SpinAnia App permet \u00e0 tous nos utilisateurs de jouer \u00e0 leurs jeux pr\u00e9f\u00e9r\u00e9s sur smartphone ou tablette. C&rsquo;est une option pratique pour tous ceux qui souhaitent rester connect\u00e9s, quel que soit l&rsquo;endroit o\u00f9 ils se trouvent ou l&rsquo;appareil qu&rsquo;ils utilisent. Nous proposons une application d\u00e9di\u00e9e et une version navigateur. Elle est disponible sur tous les appareils Android et iOS. Si vous vous connectez \u00e0 votre compte sur plusieurs appareils, vos r\u00e9sultats et votre progression seront synchronis\u00e9s entre eux.<\/p>\n<div class=\"banner-wrap\" aria-label=\"Banner\"><img src=\"https:\/\/spinania.org\/wp-content\/uploads\/2026\/01\/Spinania-Banner-Desktop.webp\" class=\"w-100 d-none d-lg-block img-pc main-banner-img\" alt=\"Spinania Banner Desktop\" fetchpriority=\"high\" decoding=\"async\"><img src=\"https:\/\/spinania.org\/wp-content\/uploads\/2026\/01\/Spinania-mobile-banner.webp\" class=\"w-100 d-none d-md-block d-lg-none main-banner-img\" alt=\"Spinania mobile banner\" fetchpriority=\"high\" decoding=\"async\"><img src=\"https:\/\/spinania.org\/wp-content\/uploads\/2026\/01\/Spinania-mobile-banner.webp\" class=\"w-100 d-md-none\" alt=\"Spinania mobile banner\" fetchpriority=\"high\" decoding=\"async\"><div class=\"banner-description\">\n<div class=\"banner-title\">Bonus de bienvenue<\/div>\n<p class=\"banner-header-title\">1500 \u20ac<\/p>\n<div class=\"banner-header-AdditionalText\">+ 250 Tours gratuits<\/div>\n<button data-item=\"homepage_banner_link\" class=\"goto m-button m-gradient-border m-button--primary m-button--large banner-button btn-orange\">\n            <div class=\"m-button-content\">\n                <span>Inscrivez-vous d\u00e8s maintenant<\/span>\n                <span><\/span>\n            <\/div>\n        <\/button>\n<\/div>\n<div class=\"WelcomePack\">\n<p><img loading=\"lazy\" decoding=\"async\" class=\"alignnone size-full wp-image-1331\" src=\"https:\/\/spinania.org\/wp-content\/uploads\/2026\/01\/welcome-crown.svg\" alt=\"welcome crown\" width=\"25\" height=\"26\" \/><\/p>\n<div class=\"WelcomePack-Info\">Cashback hebdomadaire jusqu&rsquo;\u00e0 25 %<\/div>\n<p><img loading=\"lazy\" decoding=\"async\" class=\"alignnone size-full wp-image-1331\" src=\"https:\/\/spinania.org\/wp-content\/uploads\/2026\/01\/welcome-crown.svg\" alt=\"welcome crown\" width=\"25\" height=\"26\" \/><\/p>\n<\/div>\n<\/div>\n<h2>Casino mobile SpinAnia<\/h2>\n<p>SpinAnia Casino fait passer le jeu \u00e0 un niveau sup\u00e9rieur. D\u00e9sormais, vous n&rsquo;avez plus besoin de choisir un appareil sp\u00e9cifique pour vos jeux pr\u00e9f\u00e9r\u00e9s. Vous pouvez commencer sur votre PC et continuer sur votre smartphone. Jouer en d\u00e9placement est de plus en plus populaire. Environ 80 % de nos joueurs pr\u00e9f\u00e8rent acc\u00e9der \u00e0 SpinAnia sur des appareils mobiles.<\/p>\n<p>Vous pouvez acc\u00e9der au casino mobile via l&rsquo;application Spin Ania ou dans votre navigateur. Les deux options sont excellentes et s&rsquo;adaptent parfaitement aux appareils Android et iOS. Vous ne perdrez rien de votre exp\u00e9rience de jeu en jouant sur un smartphone.<\/p>\n<p>Dans le logiciel mobile, nous proposons \u00e0 nos clients l&rsquo;int\u00e9gralit\u00e9 de la collection de jeux et tous les m\u00eames processus disponibles, tels que l&rsquo;inscription, la connexion, les paiements et le processus de v\u00e9rification. Si vous rencontrez des probl\u00e8mes avec SpinAnia Casino, vous pouvez nous contacter via le chat en direct int\u00e9gr\u00e9 \u00e0 l&rsquo;application.<\/p>\n<p><div class=\"scrollable-content-wrap my-5\"><div class=\"scrollable-content-inner\"><h2>Application SpinAnia pour Android<\/h2>\n<p>Les utilisateurs d&rsquo;Android seront ravis d&rsquo;apprendre qu&rsquo;ils peuvent acc\u00e9der \u00e0 notre plateforme depuis n&rsquo;importe quel appareil de leur choix. Nous vous invitons \u00e0 essayer notre casino en ligne dans un navigateur mobile, tel que Google Chrome. Il a \u00e9t\u00e9 d\u00e9velopp\u00e9 pour s&rsquo;adapter automatiquement aux r\u00e9solutions d&rsquo;\u00e9cran des appareils mobiles.<\/p>\n<p>Une autre option pour les joueurs Android est l&rsquo;application SpinAnia. Elle peut \u00eatre install\u00e9e \u00e0 partir de notre site web. Nous ne vous demanderons pas de t\u00e9l\u00e9charger des fichiers APK SpinAnia inconnus, car notre solution est une application web progressive. Elle n&rsquo;utilise pas beaucoup d&rsquo;espace de stockage sur l&rsquo;appareil, seulement pour les donn\u00e9es mises en cache.<\/p>\n<p>Si vous d\u00e9cidez d&rsquo;essayer l&rsquo;application Spin Ania sur Android, veuillez suivre les instructions ci-dessous. L&rsquo;ensemble du processus prendra quelques minutes, mais vous ouvrira de nombreuses nouvelles possibilit\u00e9s.<\/p>\n<table>\n<tbody>\n<tr>\n<td>\u00c9tape<\/td>\n<td>D\u00e9tails<\/td>\n<\/tr>\n<tr>\n<td>Rendez-vous sur notre site web<\/td>\n<td>Visitez SpinAnia dans votre navigateur mobile pr\u00e9f\u00e9r\u00e9.<\/td>\n<\/tr>\n<tr>\n<td>Cliquez sur \u00ab Application Casino \u00bb.<\/td>\n<td>Le bouton \u00ab Casino App \u00bb se trouve en bas de la page principale.<\/td>\n<\/tr>\n<tr>\n<td>Cliquez sur \u00ab Installer \u00bb.<\/td>\n<td>Sur la nouvelle page, au milieu de l&rsquo;\u00e9cran, le bouton \u00ab Installer \u00bb appara\u00eetra.<\/td>\n<\/tr>\n<tr>\n<td>Terminer l&rsquo;installation<\/td>\n<td>Une fois le processus termin\u00e9, l&rsquo;ic\u00f4ne du casino en ligne appara\u00eetra sur l&rsquo;\u00e9cran d&rsquo;accueil de votre appareil.<\/td>\n<\/tr>\n<\/tbody>\n<\/table>\n<p><img loading=\"lazy\" decoding=\"async\" src=\"https:\/\/spinania.org\/wp-content\/uploads\/2026\/01\/Spinania-Android-App.webp\" alt=\"Spinania Android App\" width=\"1248\" height=\"536\" \/><\/p>\n<\/div><\/div><div style=\"clear: both\"><\/div><div class=\"d-flex justify-content-center\"><button data-item=\"decouvrez_link\" data-group=\"website_links\" class=\"goto fw-bold rounded-pill btn btn-orange\" aria-label=\"T\u00e9l\u00e9chargez l&#039;application Spinania\" >T\u00e9l\u00e9chargez l&#039;application Spinania<\/button><\/div><div class=\"scrollable-content-wrap my-5\"><div class=\"scrollable-content-inner\"><h2>iOS mobile application<\/h2>\n<p>Si vous poss\u00e9dez un smartphone ou une tablette iOS, vous disposez de plusieurs moyens pour jouer sur SpinAnia Casino. Nous proposons une version navigateur qui vous permet d&rsquo;installer une ic\u00f4ne de raccourci. De plus, l&rsquo;application SpinAnia est disponible pour les appareils iOS. L&rsquo;App Store imposant des restrictions sur les jeux d&rsquo;argent, vous ne pouvez pas la t\u00e9l\u00e9charger depuis cette plateforme, mais elle est disponible \u00e0 l&rsquo;installation sur notre site web.<\/p>\n<p>L&rsquo;ic\u00f4ne de raccourci vous permet d&rsquo;acc\u00e9der \u00e0 la plateforme en un seul clic depuis votre \u00e9cran d&rsquo;accueil. La version mobile du navigateur Spin Ania Casino propose plus de 6 000 jeux, dont des machines \u00e0 sous, des jeux de table, des titres de casino en direct et des jeux crash. Suivez notre guide \u00e9tape par \u00e9tape pour installer l&rsquo;ic\u00f4ne de raccourci sur votre \u00e9cran d&rsquo;accueil.<\/p>\n<table>\n<tbody>\n<tr>\n<td>\u00c9tape<\/td>\n<td>D\u00e9tails<\/td>\n<\/tr>\n<tr>\n<td>Ouvrez le site web<\/td>\n<td>Dans le navigateur de votre choix, rendez-vous sur la page SpinAnia Casino.<\/td>\n<\/tr>\n<tr>\n<td>Cliquez sur \u00ab Partager \u00bb ou \u00ab Plus \u00bb.<\/td>\n<td>Selon votre navigateur, le bouton aura un nom diff\u00e9rent. Il se trouve dans la barre d&rsquo;adresse.<\/td>\n<\/tr>\n<tr>\n<td>S\u00e9lectionnez \u00ab Ajouter \u00e0 l&rsquo;\u00e9cran d&rsquo;accueil \u00bb.<\/td>\n<td>Dans la liste, trouvez l&rsquo;option souhait\u00e9e.<\/td>\n<\/tr>\n<tr>\n<td>Personnaliser l&rsquo;ic\u00f4ne<\/td>\n<td>Vous pouvez mettre \u00e0 jour le nom et l&rsquo;aspect visuel de l&rsquo;ic\u00f4ne si n\u00e9cessaire.<\/td>\n<\/tr>\n<tr>\n<td>Cliquez sur \u00ab Ajouter \u00bb.<\/td>\n<td>Cette \u00e9tape confirme les actions pr\u00e9c\u00e9dentes et cr\u00e9e l&rsquo;ic\u00f4ne de raccourci.<\/td>\n<\/tr>\n<\/tbody>\n<\/table>\n<p><img loading=\"lazy\" decoding=\"async\" src=\"https:\/\/spinania.org\/wp-content\/uploads\/2026\/01\/Spinania-iOS-App.webp\" alt=\"Spinania iOS App\" width=\"1248\" height=\"536\" \/><\/p>\n<\/div><\/div><div style=\"clear: both\"><\/div><div class=\"d-flex justify-content-center\"><button data-item=\"decouvrez_link\" data-group=\"website_links\" class=\"goto fw-bold rounded-pill btn btn-orange\" aria-label=\"T\u00e9l\u00e9charger Spinanina\" >T\u00e9l\u00e9charger Spinanina<\/button><\/div><div class=\"scrollable-content-wrap my-5\"><div class=\"scrollable-content-inner\"><h2>Application SpinAnia Casino pour Windows\/macOS<\/h2>\n<p>Nous ne vous limitons pas \u00e0 l&rsquo;utilisation d&rsquo;un appareil sp\u00e9cifique. Parfois, jouer sur un PC ou un ordinateur portable avec un grand \u00e9cran peut vous plonger davantage dans l&rsquo;atmosph\u00e8re d&rsquo;un vrai casino. Ce n&rsquo;est pas un probl\u00e8me si vous commencez votre aventure sur un smartphone et la poursuivez sur un ordinateur de bureau. Toutes vos donn\u00e9es et pr\u00e9f\u00e9rences SpinAnia Casino seront synchronis\u00e9es.<\/p>\n<p>Avec une connexion Internet stable, vous profiterez d&rsquo;un gameplay fluide et d&rsquo;un chargement rapide de toutes les fonctionnalit\u00e9s n\u00e9cessaires. SpinAnia Casino propose deux options principales pour l&rsquo;utiliser sur un ordinateur de bureau :<\/p>\n<ul>\n<li>Version navigateur. Pour acc\u00e9der \u00e0 notre site Web, vous pouvez utiliser n&rsquo;importe quel navigateur pratique, tel que Safari ou Google Chrome. Aucun t\u00e9l\u00e9chargement ni installation n&rsquo;est n\u00e9cessaire.<\/li>\n<li>Ic\u00f4ne de raccourci. Cette option vous permet d&rsquo;acc\u00e9der plus rapidement \u00e0 Spin Ania sans avoir \u00e0 ouvrir votre navigateur et \u00e0 rechercher le site web. L&rsquo;ic\u00f4ne de raccourci n&rsquo;utilise pas la m\u00e9moire de votre appareil.<\/li>\n<\/ul>\n<p><img loading=\"lazy\" decoding=\"async\" src=\"https:\/\/spinania.org\/wp-content\/uploads\/2026\/01\/Spinania-Desktop.webp\" alt=\"Spinania Desktop\" width=\"1248\" height=\"536\" \/><\/p>\n<\/div><\/div><div style=\"clear: both\"><\/div><div class=\"d-flex justify-content-center\"><button data-item=\"decouvrez_link\" data-group=\"website_links\" class=\"goto fw-bold rounded-pill btn btn-orange\" aria-label=\"T\u00e9l\u00e9chargez l&#039;application Spinania\" >T\u00e9l\u00e9chargez l&#039;application Spinania<\/button><\/div><div class=\"scrollable-content-wrap my-5\"><div class=\"scrollable-content-inner\"><h2>FAQ<\/h2>\n<h3>O\u00f9 puis-je obtenir de l&rsquo;aide dans l&rsquo;application SpinAnia Casino ?<\/h3>\n<p>Notre logiciel mobile pour Android et iOS comprend une fonctionnalit\u00e9 int\u00e9gr\u00e9e de chat en direct permettant de contacter l&rsquo;\u00e9quipe d&rsquo;assistance, disponible 24 h\/24 et 7 j\/7. Vous pouvez \u00e9galement nous envoyer un e-mail pour obtenir des informations plus d\u00e9taill\u00e9es.<\/p>\n<h3>Ai-je besoin d&rsquo;un compte pour utiliser l&rsquo;application Spin Ania ?<\/h3>\n<p>Pour acc\u00e9der \u00e0 toutes les fonctionnalit\u00e9s et \u00e0 tous les jeux, vous devez cr\u00e9er un compte dans l&rsquo;application SpinAnia. Certains titres sont disponibles en mode d\u00e9mo, o\u00f9 vous jouerez avec des pi\u00e8ces virtuelles. Dans ce cas, vous ne pouvez pas retirer vos gains.<\/p>\n<h3>Tous les jeux sont-ils disponibles dans l&rsquo;application ?<\/h3>\n<p>Nos fournisseurs de logiciels de confiance d\u00e9veloppent des jeux compatibles avec tous les appareils mobiles modernes. C&rsquo;est pourquoi vous aurez acc\u00e8s \u00e0 plus de 6 000 titres depuis votre smartphone, notamment des machines \u00e0 sous en ligne, des jeux de table, des options avec croupier en direct et des jeux crash.<\/p>\n<h3>Comment puis-je mettre \u00e0 jour l&rsquo;application SpinAnia Casino ?<\/h3>\n<p>La version mobile de Spin Ania Casino, disponible en t\u00e9l\u00e9chargement sur notre site web, est une application web progressive. Elle se mettra \u00e0 jour automatiquement, sans aucune intervention de votre part.<\/p>\n<\/div><\/div><\/p>\n","protected":false},"excerpt":{"rendered":"<p>Application SpinAnia SpinAnia App permet \u00e0 tous nos utilisateurs de jouer \u00e0 leurs jeux pr\u00e9f\u00e9r\u00e9s sur smartphone ou tablette. C&rsquo;est une option pratique pour tous ceux qui souhaitent rester connect\u00e9s, quel que soit l&rsquo;endroit o\u00f9 ils se trouvent ou l&rsquo;appareil qu&rsquo;ils utilisent. Nous proposons une application d\u00e9di\u00e9e et une version navigateur. Elle est disponible sur [&hellip;]<\/p>\n","protected":false},"author":1,"featured_media":0,"parent":0,"menu_order":0,"comment_status":"closed","ping_status":"closed","template":"template-builder.php","meta":{"_acf_changed":false,"inline_featured_image":false,"footnotes":""},"class_list":["post-1440","page","type-page","status-publish","hentry"],"acf":[],"yoast_head":"<!-- This site is optimized with the Yoast SEO plugin v27.3 - https:\/\/yoast.com\/product\/yoast-seo-wordpress\/ -->\n<title>SpinAnia App \u2013 Download iOS &amp; Android<\/title>\n<meta name=\"description\" content=\"SpinAnia App \u2013 installeer op iOS en Android voor volledige casinotoegang overal. Ervaar soepele gameplay, snelle synchronisatie en live ondersteuning \u2013 alles in Spin Ania.\" \/>\n<meta name=\"robots\" content=\"index, follow, max-snippet:-1, max-image-preview:large, max-video-preview:-1\" \/>\n<link rel=\"canonical\" href=\"https:\/\/spinania.org\/fr\/app\/\" \/>\n<meta property=\"og:locale\" content=\"fr_FR\" \/>\n<meta property=\"og:type\" content=\"article\" \/>\n<meta property=\"og:title\" content=\"SpinAnia App \u2013 Download iOS &amp; Android\" \/>\n<meta property=\"og:description\" content=\"SpinAnia App \u2013 installeer op iOS en Android voor volledige casinotoegang overal. Ervaar soepele gameplay, snelle synchronisatie en live ondersteuning \u2013 alles in Spin Ania.\" \/>\n<meta property=\"og:url\" content=\"https:\/\/spinania.org\/fr\/app\/\" \/>\n<meta property=\"og:site_name\" content=\"spinania\" \/>\n<meta property=\"article:modified_time\" content=\"2026-01-15T13:52:47+00:00\" \/>\n<meta name=\"twitter:card\" content=\"summary_large_image\" \/>\n<meta name=\"twitter:label1\" content=\"Dur\u00e9e de lecture estim\u00e9e\" \/>\n\t<meta name=\"twitter:data1\" content=\"2 minutes\" \/>\n<script type=\"application\/ld+json\" class=\"yoast-schema-graph\">{\"@context\":\"https:\\\/\\\/schema.org\",\"@graph\":[{\"@type\":\"WebPage\",\"@id\":\"https:\\\/\\\/spinania.org\\\/fr\\\/app\\\/\",\"url\":\"https:\\\/\\\/spinania.org\\\/fr\\\/app\\\/\",\"name\":\"SpinAnia App \u2013 Download iOS & Android\",\"isPartOf\":{\"@id\":\"https:\\\/\\\/spinania.org\\\/fr\\\/#website\"},\"datePublished\":\"2026-01-15T10:27:56+00:00\",\"dateModified\":\"2026-01-15T13:52:47+00:00\",\"description\":\"SpinAnia App \u2013 installeer op iOS en Android voor volledige casinotoegang overal. Ervaar soepele gameplay, snelle synchronisatie en live ondersteuning \u2013 alles in Spin Ania.\",\"breadcrumb\":{\"@id\":\"https:\\\/\\\/spinania.org\\\/fr\\\/app\\\/#breadcrumb\"},\"inLanguage\":\"fr-FR\",\"potentialAction\":[{\"@type\":\"ReadAction\",\"target\":[\"https:\\\/\\\/spinania.org\\\/fr\\\/app\\\/\"]}]},{\"@type\":\"BreadcrumbList\",\"@id\":\"https:\\\/\\\/spinania.org\\\/fr\\\/app\\\/#breadcrumb\",\"itemListElement\":[{\"@type\":\"ListItem\",\"position\":1,\"name\":\"Spinania\",\"item\":\"https:\\\/\\\/spinania.org\\\/fr\\\/\"},{\"@type\":\"ListItem\",\"position\":2,\"name\":\"App\"}]},{\"@type\":\"WebSite\",\"@id\":\"https:\\\/\\\/spinania.org\\\/fr\\\/#website\",\"url\":\"https:\\\/\\\/spinania.org\\\/fr\\\/\",\"name\":\"Spinania\",\"description\":\"\",\"publisher\":{\"@id\":\"https:\\\/\\\/spinania.org\\\/fr\\\/#organization\"},\"potentialAction\":[{\"@type\":\"SearchAction\",\"target\":{\"@type\":\"EntryPoint\",\"urlTemplate\":\"https:\\\/\\\/spinania.org\\\/fr\\\/?s={search_term_string}\"},\"query-input\":{\"@type\":\"PropertyValueSpecification\",\"valueRequired\":true,\"valueName\":\"search_term_string\"}}],\"inLanguage\":\"fr-FR\"},{\"@type\":\"Organization\",\"@id\":\"https:\\\/\\\/spinania.org\\\/fr\\\/#organization\",\"name\":\"Spinania\",\"url\":\"https:\\\/\\\/spinania.org\\\/fr\\\/\",\"logo\":{\"@type\":\"ImageObject\",\"inLanguage\":\"fr-FR\",\"@id\":\"https:\\\/\\\/spinania.org\\\/fr\\\/#\\\/schema\\\/logo\\\/image\\\/\",\"url\":\"https:\\\/\\\/spinania.org\\\/wp-content\\\/uploads\\\/2026\\\/01\\\/Casino-logo-Desktop.png\",\"contentUrl\":\"https:\\\/\\\/spinania.org\\\/wp-content\\\/uploads\\\/2026\\\/01\\\/Casino-logo-Desktop.png\",\"width\":88,\"height\":26,\"caption\":\"Spinania\"},\"image\":{\"@id\":\"https:\\\/\\\/spinania.org\\\/fr\\\/#\\\/schema\\\/logo\\\/image\\\/\"}}]}<\/script>\n<!-- \/ Yoast SEO plugin. -->","yoast_head_json":{"title":"SpinAnia App \u2013 Download iOS & Android","description":"SpinAnia App \u2013 installeer op iOS en Android voor volledige casinotoegang overal. Ervaar soepele gameplay, snelle synchronisatie en live ondersteuning \u2013 alles in Spin Ania.","robots":{"index":"index","follow":"follow","max-snippet":"max-snippet:-1","max-image-preview":"max-image-preview:large","max-video-preview":"max-video-preview:-1"},"canonical":"https:\/\/spinania.org\/fr\/app\/","og_locale":"fr_FR","og_type":"article","og_title":"SpinAnia App \u2013 Download iOS & Android","og_description":"SpinAnia App \u2013 installeer op iOS en Android voor volledige casinotoegang overal. Ervaar soepele gameplay, snelle synchronisatie en live ondersteuning \u2013 alles in Spin Ania.","og_url":"https:\/\/spinania.org\/fr\/app\/","og_site_name":"spinania","article_modified_time":"2026-01-15T13:52:47+00:00","twitter_card":"summary_large_image","twitter_misc":{"Dur\u00e9e de lecture estim\u00e9e":"2 minutes"},"schema":{"@context":"https:\/\/schema.org","@graph":[{"@type":"WebPage","@id":"https:\/\/spinania.org\/fr\/app\/","url":"https:\/\/spinania.org\/fr\/app\/","name":"SpinAnia App \u2013 Download iOS & Android","isPartOf":{"@id":"https:\/\/spinania.org\/fr\/#website"},"datePublished":"2026-01-15T10:27:56+00:00","dateModified":"2026-01-15T13:52:47+00:00","description":"SpinAnia App \u2013 installeer op iOS en Android voor volledige casinotoegang overal. Ervaar soepele gameplay, snelle synchronisatie en live ondersteuning \u2013 alles in Spin Ania.","breadcrumb":{"@id":"https:\/\/spinania.org\/fr\/app\/#breadcrumb"},"inLanguage":"fr-FR","potentialAction":[{"@type":"ReadAction","target":["https:\/\/spinania.org\/fr\/app\/"]}]},{"@type":"BreadcrumbList","@id":"https:\/\/spinania.org\/fr\/app\/#breadcrumb","itemListElement":[{"@type":"ListItem","position":1,"name":"Spinania","item":"https:\/\/spinania.org\/fr\/"},{"@type":"ListItem","position":2,"name":"App"}]},{"@type":"WebSite","@id":"https:\/\/spinania.org\/fr\/#website","url":"https:\/\/spinania.org\/fr\/","name":"Spinania","description":"","publisher":{"@id":"https:\/\/spinania.org\/fr\/#organization"},"potentialAction":[{"@type":"SearchAction","target":{"@type":"EntryPoint","urlTemplate":"https:\/\/spinania.org\/fr\/?s={search_term_string}"},"query-input":{"@type":"PropertyValueSpecification","valueRequired":true,"valueName":"search_term_string"}}],"inLanguage":"fr-FR"},{"@type":"Organization","@id":"https:\/\/spinania.org\/fr\/#organization","name":"Spinania","url":"https:\/\/spinania.org\/fr\/","logo":{"@type":"ImageObject","inLanguage":"fr-FR","@id":"https:\/\/spinania.org\/fr\/#\/schema\/logo\/image\/","url":"https:\/\/spinania.org\/wp-content\/uploads\/2026\/01\/Casino-logo-Desktop.png","contentUrl":"https:\/\/spinania.org\/wp-content\/uploads\/2026\/01\/Casino-logo-Desktop.png","width":88,"height":26,"caption":"Spinania"},"image":{"@id":"https:\/\/spinania.org\/fr\/#\/schema\/logo\/image\/"}}]}},"_links":{"self":[{"href":"https:\/\/spinania.org\/fr\/wp-json\/wp\/v2\/pages\/1440","targetHints":{"allow":["GET"]}}],"collection":[{"href":"https:\/\/spinania.org\/fr\/wp-json\/wp\/v2\/pages"}],"about":[{"href":"https:\/\/spinania.org\/fr\/wp-json\/wp\/v2\/types\/page"}],"author":[{"embeddable":true,"href":"https:\/\/spinania.org\/fr\/wp-json\/wp\/v2\/users\/1"}],"replies":[{"embeddable":true,"href":"https:\/\/spinania.org\/fr\/wp-json\/wp\/v2\/comments?post=1440"}],"version-history":[{"count":2,"href":"https:\/\/spinania.org\/fr\/wp-json\/wp\/v2\/pages\/1440\/revisions"}],"predecessor-version":[{"id":1593,"href":"https:\/\/spinania.org\/fr\/wp-json\/wp\/v2\/pages\/1440\/revisions\/1593"}],"wp:attachment":[{"href":"https:\/\/spinania.org\/fr\/wp-json\/wp\/v2\/media?parent=1440"}],"curies":[{"name":"wp","href":"https:\/\/api.w.org\/{rel}","templated":true}]}}