{"id":1487,"date":"2026-01-15T10:29:48","date_gmt":"2026-01-15T10:29:48","guid":{"rendered":"https:\/\/spinania.org\/login-and-registration\/"},"modified":"2026-01-16T08:17:01","modified_gmt":"2026-01-16T08:17:01","slug":"inicio-de-sesion-y-registro","status":"publish","type":"page","link":"https:\/\/spinania.org\/es\/inicio-de-sesion-y-registro\/","title":{"rendered":"Inicio de sesi\u00f3n y Registro"},"content":{"rendered":"<h1>Inicio de sesi\u00f3n y registro en SpinAnia<\/h1>\n<p>El \u00fanico paso para empezar a jugar con dinero real es completar el proceso de SpinAnia login. La mayor\u00eda de nuestros usuarios espa\u00f1oles no tardan m\u00e1s de 3 minutos en hacerlo. Para registrarse, es necesario introducir su direcci\u00f3n de correo electr\u00f3nico y contrase\u00f1a. Recomendamos a todos nuestros clientes que creen una contrase\u00f1a segura para mejorar la seguridad. Despu\u00e9s de iniciar sesi\u00f3n, puede personalizar su experiencia activando la configuraci\u00f3n de su cuenta.<\/p>\n<p><div class=\"banner-wrap\" aria-label=\"Banner\"><img src=\"https:\/\/spinania.org\/wp-content\/uploads\/2026\/01\/Spinania-Banner-Desktop.webp\" class=\"w-100 d-none d-lg-block img-pc main-banner-img\" alt=\"Spinania Banner Desktop\" fetchpriority=\"high\" decoding=\"async\"><img src=\"https:\/\/spinania.org\/wp-content\/uploads\/2026\/01\/Spinania-mobile-banner.webp\" class=\"w-100 d-none d-md-block d-lg-none main-banner-img\" alt=\"Spinania mobile banner\" fetchpriority=\"high\" decoding=\"async\"><img src=\"https:\/\/spinania.org\/wp-content\/uploads\/2026\/01\/Spinania-mobile-banner.webp\" class=\"w-100 d-md-none\" alt=\"Spinania mobile banner\" fetchpriority=\"high\" decoding=\"async\"><div class=\"banner-description\">\n<div class=\"banner-title\">Bonos de bienvenida<\/div>\n<p class=\"banner-header-title\">1500 \u20ac<\/p>\n<div class=\"banner-header-AdditionalText\">+ 250 Tiradas gratis<\/div>\n<button data-item=\"homepage_banner_link\" class=\"goto m-button m-gradient-border m-button--primary m-button--large banner-button btn-orange\">\n            <div class=\"m-button-content\">\n                <span>Reg\u00edstrate ahora<\/span>\n                <span><\/span>\n            <\/div>\n        <\/button>\n<\/div>\n<div class=\"WelcomePack\">\n<p><img loading=\"lazy\" decoding=\"async\" class=\"alignnone size-full wp-image-1331\" src=\"https:\/\/spinania.org\/wp-content\/uploads\/2026\/01\/welcome-crown.svg\" alt=\"welcome crown\" width=\"25\" height=\"26\" \/><\/p>\n<div class=\"WelcomePack-Info\">Reembolso semanal de hasta el 25 %<\/div>\n<p><img loading=\"lazy\" decoding=\"async\" class=\"alignnone size-full wp-image-1331\" src=\"https:\/\/spinania.org\/wp-content\/uploads\/2026\/01\/welcome-crown.svg\" alt=\"welcome crown\" width=\"25\" height=\"26\" \/><\/p>\n<\/div>\n<\/div><div class=\"scrollable-content-wrap my-5\"><div class=\"scrollable-content-inner\"><h2>Proceso de registro en SpinAnia Casino<\/h2>\n<p>Spin Ania Casino es una moderna plataforma de juego que ofrece acceso a m\u00e1s de 6.000 t\u00edtulos de los principales proveedores de software. Sin una cuenta, se te permite probar algunos de ellos en modo demo, lo que significa que no puedes retirar las ganancias. El inicio de sesi\u00f3n en SpinAnia puede cambiar esta situaci\u00f3n.<\/p>\n<p>Para todos los usuarios registrados, ofrecemos juegos con dinero real, enormes bonificaciones y colecciones de torneos, pagos r\u00e1pidos y seguros y atenci\u00f3n al cliente disponible las 24 horas del d\u00eda, los 7 d\u00edas de la semana. SpinAnia login est\u00e1 disponible para cualquier persona mayor de 18 a\u00f1os. Otra regla es que cada persona solo puede tener una cuenta en el sitio web. Si tienes alg\u00fan problema con el registro o el inicio de sesi\u00f3n, puedes ponerte en contacto con nuestro equipo de asistencia multiling\u00fce.<\/p>\n<h3>Crea tu cuenta<\/h3>\n<p>Para cualquiera que est\u00e9 empezando su andadura con SpinAnia, recomendamos crear una cuenta. Esto le dar\u00e1 acceso a todas las funciones del sitio web. El proceso es sencillo y no le llevar\u00e1 mucho tiempo. Siga las instrucciones que se indican a continuaci\u00f3n para crear una cuenta en SpinAnia Casino:<\/p>\n<ol>\n<li>Debes hacer clic en \u00abRegistrarse\u00bb en la p\u00e1gina principal.<\/li>\n<li>Los usuarios deben introducir su correo electr\u00f3nico y crear una contrase\u00f1a segura.<\/li>\n<li>Acepta los t\u00e9rminos y condiciones del sitio web.<\/li>\n<li>Confirma que tienes 18 a\u00f1os o m\u00e1s.<\/li>\n<li>Haga clic en \u00abRegistrarse\u00bb al final del formulario de registro para confirmar toda la informaci\u00f3n introducida.<\/li>\n<\/ol>\n<h2>Inicio de sesi\u00f3n y gesti\u00f3n de cuentas en SpinAnia<\/h2>\n<p>Es necesario iniciar sesi\u00f3n en SpinAnia si ya tienes una cuenta en la plataforma. Si accedes a tu perfil desde diferentes dispositivos, todos tus logros, ajustes y otras funciones se sincronizar\u00e1n. El proceso de inicio de sesi\u00f3n en Spin Ania requiere la direcci\u00f3n de correo electr\u00f3nico y la contrase\u00f1a que creaste durante el registro. La siguiente tabla muestra las principales funciones disponibles para todos los usuarios que hayan iniciado sesi\u00f3n.<\/p>\n<table>\n<tbody>\n<tr>\n<td>Caracter\u00edstica<\/td>\n<td>Detalles<\/td>\n<\/tr>\n<tr>\n<td>Gesti\u00f3n de la informaci\u00f3n personal<\/td>\n<td>Los usuarios pueden cambiar su nombre, datos de contacto, contrase\u00f1a y configuraci\u00f3n de la cuenta.<\/td>\n<\/tr>\n<tr>\n<td>Historial del juego<\/td>\n<td>Tienes la oportunidad de comprobar y analizar tu actividad, tus ganancias, tus p\u00e9rdidas y las sesiones de juego completadas.<\/td>\n<\/tr>\n<tr>\n<td>Gesti\u00f3n del estatus VIP<\/td>\n<td>Hay informaci\u00f3n completa sobre el nivel de fidelidad, el porcentaje de reembolso y las recompensas VIP.<\/td>\n<\/tr>\n<tr>\n<td>L\u00edmites de juego responsable<\/td>\n<td>Para jugar de forma responsable, todos los usuarios pueden activar l\u00edmites financieros y de tiempo, as\u00ed como la herramienta de autoexclusi\u00f3n.<\/td>\n<\/tr>\n<tr>\n<td>Gesti\u00f3n de notificaciones<\/td>\n<td>Los jugadores pueden configurar notificaciones por correo electr\u00f3nico, SMS y push sobre noticias y actualizaciones.<\/td>\n<\/tr>\n<\/tbody>\n<\/table>\n<h3>\u00bfOlvid\u00f3 su contrase\u00f1a?<\/h3>\n<p>En SpinAnia Casino, hay una soluci\u00f3n para cualquier situaci\u00f3n, incluso si olvidas tu contrase\u00f1a. Tenemos un procedimiento especial que te ayudar\u00e1 en este caso. En el formulario de inicio de sesi\u00f3n de SpinAnia, debes seguir el enlace \u00ab\u00bfOlvidaste tu contrase\u00f1a?\u00bb. Solo tienes que introducir la direcci\u00f3n de correo electr\u00f3nico que utilizaste al registrarte y te enviaremos el enlace para restablecerla. La pr\u00f3xima vez, para acceder a tu cuenta, utiliza la nueva contrase\u00f1a que hayas creado.<\/p>\n<h2>Proceso de verificaci\u00f3n en Spin Ania Casino<\/h2>\n<p>El proceso de verificaci\u00f3n es un paso esencial para proteger nuestra plataforma y prevenir el fraude. Todos los usuarios deben completarlo antes de su primer retiro de fondos. Tenemos que verificar tu identidad, edad, domicilio y titularidad de la cuenta de pago en SpinAnia Casino. Para ello, te pediremos que subas algunos documentos personales, por ejemplo, una copia de tu pasaporte, documento de identidad o permiso de conducir, extracto bancario y una captura de pantalla de tu cuenta de pago con tu nombre completo.<\/p>\n<p>Nuestros gestores comprobar\u00e1n todos los materiales cargados en un plazo de 48 horas. Recibir\u00e1s un correo electr\u00f3nico y una notificaci\u00f3n en tu cuenta con los resultados. Si todo est\u00e1 en orden, no habr\u00e1 retrasos en los pagos.<\/p>\n<h2>Preguntas frecuentes<\/h2>\n<h3>\u00bfQu\u00e9 pasos hay que seguir para verificar la cuenta?<\/h3>\n<p>Para verificar tu identidad, debes subir tus datos personales. Nuestros gestores los revisar\u00e1n en un plazo de 48 horas y te responder\u00e1n. No es necesario que realices ning\u00fan paso adicional.<\/p>\n<h3>\u00bfC\u00f3mo cierro o suspendo temporalmente mi cuenta?<\/h3>\n<p>Si decides cerrar o bloquear tu cuenta temporalmente, ponte en contacto con nuestro equipo de asistencia para que te ayuden. Lo har\u00e1n en unos minutos y te explicar\u00e1n c\u00f3mo volver a abrir una cuenta Spin Ania.<\/p>\n<h3>Mi cuenta est\u00e1 bloqueada. \u00bfQu\u00e9 debo hacer?<\/h3>\n<p>Si bloqueamos las cuentas de los usuarios, siempre enviamos un correo electr\u00f3nico con informaci\u00f3n adicional sobre su caso. Si no ha recibido nada, p\u00f3ngase en contacto con nosotros a trav\u00e9s del chat en vivo o por correo electr\u00f3nico.<\/p>\n<h3>\u00bfPuedo gestionar mi contrase\u00f1a o mi direcci\u00f3n de correo electr\u00f3nico?<\/h3>\n<p>En la configuraci\u00f3n de tu cuenta, puedes cambiar tus datos personales y de pago en cualquier momento. Si necesitas actualizar tu contrase\u00f1a, te enviaremos un correo electr\u00f3nico de confirmaci\u00f3n. Sigue el enlace del correo electr\u00f3nico para completar el proceso.<\/p>\n<\/div><\/div><\/p>\n","protected":false},"excerpt":{"rendered":"<p>Inicio de sesi\u00f3n y registro en SpinAnia El \u00fanico paso para empezar a jugar con dinero real es completar el proceso de SpinAnia login. La mayor\u00eda de nuestros usuarios espa\u00f1oles no tardan m\u00e1s de 3 minutos en hacerlo. Para registrarse, es necesario introducir su direcci\u00f3n de correo electr\u00f3nico y contrase\u00f1a. Recomendamos a todos nuestros clientes [&hellip;]<\/p>\n","protected":false},"author":1,"featured_media":0,"parent":0,"menu_order":0,"comment_status":"closed","ping_status":"closed","template":"template-builder.php","meta":{"_acf_changed":false,"inline_featured_image":false,"footnotes":""},"class_list":["post-1487","page","type-page","status-publish","hentry"],"acf":[],"yoast_head":"<!-- This site is optimized with the Yoast SEO plugin v27.3 - https:\/\/yoast.com\/product\/yoast-seo-wordpress\/ -->\n<title>SpinAnia Casino - Login &amp; Registro<\/title>\n<meta name=\"description\" content=\"SpinAnia Casino \u2013 inicia sesi\u00f3n de forma segura o crea tu cuenta en segundos. Gestiona tu perfil, verificaci\u00f3n y preferencias de bono en Spin Ania.\" \/>\n<meta name=\"robots\" content=\"index, follow, max-snippet:-1, max-image-preview:large, max-video-preview:-1\" \/>\n<link rel=\"canonical\" href=\"https:\/\/spinania.org\/es\/inicio-de-sesion-y-registro\/\" \/>\n<meta property=\"og:locale\" content=\"es_ES\" \/>\n<meta property=\"og:type\" content=\"article\" \/>\n<meta property=\"og:title\" content=\"SpinAnia Casino - Login &amp; Registro\" \/>\n<meta property=\"og:description\" content=\"SpinAnia Casino \u2013 inicia sesi\u00f3n de forma segura o crea tu cuenta en segundos. Gestiona tu perfil, verificaci\u00f3n y preferencias de bono en Spin Ania.\" \/>\n<meta property=\"og:url\" content=\"https:\/\/spinania.org\/es\/inicio-de-sesion-y-registro\/\" \/>\n<meta property=\"og:site_name\" content=\"spinania\" \/>\n<meta property=\"article:modified_time\" content=\"2026-01-16T08:17:01+00:00\" \/>\n<meta name=\"twitter:card\" content=\"summary_large_image\" \/>\n<meta name=\"twitter:label1\" content=\"Est. reading time\" \/>\n\t<meta name=\"twitter:data1\" content=\"1 minuto\" \/>\n<script type=\"application\/ld+json\" class=\"yoast-schema-graph\">{\"@context\":\"https:\\\/\\\/schema.org\",\"@graph\":[{\"@type\":\"WebPage\",\"@id\":\"https:\\\/\\\/spinania.org\\\/es\\\/inicio-de-sesion-y-registro\\\/\",\"url\":\"https:\\\/\\\/spinania.org\\\/es\\\/inicio-de-sesion-y-registro\\\/\",\"name\":\"SpinAnia Casino - Login & Registro\",\"isPartOf\":{\"@id\":\"https:\\\/\\\/spinania.org\\\/es\\\/#website\"},\"datePublished\":\"2026-01-15T10:29:48+00:00\",\"dateModified\":\"2026-01-16T08:17:01+00:00\",\"description\":\"SpinAnia Casino \u2013 inicia sesi\u00f3n de forma segura o crea tu cuenta en segundos. Gestiona tu perfil, verificaci\u00f3n y preferencias de bono en Spin Ania.\",\"breadcrumb\":{\"@id\":\"https:\\\/\\\/spinania.org\\\/es\\\/inicio-de-sesion-y-registro\\\/#breadcrumb\"},\"inLanguage\":\"es\",\"potentialAction\":[{\"@type\":\"ReadAction\",\"target\":[\"https:\\\/\\\/spinania.org\\\/es\\\/inicio-de-sesion-y-registro\\\/\"]}]},{\"@type\":\"BreadcrumbList\",\"@id\":\"https:\\\/\\\/spinania.org\\\/es\\\/inicio-de-sesion-y-registro\\\/#breadcrumb\",\"itemListElement\":[{\"@type\":\"ListItem\",\"position\":1,\"name\":\"Spinania\",\"item\":\"https:\\\/\\\/spinania.org\\\/es\\\/\"},{\"@type\":\"ListItem\",\"position\":2,\"name\":\"Inicio de sesi\u00f3n y Registro\"}]},{\"@type\":\"WebSite\",\"@id\":\"https:\\\/\\\/spinania.org\\\/es\\\/#website\",\"url\":\"https:\\\/\\\/spinania.org\\\/es\\\/\",\"name\":\"Spinania\",\"description\":\"\",\"publisher\":{\"@id\":\"https:\\\/\\\/spinania.org\\\/es\\\/#organization\"},\"potentialAction\":[{\"@type\":\"SearchAction\",\"target\":{\"@type\":\"EntryPoint\",\"urlTemplate\":\"https:\\\/\\\/spinania.org\\\/es\\\/?s={search_term_string}\"},\"query-input\":{\"@type\":\"PropertyValueSpecification\",\"valueRequired\":true,\"valueName\":\"search_term_string\"}}],\"inLanguage\":\"es\"},{\"@type\":\"Organization\",\"@id\":\"https:\\\/\\\/spinania.org\\\/es\\\/#organization\",\"name\":\"Spinania\",\"url\":\"https:\\\/\\\/spinania.org\\\/es\\\/\",\"logo\":{\"@type\":\"ImageObject\",\"inLanguage\":\"es\",\"@id\":\"https:\\\/\\\/spinania.org\\\/es\\\/#\\\/schema\\\/logo\\\/image\\\/\",\"url\":\"https:\\\/\\\/spinania.org\\\/wp-content\\\/uploads\\\/2026\\\/01\\\/Casino-logo-Desktop.png\",\"contentUrl\":\"https:\\\/\\\/spinania.org\\\/wp-content\\\/uploads\\\/2026\\\/01\\\/Casino-logo-Desktop.png\",\"width\":88,\"height\":26,\"caption\":\"Spinania\"},\"image\":{\"@id\":\"https:\\\/\\\/spinania.org\\\/es\\\/#\\\/schema\\\/logo\\\/image\\\/\"}}]}<\/script>\n<!-- \/ Yoast SEO plugin. -->","yoast_head_json":{"title":"SpinAnia Casino - Login & Registro","description":"SpinAnia Casino \u2013 inicia sesi\u00f3n de forma segura o crea tu cuenta en segundos. Gestiona tu perfil, verificaci\u00f3n y preferencias de bono en Spin Ania.","robots":{"index":"index","follow":"follow","max-snippet":"max-snippet:-1","max-image-preview":"max-image-preview:large","max-video-preview":"max-video-preview:-1"},"canonical":"https:\/\/spinania.org\/es\/inicio-de-sesion-y-registro\/","og_locale":"es_ES","og_type":"article","og_title":"SpinAnia Casino - Login & Registro","og_description":"SpinAnia Casino \u2013 inicia sesi\u00f3n de forma segura o crea tu cuenta en segundos. Gestiona tu perfil, verificaci\u00f3n y preferencias de bono en Spin Ania.","og_url":"https:\/\/spinania.org\/es\/inicio-de-sesion-y-registro\/","og_site_name":"spinania","article_modified_time":"2026-01-16T08:17:01+00:00","twitter_card":"summary_large_image","twitter_misc":{"Est. reading time":"1 minuto"},"schema":{"@context":"https:\/\/schema.org","@graph":[{"@type":"WebPage","@id":"https:\/\/spinania.org\/es\/inicio-de-sesion-y-registro\/","url":"https:\/\/spinania.org\/es\/inicio-de-sesion-y-registro\/","name":"SpinAnia Casino - Login & Registro","isPartOf":{"@id":"https:\/\/spinania.org\/es\/#website"},"datePublished":"2026-01-15T10:29:48+00:00","dateModified":"2026-01-16T08:17:01+00:00","description":"SpinAnia Casino \u2013 inicia sesi\u00f3n de forma segura o crea tu cuenta en segundos. Gestiona tu perfil, verificaci\u00f3n y preferencias de bono en Spin Ania.","breadcrumb":{"@id":"https:\/\/spinania.org\/es\/inicio-de-sesion-y-registro\/#breadcrumb"},"inLanguage":"es","potentialAction":[{"@type":"ReadAction","target":["https:\/\/spinania.org\/es\/inicio-de-sesion-y-registro\/"]}]},{"@type":"BreadcrumbList","@id":"https:\/\/spinania.org\/es\/inicio-de-sesion-y-registro\/#breadcrumb","itemListElement":[{"@type":"ListItem","position":1,"name":"Spinania","item":"https:\/\/spinania.org\/es\/"},{"@type":"ListItem","position":2,"name":"Inicio de sesi\u00f3n y Registro"}]},{"@type":"WebSite","@id":"https:\/\/spinania.org\/es\/#website","url":"https:\/\/spinania.org\/es\/","name":"Spinania","description":"","publisher":{"@id":"https:\/\/spinania.org\/es\/#organization"},"potentialAction":[{"@type":"SearchAction","target":{"@type":"EntryPoint","urlTemplate":"https:\/\/spinania.org\/es\/?s={search_term_string}"},"query-input":{"@type":"PropertyValueSpecification","valueRequired":true,"valueName":"search_term_string"}}],"inLanguage":"es"},{"@type":"Organization","@id":"https:\/\/spinania.org\/es\/#organization","name":"Spinania","url":"https:\/\/spinania.org\/es\/","logo":{"@type":"ImageObject","inLanguage":"es","@id":"https:\/\/spinania.org\/es\/#\/schema\/logo\/image\/","url":"https:\/\/spinania.org\/wp-content\/uploads\/2026\/01\/Casino-logo-Desktop.png","contentUrl":"https:\/\/spinania.org\/wp-content\/uploads\/2026\/01\/Casino-logo-Desktop.png","width":88,"height":26,"caption":"Spinania"},"image":{"@id":"https:\/\/spinania.org\/es\/#\/schema\/logo\/image\/"}}]}},"_links":{"self":[{"href":"https:\/\/spinania.org\/es\/wp-json\/wp\/v2\/pages\/1487","targetHints":{"allow":["GET"]}}],"collection":[{"href":"https:\/\/spinania.org\/es\/wp-json\/wp\/v2\/pages"}],"about":[{"href":"https:\/\/spinania.org\/es\/wp-json\/wp\/v2\/types\/page"}],"author":[{"embeddable":true,"href":"https:\/\/spinania.org\/es\/wp-json\/wp\/v2\/users\/1"}],"replies":[{"embeddable":true,"href":"https:\/\/spinania.org\/es\/wp-json\/wp\/v2\/comments?post=1487"}],"version-history":[{"count":1,"href":"https:\/\/spinania.org\/es\/wp-json\/wp\/v2\/pages\/1487\/revisions"}],"predecessor-version":[{"id":1837,"href":"https:\/\/spinania.org\/es\/wp-json\/wp\/v2\/pages\/1487\/revisions\/1837"}],"wp:attachment":[{"href":"https:\/\/spinania.org\/es\/wp-json\/wp\/v2\/media?parent=1487"}],"curies":[{"name":"wp","href":"https:\/\/api.w.org\/{rel}","templated":true}]}}