{"id":1461,"date":"2026-01-15T12:48:03","date_gmt":"2026-01-15T12:48:03","guid":{"rendered":"https:\/\/spinania.org\/bonus-2\/"},"modified":"2026-01-16T08:20:41","modified_gmt":"2026-01-16T08:20:41","slug":"bonificacion","status":"publish","type":"page","link":"https:\/\/spinania.org\/es\/bonificacion\/","title":{"rendered":"Bonificaci\u00f3n"},"content":{"rendered":"<h1>SpinAnia bonificaciones<\/h1>\n<p>El sistema SpinAnia bonus se cre\u00f3 para proporcionar a todos nuestros jugadores espa\u00f1oles, tanto nuevos como habituales, una experiencia de juego m\u00e1s agradable y rentable. Si acabas de registrarte y has realizado tu primer dep\u00f3sito, recibir\u00e1s un generoso paquete de bienvenida de hasta 1.500 \u20ac + 250 tiradas gratis. No es necesario introducir ning\u00fan c\u00f3digo de bonificaci\u00f3n ni realizar ninguna acci\u00f3n adicional. Nuestros jugadores fieles tienen a\u00fan m\u00e1s opciones de ganar recompensas adicionales con cada paso que dan en nuestra plataforma.<\/p>\n<p><div class=\"banner-wrap\" aria-label=\"Banner\"><img src=\"https:\/\/spinania.org\/wp-content\/uploads\/2026\/01\/Spinania-Banner-Desktop.webp\" class=\"w-100 d-none d-lg-block img-pc main-banner-img\" alt=\"Spinania Banner Desktop\" fetchpriority=\"high\" decoding=\"async\"><img src=\"https:\/\/spinania.org\/wp-content\/uploads\/2026\/01\/Spinania-mobile-banner.webp\" class=\"w-100 d-none d-md-block d-lg-none main-banner-img\" alt=\"Spinania mobile banner\" fetchpriority=\"high\" decoding=\"async\"><img src=\"https:\/\/spinania.org\/wp-content\/uploads\/2026\/01\/Spinania-mobile-banner.webp\" class=\"w-100 d-md-none\" alt=\"Spinania mobile banner\" fetchpriority=\"high\" decoding=\"async\"><div class=\"banner-description\">\n<div class=\"banner-title\">Bonos de bienvenida<\/div>\n<p class=\"banner-header-title\">1500 \u20ac<\/p>\n<div class=\"banner-header-AdditionalText\">+ 250 Tiradas gratis<\/div>\n<button data-item=\"homepage_banner_link\" class=\"goto m-button m-gradient-border m-button--primary m-button--large banner-button btn-orange\">\n            <div class=\"m-button-content\">\n                <span>Reg\u00edstrate ahora<\/span>\n                <span><\/span>\n            <\/div>\n        <\/button>\n<\/div>\n<div class=\"WelcomePack\">\n<p><img loading=\"lazy\" decoding=\"async\" class=\"alignnone size-full wp-image-1331\" src=\"https:\/\/spinania.org\/wp-content\/uploads\/2026\/01\/welcome-crown.svg\" alt=\"welcome crown\" width=\"25\" height=\"26\" \/><\/p>\n<div class=\"WelcomePack-Info\">Reembolso semanal de hasta el 25 %<\/div>\n<p><img loading=\"lazy\" decoding=\"async\" class=\"alignnone size-full wp-image-1331\" src=\"https:\/\/spinania.org\/wp-content\/uploads\/2026\/01\/welcome-crown.svg\" alt=\"welcome crown\" width=\"25\" height=\"26\" \/><\/p>\n<\/div>\n<\/div><div class=\"promotions-wrap\"><div class=\"promotion-card\" style=\"background-image: url(https:\/\/spinania.org\/wp-content\/uploads\/2026\/01\/First-deposit.webp);\"><h2 class=\"promotion-card__title\">Bono por primer dep\u00f3sito<\/h2><label class=\"promotion-card__offer\">100 % hasta 500 \u20ac + 150 tiradas gratis<\/label><label class=\"promotion-card__description\"><\/label><div class=\"promotion-card__actions\"><button data-item=\"payments_link\" data-group=\"website_links\" class=\"goto btn btn-orange rounded-pill fw-bold px-4 m-button m-gradient-border m-button--primary m-button--large promotion-button promotion-card__action-btn\" aria-label=\"Registrarse\"><div class=\"m-button-content\"><span class=\"promotion-button__content\">Registrarse<\/span><\/div><\/button><button data-item=\"http:\/\/bonus_link\" data-group=\"website_links\" class=\"goto m-button m-gradient-border m-button--secondary m-button--medium promotion-card__info-btn\" aria-label=\"More information\"><div class=\"m-button-content\"><svg viewBox=\"0 0 24 24\" fill=\"none\" xmlns=\"http:\/\/www.w3.org\/2000\/svg\" class=\"m-icon m-icon-loadable\" name=\"Attention\" loading=\"false\" aria-hidden=\"true\"><path d=\"M12 22C6.477 22 2 17.522 2 12S6.477 2 12 2s10 4.478 10 10-4.477 10-10 10m-.002-13.004a.999.999 0 1 0 0-1.997.999.999 0 0 0 0 1.997M12 17a1 1 0 0 0 .993-.884L13 16l-.002-5.001-.007-.117a1 1 0 0 0-1.986 0l-.007.117L11 16l.007.117A1 1 0 0 0 12 17\" fill=\"currentColor\"><\/path><\/svg><\/div><\/button><\/div><\/div><div class=\"promotion-card\" style=\"background-image: url(https:\/\/spinania.org\/wp-content\/uploads\/2026\/01\/Second-deposit.webp);\"><h2 class=\"promotion-card__title\">Bono por segundo dep\u00f3sito<\/h2><label class=\"promotion-card__offer\">55 % hasta 500 \u20ac + 100 tiradas gratis<\/label><label class=\"promotion-card__description\"><\/label><div class=\"promotion-card__actions\"><button data-item=\"payments_link\" data-group=\"website_links\" class=\"goto btn btn-orange rounded-pill fw-bold px-4 m-button m-gradient-border m-button--primary m-button--large promotion-button promotion-card__action-btn\" aria-label=\"Registrarse\"><div class=\"m-button-content\"><span class=\"promotion-button__content\">Registrarse<\/span><\/div><\/button><button data-item=\"http:\/\/bonus_link\" data-group=\"website_links\" class=\"goto m-button m-gradient-border m-button--secondary m-button--medium promotion-card__info-btn\" aria-label=\"More information\"><div class=\"m-button-content\"><svg viewBox=\"0 0 24 24\" fill=\"none\" xmlns=\"http:\/\/www.w3.org\/2000\/svg\" class=\"m-icon m-icon-loadable\" name=\"Attention\" loading=\"false\" aria-hidden=\"true\"><path d=\"M12 22C6.477 22 2 17.522 2 12S6.477 2 12 2s10 4.478 10 10-4.477 10-10 10m-.002-13.004a.999.999 0 1 0 0-1.997.999.999 0 0 0 0 1.997M12 17a1 1 0 0 0 .993-.884L13 16l-.002-5.001-.007-.117a1 1 0 0 0-1.986 0l-.007.117L11 16l.007.117A1 1 0 0 0 12 17\" fill=\"currentColor\"><\/path><\/svg><\/div><\/button><\/div><\/div><div class=\"promotion-card\" style=\"background-image: url(https:\/\/spinania.org\/wp-content\/uploads\/2026\/01\/Third-deposit.webp);\"><h2 class=\"promotion-card__title\">Bono por tercer dep\u00f3sito<\/h2><label class=\"promotion-card__offer\">100 % hasta 500 \u20ac<\/label><label class=\"promotion-card__description\"><\/label><div class=\"promotion-card__actions\"><button data-item=\"payments_link\" data-group=\"website_links\" class=\"goto btn btn-orange rounded-pill fw-bold px-4 m-button m-gradient-border m-button--primary m-button--large promotion-button promotion-card__action-btn\" aria-label=\"Registrarse\"><div class=\"m-button-content\"><span class=\"promotion-button__content\">Registrarse<\/span><\/div><\/button><button data-item=\"http:\/\/bonus_link\" data-group=\"website_links\" class=\"goto m-button m-gradient-border m-button--secondary m-button--medium promotion-card__info-btn\" aria-label=\"More information\"><div class=\"m-button-content\"><svg viewBox=\"0 0 24 24\" fill=\"none\" xmlns=\"http:\/\/www.w3.org\/2000\/svg\" class=\"m-icon m-icon-loadable\" name=\"Attention\" loading=\"false\" aria-hidden=\"true\"><path d=\"M12 22C6.477 22 2 17.522 2 12S6.477 2 12 2s10 4.478 10 10-4.477 10-10 10m-.002-13.004a.999.999 0 1 0 0-1.997.999.999 0 0 0 0 1.997M12 17a1 1 0 0 0 .993-.884L13 16l-.002-5.001-.007-.117a1 1 0 0 0-1.986 0l-.007.117L11 16l.007.117A1 1 0 0 0 12 17\" fill=\"currentColor\"><\/path><\/svg><\/div><\/button><\/div><\/div><div class=\"promotion-card\" style=\"background-image: url(https:\/\/spinania.org\/wp-content\/uploads\/2026\/01\/Cashback.webp);\"><h2 class=\"promotion-card__title\">Reembolso semanal<\/h2><label class=\"promotion-card__offer\">hasta el 25 %<\/label><label class=\"promotion-card__description\"><\/label><div class=\"promotion-card__actions\"><button data-item=\"payments_link\" data-group=\"website_links\" class=\"goto btn btn-orange rounded-pill fw-bold px-4 m-button m-gradient-border m-button--primary m-button--large promotion-button promotion-card__action-btn\" aria-label=\"Registrarse\"><div class=\"m-button-content\"><span class=\"promotion-button__content\">Registrarse<\/span><\/div><\/button><button data-item=\"http:\/\/bonus_link\" data-group=\"website_links\" class=\"goto m-button m-gradient-border m-button--secondary m-button--medium promotion-card__info-btn\" aria-label=\"More information\"><div class=\"m-button-content\"><svg viewBox=\"0 0 24 24\" fill=\"none\" xmlns=\"http:\/\/www.w3.org\/2000\/svg\" class=\"m-icon m-icon-loadable\" name=\"Attention\" loading=\"false\" aria-hidden=\"true\"><path d=\"M12 22C6.477 22 2 17.522 2 12S6.477 2 12 2s10 4.478 10 10-4.477 10-10 10m-.002-13.004a.999.999 0 1 0 0-1.997.999.999 0 0 0 0 1.997M12 17a1 1 0 0 0 .993-.884L13 16l-.002-5.001-.007-.117a1 1 0 0 0-1.986 0l-.007.117L11 16l.007.117A1 1 0 0 0 12 17\" fill=\"currentColor\"><\/path><\/svg><\/div><\/button><\/div><\/div><div class=\"promotion-card\" style=\"background-image: url(https:\/\/spinania.org\/wp-content\/uploads\/2026\/01\/Sunday-reload.webp);\"><h2 class=\"promotion-card__title\">Recarga del domingo<\/h2><label class=\"promotion-card__offer\">25 % hasta 100 \u20ac<\/label><label class=\"promotion-card__description\"><\/label><div class=\"promotion-card__actions\"><button data-item=\"payments_link\" data-group=\"website_links\" class=\"goto btn btn-orange rounded-pill fw-bold px-4 m-button m-gradient-border m-button--primary m-button--large promotion-button promotion-card__action-btn\" aria-label=\"Registrarse\"><div class=\"m-button-content\"><span class=\"promotion-button__content\">Registrarse<\/span><\/div><\/button><button data-item=\"http:\/\/bonus_link\" data-group=\"website_links\" class=\"goto m-button m-gradient-border m-button--secondary m-button--medium promotion-card__info-btn\" aria-label=\"More information\"><div class=\"m-button-content\"><svg viewBox=\"0 0 24 24\" fill=\"none\" xmlns=\"http:\/\/www.w3.org\/2000\/svg\" class=\"m-icon m-icon-loadable\" name=\"Attention\" loading=\"false\" aria-hidden=\"true\"><path d=\"M12 22C6.477 22 2 17.522 2 12S6.477 2 12 2s10 4.478 10 10-4.477 10-10 10m-.002-13.004a.999.999 0 1 0 0-1.997.999.999 0 0 0 0 1.997M12 17a1 1 0 0 0 .993-.884L13 16l-.002-5.001-.007-.117a1 1 0 0 0-1.986 0l-.007.117L11 16l.007.117A1 1 0 0 0 12 17\" fill=\"currentColor\"><\/path><\/svg><\/div><\/button><\/div><\/div><div class=\"promotion-card\" style=\"background-image: url(https:\/\/spinania.org\/wp-content\/uploads\/2026\/01\/Rakeback.webp);\"><h2 class=\"promotion-card__title\">Rakeback<\/h2><label class=\"promotion-card__offer\">hasta el 17 %<\/label><label class=\"promotion-card__description\"><\/label><div class=\"promotion-card__actions\"><button data-item=\"payments_link\" data-group=\"website_links\" class=\"goto btn btn-orange rounded-pill fw-bold px-4 m-button m-gradient-border m-button--primary m-button--large promotion-button promotion-card__action-btn\" aria-label=\"Registrarse\"><div class=\"m-button-content\"><span class=\"promotion-button__content\">Registrarse<\/span><\/div><\/button><button data-item=\"http:\/\/bonus_link\" data-group=\"website_links\" class=\"goto m-button m-gradient-border m-button--secondary m-button--medium promotion-card__info-btn\" aria-label=\"More information\"><div class=\"m-button-content\"><svg viewBox=\"0 0 24 24\" fill=\"none\" xmlns=\"http:\/\/www.w3.org\/2000\/svg\" class=\"m-icon m-icon-loadable\" name=\"Attention\" loading=\"false\" aria-hidden=\"true\"><path d=\"M12 22C6.477 22 2 17.522 2 12S6.477 2 12 2s10 4.478 10 10-4.477 10-10 10m-.002-13.004a.999.999 0 1 0 0-1.997.999.999 0 0 0 0 1.997M12 17a1 1 0 0 0 .993-.884L13 16l-.002-5.001-.007-.117a1 1 0 0 0-1.986 0l-.007.117L11 16l.007.117A1 1 0 0 0 12 17\" fill=\"currentColor\"><\/path><\/svg><\/div><\/button><\/div><\/div><div class=\"promotion-card\" style=\"background-image: url(https:\/\/spinania.org\/wp-content\/uploads\/2026\/01\/Highroller.webp);\"><h2 class=\"promotion-card__title\">Bono Highroller<\/h2><label class=\"promotion-card__offer\">50 % hasta 500 \u20ac<\/label><label class=\"promotion-card__description\"><\/label><div class=\"promotion-card__actions\"><button data-item=\"payments_link\" data-group=\"website_links\" class=\"goto btn btn-orange rounded-pill fw-bold px-4 m-button m-gradient-border m-button--primary m-button--large promotion-button promotion-card__action-btn\" aria-label=\"Registrarse\"><div class=\"m-button-content\"><span class=\"promotion-button__content\">Registrarse<\/span><\/div><\/button><button data-item=\"http:\/\/bonus_link\" data-group=\"website_links\" class=\"goto m-button m-gradient-border m-button--secondary m-button--medium promotion-card__info-btn\" aria-label=\"More information\"><div class=\"m-button-content\"><svg viewBox=\"0 0 24 24\" fill=\"none\" xmlns=\"http:\/\/www.w3.org\/2000\/svg\" class=\"m-icon m-icon-loadable\" name=\"Attention\" loading=\"false\" aria-hidden=\"true\"><path d=\"M12 22C6.477 22 2 17.522 2 12S6.477 2 12 2s10 4.478 10 10-4.477 10-10 10m-.002-13.004a.999.999 0 1 0 0-1.997.999.999 0 0 0 0 1.997M12 17a1 1 0 0 0 .993-.884L13 16l-.002-5.001-.007-.117a1 1 0 0 0-1.986 0l-.007.117L11 16l.007.117A1 1 0 0 0 12 17\" fill=\"currentColor\"><\/path><\/svg><\/div><\/button><\/div><\/div><\/div><div class=\"scrollable-content-wrap my-5\"><div class=\"scrollable-content-inner\"><h2>SpinAnia tipo de promoci\u00f3n y bonificaci\u00f3n<\/h2>\n<p>SpinAnia Casino se enorgullece de ofrecer una amplia gama de promociones. Hemos tenido en cuenta los diferentes niveles, preferencias y presupuestos de nuestros usuarios. Tienes la oportunidad de recibir giros gratis, fondos de bonificaci\u00f3n y reembolsos por las apuestas perdidas.<\/p>\n<p>Para todos nuestros nuevos jugadores, hemos preparado una fant\u00e1stica oferta de bonificaci\u00f3n Spin Ania de hasta 1.500 \u20ac + 250 tiradas gratis. Se divide entre tus tres primeros dep\u00f3sitos y ampl\u00eda tu tiempo de juego en nuestro sitio web. Es un gran comienzo para todos nuestros reci\u00e9n llegados.<\/p>\n<p>Por supuesto, estamos muy contentos de que hayas elegido SpinAnia Casino y seas fiel a nosotros. Ofrecemos una serie de opciones atractivas para nuestros jugadores habituales, empezando por el sistema de reembolso y continuando con las ventajas para los grandes apostadores.<\/p>\n<table>\n<tbody>\n<tr>\n<td>Tipo de bonificaci\u00f3n<\/td>\n<td>Recompensa<\/td>\n<td>Detalles<\/td>\n<\/tr>\n<tr>\n<td>Reembolso<\/td>\n<td>hasta un 25 %<\/td>\n<td>Cada semana, puedes recuperar un porcentaje de tus p\u00e9rdidas sin condiciones dif\u00edciles.<\/td>\n<\/tr>\n<tr>\n<td>Rakeback<\/td>\n<td>hasta un 17 %<\/td>\n<td>Algunos de nuestros t\u00edtulos te ofrecen la posibilidad de recuperar la comisi\u00f3n. Puede ser mensual, semanal o diaria, dependiendo de tu nivel.<\/td>\n<\/tr>\n<tr>\n<td>Oferta para grandes apostadores<\/td>\n<td>50 % hasta 500 \u20ac<\/td>\n<td>Perfecto para aquellos a los que les gustan las apuestas altas y las grandes ganancias. Ahora recibir\u00e1s a\u00fan m\u00e1s al activar este bono SpinAnia.<\/td>\n<\/tr>\n<tr>\n<td>Recarga dominical<\/td>\n<td>25 % hasta 100 \u20ac<\/td>\n<td>Ahora, cada semana puede completarse con \u00e9xito recuperando algo de tus p\u00e9rdidas.<\/td>\n<\/tr>\n<\/tbody>\n<\/table>\n<h2>Bono de bienvenida SpinAnia Casino<\/h2>\n<p>Si eres nuevo en SpinAnia, tienes la suerte de recibir el bono de bienvenida. Todos los que se hayan registrado y hayan depositado al menos 20 \u20ac recibir\u00e1n autom\u00e1ticamente hasta 1.500 \u20ac + 250 tiradas gratis. Esta cantidad se divide a partes iguales entre tus tres primeros dep\u00f3sitos. No necesitas ning\u00fan c\u00f3digo promocional adicional.<\/p>\n<p>El primer dep\u00f3sito te da un 100 % hasta 500 \u20ac + 150 tiradas gratis. Una vez activado, el paquete de bienvenida es v\u00e1lido durante 7 d\u00edas. Tras el segundo dep\u00f3sito en Spin Ania Casino, los usuarios reciben un 55 % hasta 500 \u20ac + 100 tiradas gratis. Recibir\u00e1s 50 tiradas gratis al d\u00eda. Por \u00faltimo, el tercer dep\u00f3sito te da 500 \u20ac. Para retirar la recompensa, tienes que apostar 35 veces el importe del bono.<\/p>\n<h2>Casino SpinAnia torneos<\/h2>\n<p>Los torneos forman parte de nuestras promociones. Son perfectos para todos los jugadores competitivos de SpinAnia Casino. Tienes que jugar a tus t\u00edtulos favoritos y ganar puntos para conseguir grandes premios y hacerte con un puesto en la clasificaci\u00f3n. Los torneos suelen estar pensados para tragamonedas online y juegos de casino en vivo. Hemos creado una lista con todos los torneos actuales de Spin Ania disponibles para todos nuestros usuarios:<\/p>\n<ul>\n<li>Spinoleague \u2013 12.000.000 \u20ac<\/li>\n<li>Gotas y ganancias: 25.000.000 \u20ac<\/li>\n<li>BGaming Drops Frenzy: m\u00e1s de 660.000 \u20ac<\/li>\n<li>Torneo en vivo \u2013 10.000 \u20ac<\/li>\n<\/ul>\n<p>Adem\u00e1s de estas opciones, tambi\u00e9n organizamos torneos de temporada dedicados a d\u00edas festivos y eventos especiales. Est\u00e1n disponibles durante un periodo espec\u00edfico. Consulte regularmente nuestra p\u00e1gina SpinAnia para conocer las \u00faltimas novedades.<\/p>\n<h2>T\u00e9rminos y condiciones de la bonificaci\u00f3n SpinAnia<\/h2>\n<p>Aunque nuestro casino online se centra en el entretenimiento y la diversi\u00f3n, tambi\u00e9n hay reglas que se aplican a las promociones. Te recomendamos encarecidamente que revises los t\u00e9rminos y condiciones de cada bonificaci\u00f3n de SpinAnia. Solo si cumples todos los requisitos de la oferta obtendr\u00e1s la recompensa.<\/p>\n<p>Todas las promociones tienen un per\u00edodo de validez de entre 7 y 14 d\u00edas. Si no cumples todas las condiciones al final de este per\u00edodo, la promoci\u00f3n se cancelar\u00e1. Adem\u00e1s, hay requisitos de apuesta, apuestas m\u00e1ximas y reglas de contribuci\u00f3n al juego. Para activar un bono Spin Ania, debes realizar el dep\u00f3sito m\u00ednimo, que puede variar seg\u00fan la promoci\u00f3n.<\/p>\n<h2>Preguntas frecuentes<\/h2>\n<h3>\u00bfC\u00f3mo obtener el paquete de bienvenida en SpinAnia Casino?<\/h3>\n<p>Recibir\u00e1s el paquete de bienvenida de SpinAnia autom\u00e1ticamente despu\u00e9s de crear una cuenta y realizar el primer dep\u00f3sito. No necesitas ning\u00fan c\u00f3digo promocional para activarlo.<\/p>\n<h3>\u00bfQu\u00e9 debo hacer si mi bonificaci\u00f3n no aparece despu\u00e9s de realizar un dep\u00f3sito?<\/h3>\n<p>En primer lugar, comprueba si has cumplido todos los requisitos de la bonificaci\u00f3n SpinAnia. Si no ha habido ning\u00fan cambio, ponte en contacto con nuestros responsables de asistencia a trav\u00e9s del chat en vivo o por correo electr\u00f3nico. Ellos comprobar\u00e1n la situaci\u00f3n y buscar\u00e1n una soluci\u00f3n.<\/p>\n<h3>\u00bfExisten restricciones en el uso de bonos para todos los juegos en Spin Ania Casino?<\/h3>\n<p>Cada promoci\u00f3n tiene sus propios t\u00e9rminos y condiciones, incluida la contribuci\u00f3n del juego. Esto significa que, por ejemplo, las tragaperras pueden contar como el 100 %, mientras que los juegos de mesa pueden contar menos o nada.<\/p>\n<\/div><\/div><\/p>\n","protected":false},"excerpt":{"rendered":"<p>SpinAnia bonificaciones El sistema SpinAnia bonus se cre\u00f3 para proporcionar a todos nuestros jugadores espa\u00f1oles, tanto nuevos como habituales, una experiencia de juego m\u00e1s agradable y rentable. Si acabas de registrarte y has realizado tu primer dep\u00f3sito, recibir\u00e1s un generoso paquete de bienvenida de hasta 1.500 \u20ac + 250 tiradas gratis. No es necesario introducir [&hellip;]<\/p>\n","protected":false},"author":1,"featured_media":0,"parent":0,"menu_order":0,"comment_status":"closed","ping_status":"closed","template":"template-builder.php","meta":{"_acf_changed":false,"inline_featured_image":false,"footnotes":""},"class_list":["post-1461","page","type-page","status-publish","hentry"],"acf":[],"yoast_head":"<!-- This site is optimized with the Yoast SEO plugin v27.3 - https:\/\/yoast.com\/product\/yoast-seo-wordpress\/ -->\n<title>SpinAnia Bonus &amp; Promociones<\/title>\n<meta name=\"description\" content=\"SpinAnia Bonus \u2013 reclama bonos de bienvenida, giros gratis y ofertas de recarga. Disfruta de cashback semanal, torneos y promociones VIP en Spin Ania.\" \/>\n<meta name=\"robots\" content=\"index, follow, max-snippet:-1, max-image-preview:large, max-video-preview:-1\" \/>\n<link rel=\"canonical\" href=\"https:\/\/spinania.org\/es\/bonificacion\/\" \/>\n<meta property=\"og:locale\" content=\"es_ES\" \/>\n<meta property=\"og:type\" content=\"article\" \/>\n<meta property=\"og:title\" content=\"SpinAnia Bonus &amp; Promociones\" \/>\n<meta property=\"og:description\" content=\"SpinAnia Bonus \u2013 reclama bonos de bienvenida, giros gratis y ofertas de recarga. Disfruta de cashback semanal, torneos y promociones VIP en Spin Ania.\" \/>\n<meta property=\"og:url\" content=\"https:\/\/spinania.org\/es\/bonificacion\/\" \/>\n<meta property=\"og:site_name\" content=\"spinania\" \/>\n<meta property=\"article:modified_time\" content=\"2026-01-16T08:20:41+00:00\" \/>\n<meta name=\"twitter:card\" content=\"summary_large_image\" \/>\n<meta name=\"twitter:label1\" content=\"Est. reading time\" \/>\n\t<meta name=\"twitter:data1\" content=\"1 minuto\" \/>\n<script type=\"application\/ld+json\" class=\"yoast-schema-graph\">{\"@context\":\"https:\\\/\\\/schema.org\",\"@graph\":[{\"@type\":\"WebPage\",\"@id\":\"https:\\\/\\\/spinania.org\\\/es\\\/bonificacion\\\/\",\"url\":\"https:\\\/\\\/spinania.org\\\/es\\\/bonificacion\\\/\",\"name\":\"SpinAnia Bonus & Promociones\",\"isPartOf\":{\"@id\":\"https:\\\/\\\/spinania.org\\\/es\\\/#website\"},\"datePublished\":\"2026-01-15T12:48:03+00:00\",\"dateModified\":\"2026-01-16T08:20:41+00:00\",\"description\":\"SpinAnia Bonus \u2013 reclama bonos de bienvenida, giros gratis y ofertas de recarga. Disfruta de cashback semanal, torneos y promociones VIP en Spin Ania.\",\"breadcrumb\":{\"@id\":\"https:\\\/\\\/spinania.org\\\/es\\\/bonificacion\\\/#breadcrumb\"},\"inLanguage\":\"es\",\"potentialAction\":[{\"@type\":\"ReadAction\",\"target\":[\"https:\\\/\\\/spinania.org\\\/es\\\/bonificacion\\\/\"]}]},{\"@type\":\"BreadcrumbList\",\"@id\":\"https:\\\/\\\/spinania.org\\\/es\\\/bonificacion\\\/#breadcrumb\",\"itemListElement\":[{\"@type\":\"ListItem\",\"position\":1,\"name\":\"Spinania\",\"item\":\"https:\\\/\\\/spinania.org\\\/es\\\/\"},{\"@type\":\"ListItem\",\"position\":2,\"name\":\"Bonificaci\u00f3n\"}]},{\"@type\":\"WebSite\",\"@id\":\"https:\\\/\\\/spinania.org\\\/es\\\/#website\",\"url\":\"https:\\\/\\\/spinania.org\\\/es\\\/\",\"name\":\"Spinania\",\"description\":\"\",\"publisher\":{\"@id\":\"https:\\\/\\\/spinania.org\\\/es\\\/#organization\"},\"potentialAction\":[{\"@type\":\"SearchAction\",\"target\":{\"@type\":\"EntryPoint\",\"urlTemplate\":\"https:\\\/\\\/spinania.org\\\/es\\\/?s={search_term_string}\"},\"query-input\":{\"@type\":\"PropertyValueSpecification\",\"valueRequired\":true,\"valueName\":\"search_term_string\"}}],\"inLanguage\":\"es\"},{\"@type\":\"Organization\",\"@id\":\"https:\\\/\\\/spinania.org\\\/es\\\/#organization\",\"name\":\"Spinania\",\"url\":\"https:\\\/\\\/spinania.org\\\/es\\\/\",\"logo\":{\"@type\":\"ImageObject\",\"inLanguage\":\"es\",\"@id\":\"https:\\\/\\\/spinania.org\\\/es\\\/#\\\/schema\\\/logo\\\/image\\\/\",\"url\":\"https:\\\/\\\/spinania.org\\\/wp-content\\\/uploads\\\/2026\\\/01\\\/Casino-logo-Desktop.png\",\"contentUrl\":\"https:\\\/\\\/spinania.org\\\/wp-content\\\/uploads\\\/2026\\\/01\\\/Casino-logo-Desktop.png\",\"width\":88,\"height\":26,\"caption\":\"Spinania\"},\"image\":{\"@id\":\"https:\\\/\\\/spinania.org\\\/es\\\/#\\\/schema\\\/logo\\\/image\\\/\"}}]}<\/script>\n<!-- \/ Yoast SEO plugin. -->","yoast_head_json":{"title":"SpinAnia Bonus & Promociones","description":"SpinAnia Bonus \u2013 reclama bonos de bienvenida, giros gratis y ofertas de recarga. Disfruta de cashback semanal, torneos y promociones VIP en Spin Ania.","robots":{"index":"index","follow":"follow","max-snippet":"max-snippet:-1","max-image-preview":"max-image-preview:large","max-video-preview":"max-video-preview:-1"},"canonical":"https:\/\/spinania.org\/es\/bonificacion\/","og_locale":"es_ES","og_type":"article","og_title":"SpinAnia Bonus & Promociones","og_description":"SpinAnia Bonus \u2013 reclama bonos de bienvenida, giros gratis y ofertas de recarga. Disfruta de cashback semanal, torneos y promociones VIP en Spin Ania.","og_url":"https:\/\/spinania.org\/es\/bonificacion\/","og_site_name":"spinania","article_modified_time":"2026-01-16T08:20:41+00:00","twitter_card":"summary_large_image","twitter_misc":{"Est. reading time":"1 minuto"},"schema":{"@context":"https:\/\/schema.org","@graph":[{"@type":"WebPage","@id":"https:\/\/spinania.org\/es\/bonificacion\/","url":"https:\/\/spinania.org\/es\/bonificacion\/","name":"SpinAnia Bonus & Promociones","isPartOf":{"@id":"https:\/\/spinania.org\/es\/#website"},"datePublished":"2026-01-15T12:48:03+00:00","dateModified":"2026-01-16T08:20:41+00:00","description":"SpinAnia Bonus \u2013 reclama bonos de bienvenida, giros gratis y ofertas de recarga. Disfruta de cashback semanal, torneos y promociones VIP en Spin Ania.","breadcrumb":{"@id":"https:\/\/spinania.org\/es\/bonificacion\/#breadcrumb"},"inLanguage":"es","potentialAction":[{"@type":"ReadAction","target":["https:\/\/spinania.org\/es\/bonificacion\/"]}]},{"@type":"BreadcrumbList","@id":"https:\/\/spinania.org\/es\/bonificacion\/#breadcrumb","itemListElement":[{"@type":"ListItem","position":1,"name":"Spinania","item":"https:\/\/spinania.org\/es\/"},{"@type":"ListItem","position":2,"name":"Bonificaci\u00f3n"}]},{"@type":"WebSite","@id":"https:\/\/spinania.org\/es\/#website","url":"https:\/\/spinania.org\/es\/","name":"Spinania","description":"","publisher":{"@id":"https:\/\/spinania.org\/es\/#organization"},"potentialAction":[{"@type":"SearchAction","target":{"@type":"EntryPoint","urlTemplate":"https:\/\/spinania.org\/es\/?s={search_term_string}"},"query-input":{"@type":"PropertyValueSpecification","valueRequired":true,"valueName":"search_term_string"}}],"inLanguage":"es"},{"@type":"Organization","@id":"https:\/\/spinania.org\/es\/#organization","name":"Spinania","url":"https:\/\/spinania.org\/es\/","logo":{"@type":"ImageObject","inLanguage":"es","@id":"https:\/\/spinania.org\/es\/#\/schema\/logo\/image\/","url":"https:\/\/spinania.org\/wp-content\/uploads\/2026\/01\/Casino-logo-Desktop.png","contentUrl":"https:\/\/spinania.org\/wp-content\/uploads\/2026\/01\/Casino-logo-Desktop.png","width":88,"height":26,"caption":"Spinania"},"image":{"@id":"https:\/\/spinania.org\/es\/#\/schema\/logo\/image\/"}}]}},"_links":{"self":[{"href":"https:\/\/spinania.org\/es\/wp-json\/wp\/v2\/pages\/1461","targetHints":{"allow":["GET"]}}],"collection":[{"href":"https:\/\/spinania.org\/es\/wp-json\/wp\/v2\/pages"}],"about":[{"href":"https:\/\/spinania.org\/es\/wp-json\/wp\/v2\/types\/page"}],"author":[{"embeddable":true,"href":"https:\/\/spinania.org\/es\/wp-json\/wp\/v2\/users\/1"}],"replies":[{"embeddable":true,"href":"https:\/\/spinania.org\/es\/wp-json\/wp\/v2\/comments?post=1461"}],"version-history":[{"count":2,"href":"https:\/\/spinania.org\/es\/wp-json\/wp\/v2\/pages\/1461\/revisions"}],"predecessor-version":[{"id":1839,"href":"https:\/\/spinania.org\/es\/wp-json\/wp\/v2\/pages\/1461\/revisions\/1839"}],"wp:attachment":[{"href":"https:\/\/spinania.org\/es\/wp-json\/wp\/v2\/media?parent=1461"}],"curies":[{"name":"wp","href":"https:\/\/api.w.org\/{rel}","templated":true}]}}