{"id":1449,"date":"2026-01-15T10:27:56","date_gmt":"2026-01-15T10:27:56","guid":{"rendered":"https:\/\/spinania.org\/app-2\/"},"modified":"2026-01-16T08:15:26","modified_gmt":"2026-01-16T08:15:26","slug":"aplicacion","status":"publish","type":"page","link":"https:\/\/spinania.org\/es\/aplicacion\/","title":{"rendered":"Aplicaci\u00f3n"},"content":{"rendered":"<h1>Aplicaci\u00f3n SpinAnia<\/h1>\n<p>La SpinAnia App permite a todos nuestros usuarios espa\u00f1oles jugar a sus juegos favoritos en smartphones o tabletas. Es una opci\u00f3n muy pr\u00e1ctica para cualquiera que quiera estar conectado, independientemente de su ubicaci\u00f3n o dispositivo. Ofrecemos una aplicaci\u00f3n espec\u00edfica y una versi\u00f3n para navegador. Est\u00e1 disponible en todos los dispositivos Android e iOS. Si inicias sesi\u00f3n en tu cuenta en varios dispositivos, tus logros y progresos se sincronizar\u00e1n en todos ellos.<\/p>\n<div class=\"banner-wrap\" aria-label=\"Banner\"><img src=\"https:\/\/spinania.org\/wp-content\/uploads\/2026\/01\/Spinania-Banner-Desktop.webp\" class=\"w-100 d-none d-lg-block img-pc main-banner-img\" alt=\"Spinania Banner Desktop\" fetchpriority=\"high\" decoding=\"async\"><img src=\"https:\/\/spinania.org\/wp-content\/uploads\/2026\/01\/Spinania-mobile-banner.webp\" class=\"w-100 d-none d-md-block d-lg-none main-banner-img\" alt=\"Spinania mobile banner\" fetchpriority=\"high\" decoding=\"async\"><img src=\"https:\/\/spinania.org\/wp-content\/uploads\/2026\/01\/Spinania-mobile-banner.webp\" class=\"w-100 d-md-none\" alt=\"Spinania mobile banner\" fetchpriority=\"high\" decoding=\"async\"><div class=\"banner-description\">\n<div class=\"banner-title\">Bonos de bienvenida<\/div>\n<p class=\"banner-header-title\">1500 \u20ac<\/p>\n<div class=\"banner-header-AdditionalText\">+ 250 Tiradas gratis<\/div>\n<button data-item=\"homepage_banner_link\" class=\"goto m-button m-gradient-border m-button--primary m-button--large banner-button btn-orange\">\n            <div class=\"m-button-content\">\n                <span>Reg\u00edstrate ahora<\/span>\n                <span><\/span>\n            <\/div>\n        <\/button>\n<\/div>\n<div class=\"WelcomePack\">\n<p><img loading=\"lazy\" decoding=\"async\" class=\"alignnone size-full wp-image-1331\" src=\"https:\/\/spinania.org\/wp-content\/uploads\/2026\/01\/welcome-crown.svg\" alt=\"welcome crown\" width=\"25\" height=\"26\" \/><\/p>\n<div class=\"WelcomePack-Info\">Reembolso semanal de hasta el 25 %<\/div>\n<p><img loading=\"lazy\" decoding=\"async\" class=\"alignnone size-full wp-image-1331\" src=\"https:\/\/spinania.org\/wp-content\/uploads\/2026\/01\/welcome-crown.svg\" alt=\"welcome crown\" width=\"25\" height=\"26\" \/><\/p>\n<\/div>\n<\/div>\n<h2>Casino m\u00f3vil SpinAnia<\/h2>\n<p>SpinAnia Casino lleva los juegos a un nuevo nivel. Ahora, ya no tienes que elegir un dispositivo espec\u00edfico para tus juegos favoritos. Puedes empezar en tu PC y continuar en tu smartphone. Jugar sobre la marcha es cada vez m\u00e1s popular. Alrededor del 80 % de nuestros jugadores prefieren acceder a SpinAnia desde dispositivos m\u00f3viles.<\/p>\n<p>Puedes acceder al casino m\u00f3vil a trav\u00e9s de la aplicaci\u00f3n Spin Ania o en tu navegador. Ambas opciones son excelentes y se adaptan perfectamente a los dispositivos Android e iOS. No perder\u00e1s nada de tu experiencia de juego al jugar en un smartphone.<\/p>\n<p>En el software m\u00f3vil, ofrecemos a nuestros clientes toda la colecci\u00f3n de juegos y todos los mismos procesos disponibles, como el registro, el inicio de sesi\u00f3n, los pagos y el proceso de verificaci\u00f3n. Si tiene alg\u00fan problema con SpinAnia Casino, puede ponerse en contacto con nosotros a trav\u00e9s del chat en vivo integrado en la aplicaci\u00f3n.<\/p>\n<p><div class=\"scrollable-content-wrap my-5\"><div class=\"scrollable-content-inner\"><h2>Aplicaci\u00f3n SpinAnia para Android<\/h2>\n<p>Los usuarios de Android estar\u00e1n encantados de saber que pueden acceder a nuestra plataforma desde cualquier dispositivo que prefieran. Te invitamos a probar nuestro casino online en un navegador m\u00f3vil, como Google Chrome. Ha sido desarrollado para adaptarse autom\u00e1ticamente a las resoluciones de pantalla de los dispositivos m\u00f3viles.<\/p>\n<p>Otra opci\u00f3n para los jugadores de Android es la app SpinAnia. Se puede instalar desde nuestro sitio web. No te pediremos que descargues ning\u00fan archivo APK de SpinAnia desconocido, ya que nuestra soluci\u00f3n es una aplicaci\u00f3n web progresiva. No ocupa mucho espacio en el dispositivo, solo para los datos almacenados en cach\u00e9.<\/p>\n<p>Si decides probar la aplicaci\u00f3n Spin Ania en Android, sigue las instrucciones que se indican a continuaci\u00f3n. El proceso completo te llevar\u00e1 unos minutos, pero te abrir\u00e1 muchas nuevas oportunidades.<\/p>\n<table>\n<tbody>\n<tr>\n<td>Paso<\/td>\n<td>Detalles<\/td>\n<\/tr>\n<tr>\n<td>Visite nuestro sitio web.<\/td>\n<td>Visita SpinAnia en tu navegador m\u00f3vil preferido.<\/td>\n<\/tr>\n<tr>\n<td>Haga clic en \u00abAplicaci\u00f3n del casino\u00bb.<\/td>\n<td>El bot\u00f3n \u00abAplicaci\u00f3n del casino\u00bb se encuentra en el pie de p\u00e1gina de la p\u00e1gina principal.<\/td>\n<\/tr>\n<tr>\n<td>Haga clic en \u00abInstalar\u00bb.<\/td>\n<td>En la nueva p\u00e1gina, en el centro de la pantalla, aparecer\u00e1 el bot\u00f3n \u00abInstalar\u00bb.<\/td>\n<\/tr>\n<tr>\n<td>Completa la instalaci\u00f3n.<\/td>\n<td>Una vez finalizado el proceso, el icono del casino online aparecer\u00e1 en la pantalla de inicio de tu dispositivo.<\/td>\n<\/tr>\n<\/tbody>\n<\/table>\n<p><img loading=\"lazy\" decoding=\"async\" src=\"https:\/\/spinania.org\/wp-content\/uploads\/2026\/01\/Spinania-Android-App.webp\" alt=\"Spinania Android App\" width=\"1248\" height=\"536\" \/><\/p>\n<\/div><\/div><div style=\"clear: both\"><\/div><div class=\"d-flex justify-content-center\"><button data-item=\"decouvrez_link\" data-group=\"website_links\" class=\"goto fw-bold rounded-pill btn btn-orange\" aria-label=\"Descarga la aplicaci\u00f3n Spinania\" >Descarga la aplicaci\u00f3n Spinania<\/button><\/div><div class=\"scrollable-content-wrap my-5\"><div class=\"scrollable-content-inner\"><h2>Aplicaci\u00f3n m\u00f3vil iOS<\/h2>\n<p>Si tienes un smartphone o una tableta iOS, tienes muchas formas de jugar en SpinAnia Casino. Ofrecemos una versi\u00f3n para navegador que te permite instalar un icono de acceso directo. Adem\u00e1s, la aplicaci\u00f3n SpinAnia est\u00e1 disponible para dispositivos iOS. Dado que la App Store tiene restricciones sobre los juegos de azar, no puedes descargarla all\u00ed, pero est\u00e1 disponible para su instalaci\u00f3n en nuestro sitio web.<\/p>\n<p>El icono de acceso directo te permite acceder a la plataforma con un solo clic desde tu pantalla de inicio. La versi\u00f3n para navegadores m\u00f3viles de Spin Ania Casino ofrece m\u00e1s de 6.000 juegos, incluyendo tragamonedas, juegos de mesa, t\u00edtulos de casino en vivo y juegos crash. Sigue nuestra gu\u00eda paso a paso para instalar el icono de acceso directo en tu pantalla de inicio.<\/p>\n<table>\n<tbody>\n<tr>\n<td>Paso<\/td>\n<td>Detalles<\/td>\n<\/tr>\n<tr>\n<td>Abrir el sitio web<\/td>\n<td>En cualquier navegador que prefieras, ve a la p\u00e1gina SpinAnia Casino.<\/td>\n<\/tr>\n<tr>\n<td>Haga clic en \u00abCompartir\u00bb o \u00abM\u00e1s\u00bb.<\/td>\n<td>Dependiendo de tu navegador, el bot\u00f3n tendr\u00e1 un nombre diferente. Se encuentra en la barra de direcciones.<\/td>\n<\/tr>\n<tr>\n<td>Selecciona \u00abA\u00f1adir a la pantalla de inicio\u00bb.<\/td>\n<td>En la lista, busca la opci\u00f3n que necesitas.<\/td>\n<\/tr>\n<tr>\n<td>Personalizar el icono<\/td>\n<td>Si es necesario, puede actualizar el nombre y la parte visual del icono.<\/td>\n<\/tr>\n<tr>\n<td>Haga clic en \u00abA\u00f1adir\u00bb.<\/td>\n<td>Este paso confirma las acciones anteriores y crea el icono de acceso directo.<\/td>\n<\/tr>\n<\/tbody>\n<\/table>\n<p><img loading=\"lazy\" decoding=\"async\" src=\"https:\/\/spinania.org\/wp-content\/uploads\/2026\/01\/Spinania-iOS-App.webp\" alt=\"Spinania iOS App\" width=\"1248\" height=\"536\" \/><\/p>\n<\/div><\/div><div style=\"clear: both\"><\/div><div class=\"d-flex justify-content-center\"><button data-item=\"decouvrez_link\" data-group=\"website_links\" class=\"goto fw-bold rounded-pill btn btn-orange\" aria-label=\"Descargar Spinanina\" >Descargar Spinanina<\/button><\/div><div class=\"scrollable-content-wrap my-5\"><div class=\"scrollable-content-inner\"><h2>App de escritorio SpinAnia Casino para Windows\/macOS<\/h2>\n<p>No te limitamos a utilizar un dispositivo espec\u00edfico. A veces, jugar en un PC o port\u00e1til con una pantalla grande puede sumergirte m\u00e1s en la atm\u00f3sfera de un casino real. No hay ning\u00fan problema si empiezas tu aventura en un smartphone y contin\u00faas en un ordenador de sobremesa. Todos tus datos y preferencias de SpinAnia Casino se sincronizar\u00e1n.<\/p>\n<p>Con una conexi\u00f3n a Internet estable, disfrutar\u00e1s de una experiencia de juego fluida y una carga r\u00e1pida de todas las funciones necesarias. SpinAnia Casino ofrece dos opciones principales para utilizarlo en ordenadores de sobremesa:<\/p>\n<ul>\n<li>Versi\u00f3n del navegador. Para acceder a nuestro sitio web, puede utilizar cualquier navegador que le resulte c\u00f3modo, como Safari o Google Chrome. No es necesario realizar ninguna descarga ni instalaci\u00f3n.<\/li>\n<li>Icono de acceso directo. Esta opci\u00f3n te permite acceder m\u00e1s r\u00e1pidamente a Spin Ania sin necesidad de abrir el navegador y buscar el sitio web. El icono de acceso directo no ocupa espacio en la memoria de tu dispositivo.<\/li>\n<\/ul>\n<p><img loading=\"lazy\" decoding=\"async\" src=\"https:\/\/spinania.org\/wp-content\/uploads\/2026\/01\/Spinania-Desktop.webp\" alt=\"Spinania Desktop\" width=\"1248\" height=\"536\" \/><\/p>\n<\/div><\/div><div style=\"clear: both\"><\/div><div class=\"d-flex justify-content-center\"><button data-item=\"decouvrez_link\" data-group=\"website_links\" class=\"goto fw-bold rounded-pill btn btn-orange\" aria-label=\"Descarga la aplicaci\u00f3n Spinania\" >Descarga la aplicaci\u00f3n Spinania<\/button><\/div><div class=\"scrollable-content-wrap my-5\"><div class=\"scrollable-content-inner\"><h2>Preguntas frecuentes<\/h2>\n<h3>\u00bfD\u00f3nde puedo obtener asistencia al cliente en la aplicaci\u00f3n SpinAnia Casino?<\/h3>\n<p>Nuestro software m\u00f3vil para Android e iOS incluye una funci\u00f3n integrada de chat en vivo para ponerse en contacto con el equipo de asistencia, disponible las 24 horas del d\u00eda, los 7 d\u00edas de la semana. Tambi\u00e9n puede enviarnos un correo electr\u00f3nico para obtener informaci\u00f3n m\u00e1s detallada.<\/p>\n<h3>\u00bfNecesito una cuenta para usar la aplicaci\u00f3n Spin Ania?<\/h3>\n<p>Para acceder a todas las funciones y juegos, debes crear una cuenta en la aplicaci\u00f3n SpinAnia. Algunos t\u00edtulos est\u00e1n disponibles en modo demo, en el que jugar\u00e1s con monedas virtuales. En este caso, no podr\u00e1s retirar tus ganancias.<\/p>\n<h3>\u00bfTodos los juegos est\u00e1n disponibles en la aplicaci\u00f3n?<\/h3>\n<p>Nuestros proveedores de software de confianza desarrollan juegos compatibles con cualquier dispositivo m\u00f3vil moderno. Por eso, tendr\u00e1s acceso a m\u00e1s de 6.000 t\u00edtulos desde tu smartphone, incluyendo tragamonedas online, juegos de mesa, opciones con crupier en vivo y juegos crash.<\/p>\n<h3>\u00bfC\u00f3mo puedo actualizar la aplicaci\u00f3n SpinAnia Casino?<\/h3>\n<p>La versi\u00f3n m\u00f3vil de Spin Ania Casino, disponible para su instalaci\u00f3n desde nuestro sitio web, es una aplicaci\u00f3n web progresiva. Se actualizar\u00e1 autom\u00e1ticamente, sin necesidad de realizar ning\u00fan paso adicional por su parte.<\/p>\n<\/div><\/div><\/p>\n","protected":false},"excerpt":{"rendered":"<p>Aplicaci\u00f3n SpinAnia La SpinAnia App permite a todos nuestros usuarios espa\u00f1oles jugar a sus juegos favoritos en smartphones o tabletas. Es una opci\u00f3n muy pr\u00e1ctica para cualquiera que quiera estar conectado, independientemente de su ubicaci\u00f3n o dispositivo. Ofrecemos una aplicaci\u00f3n espec\u00edfica y una versi\u00f3n para navegador. Est\u00e1 disponible en todos los dispositivos Android e iOS. [&hellip;]<\/p>\n","protected":false},"author":1,"featured_media":0,"parent":0,"menu_order":0,"comment_status":"closed","ping_status":"closed","template":"template-builder.php","meta":{"_acf_changed":false,"inline_featured_image":false,"footnotes":""},"class_list":["post-1449","page","type-page","status-publish","hentry"],"acf":[],"yoast_head":"<!-- This site is optimized with the Yoast SEO plugin v27.3 - https:\/\/yoast.com\/product\/yoast-seo-wordpress\/ -->\n<title>SpinAnia App \u2013 Descargar iOS &amp; Android<\/title>\n<meta name=\"description\" content=\"SpinAnia App \u2013 inst\u00e1lala en iOS y Android para acceder al casino completo donde quieras. Disfruta de un juego fluido, sincronizaci\u00f3n r\u00e1pida y soporte en vivo \u2013 todo en Spin Ania.\" \/>\n<meta name=\"robots\" content=\"index, follow, max-snippet:-1, max-image-preview:large, max-video-preview:-1\" \/>\n<link rel=\"canonical\" href=\"https:\/\/spinania.org\/es\/aplicacion\/\" \/>\n<meta property=\"og:locale\" content=\"es_ES\" \/>\n<meta property=\"og:type\" content=\"article\" \/>\n<meta property=\"og:title\" content=\"SpinAnia App \u2013 Descargar iOS &amp; Android\" \/>\n<meta property=\"og:description\" content=\"SpinAnia App \u2013 inst\u00e1lala en iOS y Android para acceder al casino completo donde quieras. Disfruta de un juego fluido, sincronizaci\u00f3n r\u00e1pida y soporte en vivo \u2013 todo en Spin Ania.\" \/>\n<meta property=\"og:url\" content=\"https:\/\/spinania.org\/es\/aplicacion\/\" \/>\n<meta property=\"og:site_name\" content=\"spinania\" \/>\n<meta property=\"article:modified_time\" content=\"2026-01-16T08:15:26+00:00\" \/>\n<meta name=\"twitter:card\" content=\"summary_large_image\" \/>\n<meta name=\"twitter:label1\" content=\"Est. reading time\" \/>\n\t<meta name=\"twitter:data1\" content=\"2 minutos\" \/>\n<script type=\"application\/ld+json\" class=\"yoast-schema-graph\">{\"@context\":\"https:\\\/\\\/schema.org\",\"@graph\":[{\"@type\":\"WebPage\",\"@id\":\"https:\\\/\\\/spinania.org\\\/es\\\/aplicacion\\\/\",\"url\":\"https:\\\/\\\/spinania.org\\\/es\\\/aplicacion\\\/\",\"name\":\"SpinAnia App \u2013 Descargar iOS & Android\",\"isPartOf\":{\"@id\":\"https:\\\/\\\/spinania.org\\\/es\\\/#website\"},\"datePublished\":\"2026-01-15T10:27:56+00:00\",\"dateModified\":\"2026-01-16T08:15:26+00:00\",\"description\":\"SpinAnia App \u2013 inst\u00e1lala en iOS y Android para acceder al casino completo donde quieras. Disfruta de un juego fluido, sincronizaci\u00f3n r\u00e1pida y soporte en vivo \u2013 todo en Spin Ania.\",\"breadcrumb\":{\"@id\":\"https:\\\/\\\/spinania.org\\\/es\\\/aplicacion\\\/#breadcrumb\"},\"inLanguage\":\"es\",\"potentialAction\":[{\"@type\":\"ReadAction\",\"target\":[\"https:\\\/\\\/spinania.org\\\/es\\\/aplicacion\\\/\"]}]},{\"@type\":\"BreadcrumbList\",\"@id\":\"https:\\\/\\\/spinania.org\\\/es\\\/aplicacion\\\/#breadcrumb\",\"itemListElement\":[{\"@type\":\"ListItem\",\"position\":1,\"name\":\"Spinania\",\"item\":\"https:\\\/\\\/spinania.org\\\/es\\\/\"},{\"@type\":\"ListItem\",\"position\":2,\"name\":\"Aplicaci\u00f3n\"}]},{\"@type\":\"WebSite\",\"@id\":\"https:\\\/\\\/spinania.org\\\/es\\\/#website\",\"url\":\"https:\\\/\\\/spinania.org\\\/es\\\/\",\"name\":\"Spinania\",\"description\":\"\",\"publisher\":{\"@id\":\"https:\\\/\\\/spinania.org\\\/es\\\/#organization\"},\"potentialAction\":[{\"@type\":\"SearchAction\",\"target\":{\"@type\":\"EntryPoint\",\"urlTemplate\":\"https:\\\/\\\/spinania.org\\\/es\\\/?s={search_term_string}\"},\"query-input\":{\"@type\":\"PropertyValueSpecification\",\"valueRequired\":true,\"valueName\":\"search_term_string\"}}],\"inLanguage\":\"es\"},{\"@type\":\"Organization\",\"@id\":\"https:\\\/\\\/spinania.org\\\/es\\\/#organization\",\"name\":\"Spinania\",\"url\":\"https:\\\/\\\/spinania.org\\\/es\\\/\",\"logo\":{\"@type\":\"ImageObject\",\"inLanguage\":\"es\",\"@id\":\"https:\\\/\\\/spinania.org\\\/es\\\/#\\\/schema\\\/logo\\\/image\\\/\",\"url\":\"https:\\\/\\\/spinania.org\\\/wp-content\\\/uploads\\\/2026\\\/01\\\/Casino-logo-Desktop.png\",\"contentUrl\":\"https:\\\/\\\/spinania.org\\\/wp-content\\\/uploads\\\/2026\\\/01\\\/Casino-logo-Desktop.png\",\"width\":88,\"height\":26,\"caption\":\"Spinania\"},\"image\":{\"@id\":\"https:\\\/\\\/spinania.org\\\/es\\\/#\\\/schema\\\/logo\\\/image\\\/\"}}]}<\/script>\n<!-- \/ Yoast SEO plugin. -->","yoast_head_json":{"title":"SpinAnia App \u2013 Descargar iOS & Android","description":"SpinAnia App \u2013 inst\u00e1lala en iOS y Android para acceder al casino completo donde quieras. Disfruta de un juego fluido, sincronizaci\u00f3n r\u00e1pida y soporte en vivo \u2013 todo en Spin Ania.","robots":{"index":"index","follow":"follow","max-snippet":"max-snippet:-1","max-image-preview":"max-image-preview:large","max-video-preview":"max-video-preview:-1"},"canonical":"https:\/\/spinania.org\/es\/aplicacion\/","og_locale":"es_ES","og_type":"article","og_title":"SpinAnia App \u2013 Descargar iOS & Android","og_description":"SpinAnia App \u2013 inst\u00e1lala en iOS y Android para acceder al casino completo donde quieras. Disfruta de un juego fluido, sincronizaci\u00f3n r\u00e1pida y soporte en vivo \u2013 todo en Spin Ania.","og_url":"https:\/\/spinania.org\/es\/aplicacion\/","og_site_name":"spinania","article_modified_time":"2026-01-16T08:15:26+00:00","twitter_card":"summary_large_image","twitter_misc":{"Est. reading time":"2 minutos"},"schema":{"@context":"https:\/\/schema.org","@graph":[{"@type":"WebPage","@id":"https:\/\/spinania.org\/es\/aplicacion\/","url":"https:\/\/spinania.org\/es\/aplicacion\/","name":"SpinAnia App \u2013 Descargar iOS & Android","isPartOf":{"@id":"https:\/\/spinania.org\/es\/#website"},"datePublished":"2026-01-15T10:27:56+00:00","dateModified":"2026-01-16T08:15:26+00:00","description":"SpinAnia App \u2013 inst\u00e1lala en iOS y Android para acceder al casino completo donde quieras. Disfruta de un juego fluido, sincronizaci\u00f3n r\u00e1pida y soporte en vivo \u2013 todo en Spin Ania.","breadcrumb":{"@id":"https:\/\/spinania.org\/es\/aplicacion\/#breadcrumb"},"inLanguage":"es","potentialAction":[{"@type":"ReadAction","target":["https:\/\/spinania.org\/es\/aplicacion\/"]}]},{"@type":"BreadcrumbList","@id":"https:\/\/spinania.org\/es\/aplicacion\/#breadcrumb","itemListElement":[{"@type":"ListItem","position":1,"name":"Spinania","item":"https:\/\/spinania.org\/es\/"},{"@type":"ListItem","position":2,"name":"Aplicaci\u00f3n"}]},{"@type":"WebSite","@id":"https:\/\/spinania.org\/es\/#website","url":"https:\/\/spinania.org\/es\/","name":"Spinania","description":"","publisher":{"@id":"https:\/\/spinania.org\/es\/#organization"},"potentialAction":[{"@type":"SearchAction","target":{"@type":"EntryPoint","urlTemplate":"https:\/\/spinania.org\/es\/?s={search_term_string}"},"query-input":{"@type":"PropertyValueSpecification","valueRequired":true,"valueName":"search_term_string"}}],"inLanguage":"es"},{"@type":"Organization","@id":"https:\/\/spinania.org\/es\/#organization","name":"Spinania","url":"https:\/\/spinania.org\/es\/","logo":{"@type":"ImageObject","inLanguage":"es","@id":"https:\/\/spinania.org\/es\/#\/schema\/logo\/image\/","url":"https:\/\/spinania.org\/wp-content\/uploads\/2026\/01\/Casino-logo-Desktop.png","contentUrl":"https:\/\/spinania.org\/wp-content\/uploads\/2026\/01\/Casino-logo-Desktop.png","width":88,"height":26,"caption":"Spinania"},"image":{"@id":"https:\/\/spinania.org\/es\/#\/schema\/logo\/image\/"}}]}},"_links":{"self":[{"href":"https:\/\/spinania.org\/es\/wp-json\/wp\/v2\/pages\/1449","targetHints":{"allow":["GET"]}}],"collection":[{"href":"https:\/\/spinania.org\/es\/wp-json\/wp\/v2\/pages"}],"about":[{"href":"https:\/\/spinania.org\/es\/wp-json\/wp\/v2\/types\/page"}],"author":[{"embeddable":true,"href":"https:\/\/spinania.org\/es\/wp-json\/wp\/v2\/users\/1"}],"replies":[{"embeddable":true,"href":"https:\/\/spinania.org\/es\/wp-json\/wp\/v2\/comments?post=1449"}],"version-history":[{"count":2,"href":"https:\/\/spinania.org\/es\/wp-json\/wp\/v2\/pages\/1449\/revisions"}],"predecessor-version":[{"id":1836,"href":"https:\/\/spinania.org\/es\/wp-json\/wp\/v2\/pages\/1449\/revisions\/1836"}],"wp:attachment":[{"href":"https:\/\/spinania.org\/es\/wp-json\/wp\/v2\/media?parent=1449"}],"curies":[{"name":"wp","href":"https:\/\/api.w.org\/{rel}","templated":true}]}}