{"id":1483,"date":"2026-01-15T10:29:48","date_gmt":"2026-01-15T10:29:48","guid":{"rendered":"https:\/\/spinania.org\/login-and-registration\/"},"modified":"2026-01-15T14:59:34","modified_gmt":"2026-01-15T14:59:34","slug":"anmeldung-und-registrierung","status":"publish","type":"page","link":"https:\/\/spinania.org\/de\/anmeldung-und-registrierung\/","title":{"rendered":"Anmeldung und Registrierung"},"content":{"rendered":"<h1>SpinAnia Anmeldung und Registrierung<\/h1>\n<p>Der einzige Schritt, um mit dem Spielen um echtes Geld zu beginnen, ist die Durchf\u00fchrung des SpinAnia Login Prozesses. Die meisten unserer Nutzer ben\u00f6tigen daf\u00fcr nicht l\u00e4nger als 3 Minuten. F\u00fcr die Registrierung ben\u00f6tigen Sie Ihre E-Mail-Adresse und ein Passwort. Wir empfehlen allen unseren Kunden, ein sicheres Passwort zu erstellen, um die Sicherheit zu erh\u00f6hen. Nach der Anmeldung k\u00f6nnen Sie Ihr Erlebnis personalisieren, indem Sie Ihre Kontoeinstellungen aktivieren.<\/p>\n<p><div class=\"banner-wrap\" aria-label=\"Banner\"><img src=\"https:\/\/spinania.org\/wp-content\/uploads\/2026\/01\/Spinania-Banner-Desktop.webp\" class=\"w-100 d-none d-lg-block img-pc main-banner-img\" alt=\"Spinania Banner Desktop\" fetchpriority=\"high\" decoding=\"async\"><img src=\"https:\/\/spinania.org\/wp-content\/uploads\/2026\/01\/Spinania-mobile-banner.webp\" class=\"w-100 d-none d-md-block d-lg-none main-banner-img\" alt=\"Spinania mobile banner\" fetchpriority=\"high\" decoding=\"async\"><img src=\"https:\/\/spinania.org\/wp-content\/uploads\/2026\/01\/Spinania-mobile-banner.webp\" class=\"w-100 d-md-none\" alt=\"Spinania mobile banner\" fetchpriority=\"high\" decoding=\"async\"><div class=\"banner-description\">\n<div class=\"banner-title\">Willkommensboni<\/div>\n<p class=\"banner-header-title\">1500 \u20ac<\/p>\n<div class=\"banner-header-AdditionalText\">+ 250 Freispiele<\/div>\n<button data-item=\"homepage_banner_link\" class=\"goto m-button m-gradient-border m-button--primary m-button--large banner-button btn-orange\">\n            <div class=\"m-button-content\">\n                <span>Jetzt anmelden<\/span>\n                <span><\/span>\n            <\/div>\n        <\/button>\n<\/div>\n<div class=\"WelcomePack\">\n<p><img loading=\"lazy\" decoding=\"async\" class=\"alignnone size-full wp-image-1331\" src=\"https:\/\/spinania.org\/wp-content\/uploads\/2026\/01\/welcome-crown.svg\" alt=\"welcome crown\" width=\"25\" height=\"26\" \/><\/p>\n<div class=\"WelcomePack-Info\">W\u00f6chentlicher Cashback von bis zu 25 %<\/div>\n<p><img loading=\"lazy\" decoding=\"async\" class=\"alignnone size-full wp-image-1331\" src=\"https:\/\/spinania.org\/wp-content\/uploads\/2026\/01\/welcome-crown.svg\" alt=\"welcome crown\" width=\"25\" height=\"26\" \/><\/p>\n<\/div>\n<\/div><div class=\"scrollable-content-wrap my-5\"><div class=\"scrollable-content-inner\"><h2>Anmeldeverfahren bei SpinAnia Casino<\/h2>\n<p>Spin Ania Casino ist eine moderne Gl\u00fccksspielplattform, die Zugang zu mehr als 6.000 Titeln von f\u00fchrenden Softwareanbietern bietet. Ohne Konto k\u00f6nnen Sie einige davon im Demo-Modus ausprobieren, was bedeutet, dass Sie die Gewinne nicht auszahlen lassen k\u00f6nnen. Die SpinAnia-Anmeldung kann diese Situation \u00e4ndern.<\/p>\n<p>Allen registrierten Nutzern bieten wir Echtgeldspiele, riesige Bonus- und Turniersammlungen, schnelle und sichere Zahlungen sowie einen rund um die Uhr verf\u00fcgbaren Kundensupport. SpinAnia Login ist f\u00fcr alle Personen ab 18 Jahren verf\u00fcgbar. Eine weitere Regel besagt, dass jede Person nur ein Konto auf der Website haben darf. Wenn Sie Probleme bei der Registrierung oder Anmeldung haben, k\u00f6nnen Sie sich an unser mehrsprachiges Support-Team wenden.<\/p>\n<h3>Erstellen Sie Ihr Konto<\/h3>\n<p>F\u00fcr alle, die gerade erst mit SpinAnia beginnen, empfehlen wir die Erstellung eines Kontos. Damit erhalten Sie Zugriff auf alle Funktionen der Website. Der Vorgang ist unkompliziert und nimmt nicht viel Zeit in Anspruch. Befolgen Sie die nachstehenden Anweisungen, um ein Konto bei SpinAnia Casino zu erstellen:<\/p>\n<ol>\n<li>Sie sollten auf der Hauptseite auf \u201eAnmelden\u201c klicken.<\/li>\n<li>Benutzer m\u00fcssen ihre E-Mail-Adresse eingeben und ein sicheres Passwort erstellen.<\/li>\n<li>Akzeptieren Sie die Allgemeinen Gesch\u00e4ftsbedingungen der Website.<\/li>\n<li>Best\u00e4tigen Sie, dass Sie mindestens 18 Jahre alt sind.<\/li>\n<li>Klicken Sie am Ende des Anmeldeformulars auf \u201eAnmelden\u201c, um alle eingegebenen Informationen zu best\u00e4tigen.<\/li>\n<\/ol>\n<h2>SpinAnia Anmeldung und Kontoverwaltung<\/h2>\n<p>Eine SpinAnia Anmeldung ist erforderlich, wenn Sie bereits ein Konto auf der Plattform haben. Wenn Sie von verschiedenen Ger\u00e4ten aus auf Ihr Profil zugreifen, werden alle Ihre Erfolge, Einstellungen und anderen Funktionen synchronisiert. F\u00fcr die Spin Ania-Anmeldung ben\u00f6tigen Sie die E-Mail-Adresse und das Passwort, die Sie bei der Registrierung angegeben haben. Die folgende Tabelle zeigt die wichtigsten Funktionen, die allen angemeldeten Benutzern zur Verf\u00fcgung stehen.<\/p>\n<table>\n<tbody>\n<tr>\n<td>Funktion<\/td>\n<td>Details<\/td>\n<\/tr>\n<tr>\n<td>Verwaltung personenbezogener Daten<\/td>\n<td>Benutzer k\u00f6nnen ihren Namen, ihre Kontaktdaten, ihr Passwort und ihre Kontoeinstellungen \u00e4ndern.<\/td>\n<\/tr>\n<tr>\n<td>Spielverlauf<\/td>\n<td>Sie haben die M\u00f6glichkeit, Ihre Aktivit\u00e4ten, Gewinne, Verluste und abgeschlossenen Spielsitzungen zu \u00fcberpr\u00fcfen und zu analysieren.<\/td>\n<\/tr>\n<tr>\n<td>Verwaltung des VIP-Status<\/td>\n<td>Es gibt vollst\u00e4ndige Informationen \u00fcber den Treuestatus, den Cashback-Prozentsatz und die VIP-Pr\u00e4mien.<\/td>\n<\/tr>\n<tr>\n<td>Verantwortungsbewusste Spielgrenzen<\/td>\n<td>Um verantwortungsbewusst zu spielen, k\u00f6nnen alle Nutzer finanzielle und zeitliche Limits sowie das Selbstausschluss-Tool aktivieren.<\/td>\n<\/tr>\n<tr>\n<td>Benachrichtigungen verwalten<\/td>\n<td>Spieler k\u00f6nnen E-Mail-, SMS- und Push-Benachrichtigungen zu Neuigkeiten und Updates einrichten.<\/td>\n<\/tr>\n<\/tbody>\n<\/table>\n<h3>Passwort vergessen?<\/h3>\n<p>Bei SpinAnia Casino gibt es f\u00fcr jede Situation eine L\u00f6sung, auch wenn Sie Ihr Passwort vergessen haben. Wir haben ein spezielles Verfahren, das Ihnen in diesem Fall hilft. Im SpinAnia-Anmeldeformular m\u00fcssen Sie dem Link \u201ePasswort vergessen?\u201c folgen. Geben Sie einfach die E-Mail-Adresse ein, die Sie bei der Registrierung verwendet haben, und wir senden Ihnen den Link zum Zur\u00fccksetzen zu. Verwenden Sie beim n\u00e4chsten Zugriff auf Ihr Konto das neue Passwort, das Sie erstellt haben.<\/p>\n<h2>Verifizierungsprozess bei Spin Ania Casino<\/h2>\n<p>Der Verifizierungsprozess ist ein wichtiger Schritt zum Schutz unserer Plattform und zur Verhinderung von Betrug. Alle Nutzer m\u00fcssen ihn vor ihrer ersten Auszahlung abschlie\u00dfen. Wir m\u00fcssen Ihre Identit\u00e4t, Ihr Alter, Ihre Wohnadresse und die Inhaberschaft Ihres Zahlungskontos bei SpinAnia Casino \u00fcberpr\u00fcfen. Dazu bitten wir Sie, einige pers\u00f6nliche Dokumente hochzuladen, zum Beispiel eine Kopie Ihres Reisepasses, Personalausweises oder F\u00fchrerscheins, einen Kontoauszug und einen Screenshot Ihres Zahlungskontos mit Ihrem vollst\u00e4ndigen Namen.<\/p>\n<p>Unsere Manager pr\u00fcfen alle hochgeladenen Unterlagen innerhalb von 48 Stunden. Sie erhalten eine E-Mail und eine Benachrichtigung in Ihrem Konto \u00fcber die Ergebnisse. Wenn alles in Ordnung ist, kommt es zu keinen Zahlungsverz\u00f6gerungen.<\/p>\n<h2>H\u00e4ufig gestellte Fragen<\/h2>\n<h3>Welche Schritte m\u00fcssen zur Kontoverifizierung unternommen werden?<\/h3>\n<p>Um Ihre Identit\u00e4t zu \u00fcberpr\u00fcfen, m\u00fcssen Sie Ihre pers\u00f6nlichen Daten hochladen. Unsere Manager werden diese innerhalb von 48 Stunden pr\u00fcfen und Ihnen antworten. Es sind keine weiteren Schritte Ihrerseits erforderlich.<\/p>\n<h3>Wie kann ich mein Konto schlie\u00dfen oder vor\u00fcbergehend sperren?<\/h3>\n<p>Wenn Sie sich entscheiden, Ihr Konto vor\u00fcbergehend zu schlie\u00dfen oder zu sperren, wenden Sie sich bitte an unser Support-Team, das Ihnen gerne weiterhilft. Das Team wird dies innerhalb weniger Minuten erledigen und Ihnen erkl\u00e4ren, wie Sie ein Spin Ania-Konto wieder er\u00f6ffnen k\u00f6nnen.<\/p>\n<h3>Mein Konto ist gesperrt. Was soll ich tun?<\/h3>\n<p>Wenn wir Benutzerkonten sperren, senden wir immer eine E-Mail mit zus\u00e4tzlichen Informationen zu Ihrem Fall. Wenn Sie keine E-Mail erhalten haben, kontaktieren Sie uns bitte \u00fcber den Live-Chat oder per E-Mail.<\/p>\n<h3>Kann ich mein Passwort oder meine E-Mail-Adresse verwalten?<\/h3>\n<p>In Ihren Kontoeinstellungen k\u00f6nnen Sie Ihre pers\u00f6nlichen Daten und Zahlungsdaten jederzeit \u00e4ndern. Wenn Sie Ihr Passwort aktualisieren m\u00fcssen, senden wir Ihnen eine Best\u00e4tigungs-E-Mail. Bitte folgen Sie dem Link in der E-Mail, um den Vorgang abzuschlie\u00dfen.<\/p>\n<\/div><\/div><\/p>\n","protected":false},"excerpt":{"rendered":"<p>SpinAnia Anmeldung und Registrierung Der einzige Schritt, um mit dem Spielen um echtes Geld zu beginnen, ist die Durchf\u00fchrung des SpinAnia Login Prozesses. Die meisten unserer Nutzer ben\u00f6tigen daf\u00fcr nicht l\u00e4nger als 3 Minuten. F\u00fcr die Registrierung ben\u00f6tigen Sie Ihre E-Mail-Adresse und ein Passwort. Wir empfehlen allen unseren Kunden, ein sicheres Passwort zu erstellen, um [&hellip;]<\/p>\n","protected":false},"author":1,"featured_media":0,"parent":0,"menu_order":0,"comment_status":"closed","ping_status":"closed","template":"template-builder.php","meta":{"_acf_changed":false,"inline_featured_image":false,"footnotes":""},"class_list":["post-1483","page","type-page","status-publish","hentry"],"acf":[],"yoast_head":"<!-- This site is optimized with the Yoast SEO plugin v27.3 - https:\/\/yoast.com\/product\/yoast-seo-wordpress\/ -->\n<title>SpinAnia Casino - Login &amp; Anmeldung<\/title>\n<meta name=\"description\" content=\"SpinAnia Casino \u2013 greife sicher auf dein Konto zu oder registriere dich in wenigen Sekunden. Verwalte dein Profil, deine Verifizierung und Bonusoptionen jederzeit bei Spin Ania.\" \/>\n<meta name=\"robots\" content=\"index, follow, max-snippet:-1, max-image-preview:large, max-video-preview:-1\" \/>\n<link rel=\"canonical\" href=\"https:\/\/spinania.org\/de\/anmeldung-und-registrierung\/\" \/>\n<meta property=\"og:locale\" content=\"de_DE\" \/>\n<meta property=\"og:type\" content=\"article\" \/>\n<meta property=\"og:title\" content=\"SpinAnia Casino - Login &amp; Anmeldung\" \/>\n<meta property=\"og:description\" content=\"SpinAnia Casino \u2013 greife sicher auf dein Konto zu oder registriere dich in wenigen Sekunden. Verwalte dein Profil, deine Verifizierung und Bonusoptionen jederzeit bei Spin Ania.\" \/>\n<meta property=\"og:url\" content=\"https:\/\/spinania.org\/de\/anmeldung-und-registrierung\/\" \/>\n<meta property=\"og:site_name\" content=\"spinania\" \/>\n<meta property=\"article:modified_time\" content=\"2026-01-15T14:59:34+00:00\" \/>\n<meta name=\"twitter:card\" content=\"summary_large_image\" \/>\n<meta name=\"twitter:label1\" content=\"Gesch\u00e4tzte Lesezeit\" \/>\n\t<meta name=\"twitter:data1\" content=\"1\u00a0Minute\" \/>\n<script type=\"application\/ld+json\" class=\"yoast-schema-graph\">{\"@context\":\"https:\\\/\\\/schema.org\",\"@graph\":[{\"@type\":\"WebPage\",\"@id\":\"https:\\\/\\\/spinania.org\\\/de\\\/anmeldung-und-registrierung\\\/\",\"url\":\"https:\\\/\\\/spinania.org\\\/de\\\/anmeldung-und-registrierung\\\/\",\"name\":\"SpinAnia Casino - Login & Anmeldung\",\"isPartOf\":{\"@id\":\"https:\\\/\\\/spinania.org\\\/de\\\/#website\"},\"datePublished\":\"2026-01-15T10:29:48+00:00\",\"dateModified\":\"2026-01-15T14:59:34+00:00\",\"description\":\"SpinAnia Casino \u2013 greife sicher auf dein Konto zu oder registriere dich in wenigen Sekunden. Verwalte dein Profil, deine Verifizierung und Bonusoptionen jederzeit bei Spin Ania.\",\"breadcrumb\":{\"@id\":\"https:\\\/\\\/spinania.org\\\/de\\\/anmeldung-und-registrierung\\\/#breadcrumb\"},\"inLanguage\":\"de\",\"potentialAction\":[{\"@type\":\"ReadAction\",\"target\":[\"https:\\\/\\\/spinania.org\\\/de\\\/anmeldung-und-registrierung\\\/\"]}]},{\"@type\":\"BreadcrumbList\",\"@id\":\"https:\\\/\\\/spinania.org\\\/de\\\/anmeldung-und-registrierung\\\/#breadcrumb\",\"itemListElement\":[{\"@type\":\"ListItem\",\"position\":1,\"name\":\"Spinania\",\"item\":\"https:\\\/\\\/spinania.org\\\/de\\\/\"},{\"@type\":\"ListItem\",\"position\":2,\"name\":\"Anmeldung und Registrierung\"}]},{\"@type\":\"WebSite\",\"@id\":\"https:\\\/\\\/spinania.org\\\/de\\\/#website\",\"url\":\"https:\\\/\\\/spinania.org\\\/de\\\/\",\"name\":\"Spinania\",\"description\":\"\",\"publisher\":{\"@id\":\"https:\\\/\\\/spinania.org\\\/de\\\/#organization\"},\"potentialAction\":[{\"@type\":\"SearchAction\",\"target\":{\"@type\":\"EntryPoint\",\"urlTemplate\":\"https:\\\/\\\/spinania.org\\\/de\\\/?s={search_term_string}\"},\"query-input\":{\"@type\":\"PropertyValueSpecification\",\"valueRequired\":true,\"valueName\":\"search_term_string\"}}],\"inLanguage\":\"de\"},{\"@type\":\"Organization\",\"@id\":\"https:\\\/\\\/spinania.org\\\/de\\\/#organization\",\"name\":\"Spinania\",\"url\":\"https:\\\/\\\/spinania.org\\\/de\\\/\",\"logo\":{\"@type\":\"ImageObject\",\"inLanguage\":\"de\",\"@id\":\"https:\\\/\\\/spinania.org\\\/de\\\/#\\\/schema\\\/logo\\\/image\\\/\",\"url\":\"https:\\\/\\\/spinania.org\\\/wp-content\\\/uploads\\\/2026\\\/01\\\/Casino-logo-Desktop.png\",\"contentUrl\":\"https:\\\/\\\/spinania.org\\\/wp-content\\\/uploads\\\/2026\\\/01\\\/Casino-logo-Desktop.png\",\"width\":88,\"height\":26,\"caption\":\"Spinania\"},\"image\":{\"@id\":\"https:\\\/\\\/spinania.org\\\/de\\\/#\\\/schema\\\/logo\\\/image\\\/\"}}]}<\/script>\n<!-- \/ Yoast SEO plugin. -->","yoast_head_json":{"title":"SpinAnia Casino - Login & Anmeldung","description":"SpinAnia Casino \u2013 greife sicher auf dein Konto zu oder registriere dich in wenigen Sekunden. Verwalte dein Profil, deine Verifizierung und Bonusoptionen jederzeit bei Spin Ania.","robots":{"index":"index","follow":"follow","max-snippet":"max-snippet:-1","max-image-preview":"max-image-preview:large","max-video-preview":"max-video-preview:-1"},"canonical":"https:\/\/spinania.org\/de\/anmeldung-und-registrierung\/","og_locale":"de_DE","og_type":"article","og_title":"SpinAnia Casino - Login & Anmeldung","og_description":"SpinAnia Casino \u2013 greife sicher auf dein Konto zu oder registriere dich in wenigen Sekunden. Verwalte dein Profil, deine Verifizierung und Bonusoptionen jederzeit bei Spin Ania.","og_url":"https:\/\/spinania.org\/de\/anmeldung-und-registrierung\/","og_site_name":"spinania","article_modified_time":"2026-01-15T14:59:34+00:00","twitter_card":"summary_large_image","twitter_misc":{"Gesch\u00e4tzte Lesezeit":"1\u00a0Minute"},"schema":{"@context":"https:\/\/schema.org","@graph":[{"@type":"WebPage","@id":"https:\/\/spinania.org\/de\/anmeldung-und-registrierung\/","url":"https:\/\/spinania.org\/de\/anmeldung-und-registrierung\/","name":"SpinAnia Casino - Login & Anmeldung","isPartOf":{"@id":"https:\/\/spinania.org\/de\/#website"},"datePublished":"2026-01-15T10:29:48+00:00","dateModified":"2026-01-15T14:59:34+00:00","description":"SpinAnia Casino \u2013 greife sicher auf dein Konto zu oder registriere dich in wenigen Sekunden. Verwalte dein Profil, deine Verifizierung und Bonusoptionen jederzeit bei Spin Ania.","breadcrumb":{"@id":"https:\/\/spinania.org\/de\/anmeldung-und-registrierung\/#breadcrumb"},"inLanguage":"de","potentialAction":[{"@type":"ReadAction","target":["https:\/\/spinania.org\/de\/anmeldung-und-registrierung\/"]}]},{"@type":"BreadcrumbList","@id":"https:\/\/spinania.org\/de\/anmeldung-und-registrierung\/#breadcrumb","itemListElement":[{"@type":"ListItem","position":1,"name":"Spinania","item":"https:\/\/spinania.org\/de\/"},{"@type":"ListItem","position":2,"name":"Anmeldung und Registrierung"}]},{"@type":"WebSite","@id":"https:\/\/spinania.org\/de\/#website","url":"https:\/\/spinania.org\/de\/","name":"Spinania","description":"","publisher":{"@id":"https:\/\/spinania.org\/de\/#organization"},"potentialAction":[{"@type":"SearchAction","target":{"@type":"EntryPoint","urlTemplate":"https:\/\/spinania.org\/de\/?s={search_term_string}"},"query-input":{"@type":"PropertyValueSpecification","valueRequired":true,"valueName":"search_term_string"}}],"inLanguage":"de"},{"@type":"Organization","@id":"https:\/\/spinania.org\/de\/#organization","name":"Spinania","url":"https:\/\/spinania.org\/de\/","logo":{"@type":"ImageObject","inLanguage":"de","@id":"https:\/\/spinania.org\/de\/#\/schema\/logo\/image\/","url":"https:\/\/spinania.org\/wp-content\/uploads\/2026\/01\/Casino-logo-Desktop.png","contentUrl":"https:\/\/spinania.org\/wp-content\/uploads\/2026\/01\/Casino-logo-Desktop.png","width":88,"height":26,"caption":"Spinania"},"image":{"@id":"https:\/\/spinania.org\/de\/#\/schema\/logo\/image\/"}}]}},"_links":{"self":[{"href":"https:\/\/spinania.org\/de\/wp-json\/wp\/v2\/pages\/1483","targetHints":{"allow":["GET"]}}],"collection":[{"href":"https:\/\/spinania.org\/de\/wp-json\/wp\/v2\/pages"}],"about":[{"href":"https:\/\/spinania.org\/de\/wp-json\/wp\/v2\/types\/page"}],"author":[{"embeddable":true,"href":"https:\/\/spinania.org\/de\/wp-json\/wp\/v2\/users\/1"}],"replies":[{"embeddable":true,"href":"https:\/\/spinania.org\/de\/wp-json\/wp\/v2\/comments?post=1483"}],"version-history":[{"count":1,"href":"https:\/\/spinania.org\/de\/wp-json\/wp\/v2\/pages\/1483\/revisions"}],"predecessor-version":[{"id":1659,"href":"https:\/\/spinania.org\/de\/wp-json\/wp\/v2\/pages\/1483\/revisions\/1659"}],"wp:attachment":[{"href":"https:\/\/spinania.org\/de\/wp-json\/wp\/v2\/media?parent=1483"}],"curies":[{"name":"wp","href":"https:\/\/api.w.org\/{rel}","templated":true}]}}