{"id":1442,"date":"2026-01-15T10:27:56","date_gmt":"2026-01-15T10:27:56","guid":{"rendered":"https:\/\/spinania.org\/app-2\/"},"modified":"2026-01-15T14:58:24","modified_gmt":"2026-01-15T14:58:24","slug":"app","status":"publish","type":"page","link":"https:\/\/spinania.org\/de\/app\/","title":{"rendered":"App"},"content":{"rendered":"<h1>SpinAnia Anwendung<\/h1>\n<p>Mit der SpinAnia App k\u00f6nnen alle unsere Nutzer ihre Lieblingsspiele auf Smartphones oder Tablets spielen. Das ist eine praktische Option f\u00fcr alle, die unabh\u00e4ngig von ihrem Standort oder Ger\u00e4t online bleiben m\u00f6chten. Wir bieten eine spezielle App und eine Browserversion an. Sie ist auf allen Android- und iOS-Ger\u00e4ten verf\u00fcgbar. Wenn Sie sich auf mehreren Ger\u00e4ten in Ihr Konto einloggen, werden Ihre Erfolge und Fortschritte zwischen diesen Ger\u00e4ten synchronisiert.<\/p>\n<div class=\"banner-wrap\" aria-label=\"Banner\"><img src=\"https:\/\/spinania.org\/wp-content\/uploads\/2026\/01\/Spinania-Banner-Desktop.webp\" class=\"w-100 d-none d-lg-block img-pc main-banner-img\" alt=\"Spinania Banner Desktop\" fetchpriority=\"high\" decoding=\"async\"><img src=\"https:\/\/spinania.org\/wp-content\/uploads\/2026\/01\/Spinania-mobile-banner.webp\" class=\"w-100 d-none d-md-block d-lg-none main-banner-img\" alt=\"Spinania mobile banner\" fetchpriority=\"high\" decoding=\"async\"><img src=\"https:\/\/spinania.org\/wp-content\/uploads\/2026\/01\/Spinania-mobile-banner.webp\" class=\"w-100 d-md-none\" alt=\"Spinania mobile banner\" fetchpriority=\"high\" decoding=\"async\"><div class=\"banner-description\">\n<div class=\"banner-title\">Willkommensboni<\/div>\n<p class=\"banner-header-title\">1500 \u20ac<\/p>\n<div class=\"banner-header-AdditionalText\">+ 250 Freispiele<\/div>\n<button data-item=\"homepage_banner_link\" class=\"goto m-button m-gradient-border m-button--primary m-button--large banner-button btn-orange\">\n            <div class=\"m-button-content\">\n                <span>Jetzt anmelden<\/span>\n                <span><\/span>\n            <\/div>\n        <\/button>\n<\/div>\n<div class=\"WelcomePack\">\n<p><img loading=\"lazy\" decoding=\"async\" class=\"alignnone size-full wp-image-1331\" src=\"https:\/\/spinania.org\/wp-content\/uploads\/2026\/01\/welcome-crown.svg\" alt=\"welcome crown\" width=\"25\" height=\"26\" \/><\/p>\n<div class=\"WelcomePack-Info\">W\u00f6chentlicher Cashback von bis zu 25 %<\/div>\n<p><img loading=\"lazy\" decoding=\"async\" class=\"alignnone size-full wp-image-1331\" src=\"https:\/\/spinania.org\/wp-content\/uploads\/2026\/01\/welcome-crown.svg\" alt=\"welcome crown\" width=\"25\" height=\"26\" \/><\/p>\n<\/div>\n<\/div>\n<h2>SpinAnia mobile Casino<\/h2>\n<p>SpinAnia Casino hebt das Spielen auf ein neues Niveau. Jetzt m\u00fcssen Sie sich nicht mehr f\u00fcr ein bestimmtes Ger\u00e4t f\u00fcr Ihre Lieblingsspiele entscheiden. Sie k\u00f6nnen auf Ihrem PC beginnen und dann auf Ihrem Smartphone weiterspielen. Das Spielen unterwegs wird immer beliebter. Etwa 80 % unserer Spieler bevorzugen den Zugriff auf SpinAnia \u00fcber mobile Ger\u00e4te.<\/p>\n<p>Sie k\u00f6nnen \u00fcber die Spin Ania App oder in Ihrem Browser auf das mobile Casino zugreifen. Beide Optionen sind gro\u00dfartig und passen sich perfekt an Android- und iOS-Ger\u00e4te an. Sie werden nichts von Ihrem Spielerlebnis einb\u00fc\u00dfen, wenn Sie auf einem Smartphone spielen.<\/p>\n<p>In der mobilen Software bieten wir unseren Kunden die gesamte Spielesammlung und alle verf\u00fcgbaren Prozesse wie Registrierung, Anmeldung, Zahlungen und den Verifizierungsprozess. Wenn Sie Probleme mit SpinAnia Casino haben, k\u00f6nnen Sie uns \u00fcber den in die Anwendung integrierten Live-Chat kontaktieren.<\/p>\n<p><div class=\"scrollable-content-wrap my-5\"><div class=\"scrollable-content-inner\"><h2>SpinAnia App f\u00fcr Android<\/h2>\n<p>Android-Nutzer werden sich freuen zu erfahren, dass sie auf jedem Ger\u00e4t ihrer Wahl auf unsere Plattform zugreifen k\u00f6nnen. Wir laden Sie ein, unser Online-Casino in einem mobilen Browser wie Google Chrome auszuprobieren. Es wurde so entwickelt, dass es sich automatisch an die Bildschirmaufl\u00f6sung von Mobilger\u00e4ten anpasst.<\/p>\n<p>Eine weitere Option f\u00fcr Android-Spieler ist die SpinAnia-App. Sie kann von unserer Website installiert werden. Wir werden Sie nicht auffordern, unbekannte SpinAnia-APK-Dateien herunterzuladen, da es sich bei unserer L\u00f6sung um eine progressive Web-App handelt. Sie ben\u00f6tigt nur wenig Speicherplatz auf Ihrem Ger\u00e4t, lediglich f\u00fcr zwischengespeicherte Daten.<\/p>\n<p>Wenn Sie sich entscheiden, die Spin Ania App auf Android auszuprobieren, befolgen Sie bitte die nachstehenden Anweisungen. Der gesamte Vorgang dauert nur wenige Minuten, er\u00f6ffnet Ihnen jedoch viele neue M\u00f6glichkeiten.<\/p>\n<table>\n<tbody>\n<tr>\n<td>Schritt<\/td>\n<td>Details<\/td>\n<\/tr>\n<tr>\n<td>Besuchen Sie unsere Website<\/td>\n<td>Besuchen Sie SpinAnia in Ihrem bevorzugten mobilen Browser.<\/td>\n<\/tr>\n<tr>\n<td>Klicken Sie auf \u201eCasino-App\u201c.<\/td>\n<td>Die Schaltfl\u00e4che \u201eCasino-App\u201c befindet sich in der Fu\u00dfzeile der Hauptseite.<\/td>\n<\/tr>\n<tr>\n<td>Klicken Sie auf \u201eInstallieren\u201c.<\/td>\n<td>Auf der neuen Seite erscheint in der Mitte des Bildschirms die Schaltfl\u00e4che \u201eInstallieren\u201c.<\/td>\n<\/tr>\n<tr>\n<td>Die Installation abschlie\u00dfen<\/td>\n<td>Sobald der Vorgang abgeschlossen ist, erscheint das Symbol des Online-Casinos auf dem Startbildschirm Ihres Ger\u00e4ts.<\/td>\n<\/tr>\n<\/tbody>\n<\/table>\n<p><img loading=\"lazy\" decoding=\"async\" src=\"https:\/\/spinania.org\/wp-content\/uploads\/2026\/01\/Spinania-Android-App.webp\" alt=\"Spinania Android App\" width=\"1248\" height=\"536\" \/><\/p>\n<\/div><\/div><div style=\"clear: both\"><\/div><div class=\"d-flex justify-content-center\"><button data-item=\"decouvrez_link\" data-group=\"website_links\" class=\"goto fw-bold rounded-pill btn btn-orange\" aria-label=\"Laden Sie die Spinania-App herunter\" >Laden Sie die Spinania-App herunter<\/button><\/div><div class=\"scrollable-content-wrap my-5\"><div class=\"scrollable-content-inner\"><h2>iOS mobil App<\/h2>\n<p>Wenn Sie ein iOS-Smartphone oder -Tablet besitzen, haben Sie viele M\u00f6glichkeiten, bei SpinAnia Casino zu spielen. Wir bieten eine Browser-Version, mit der Sie ein Verkn\u00fcpfungs-Symbol installieren k\u00f6nnen. Zus\u00e4tzlich ist die SpinAnia-App f\u00fcr iOS-Ger\u00e4te verf\u00fcgbar. Da der App Store Einschr\u00e4nkungen f\u00fcr Gl\u00fccksspiele hat, k\u00f6nnen Sie sie dort nicht herunterladen, aber sie steht auf unserer Website zur Installation bereit.<\/p>\n<p>Das Verkn\u00fcpfungssymbol ist Ihre Chance, mit einem einzigen Klick auf Ihrem Startbildschirm auf die Plattform zuzugreifen. Die mobile Browserversion von Spin Ania Casino bietet \u00fcber 6.000 Spiele, darunter Slots, Tischspiele, Live-Casino-Titel und Crash-Spiele. Befolgen Sie unsere Schritt-f\u00fcr-Schritt-Anleitung, um das Verkn\u00fcpfungssymbol auf Ihrem Startbildschirm zu installieren.<\/p>\n<table>\n<tbody>\n<tr>\n<td>Schritt<\/td>\n<td>Details<\/td>\n<\/tr>\n<tr>\n<td>\u00d6ffnen Sie die Website.<\/td>\n<td>Rufen Sie in einem beliebigen Browser die Seite SpinAnia Casino auf.<\/td>\n<\/tr>\n<tr>\n<td>Klicken Sie auf \u201eTeilen\u201c oder \u201eMehr\u201c.<\/td>\n<td>Je nach Browser hat die Schaltfl\u00e4che einen anderen Namen. Sie befindet sich in der Adressleiste.<\/td>\n<\/tr>\n<tr>\n<td>W\u00e4hlen Sie \u201eZum Startbildschirm hinzuf\u00fcgen\u201c<\/td>\n<td>Suchen Sie in der Liste die gew\u00fcnschte Option.<\/td>\n<\/tr>\n<tr>\n<td>Das Symbol personalisieren<\/td>\n<td>Bei Bedarf k\u00f6nnen Sie den Namen und das Aussehen des Symbols aktualisieren.<\/td>\n<\/tr>\n<tr>\n<td>Klicken Sie auf \u201eHinzuf\u00fcgen\u201c.<\/td>\n<td>Dieser Schritt best\u00e4tigt die vorherigen Aktionen und erstellt das Verkn\u00fcpfungssymbol.<\/td>\n<\/tr>\n<\/tbody>\n<\/table>\n<p><img loading=\"lazy\" decoding=\"async\" src=\"https:\/\/spinania.org\/wp-content\/uploads\/2026\/01\/Spinania-iOS-App.webp\" alt=\"Spinania iOS App\" width=\"1248\" height=\"536\" \/><\/p>\n<\/div><\/div><div style=\"clear: both\"><\/div><div class=\"d-flex justify-content-center\"><button data-item=\"decouvrez_link\" data-group=\"website_links\" class=\"goto fw-bold rounded-pill btn btn-orange\" aria-label=\"Spinanina herunterladen\" >Spinanina herunterladen<\/button><\/div><div class=\"scrollable-content-wrap my-5\"><div class=\"scrollable-content-inner\"><h2>SpinAnia Casino Desktop App f\u00fcr Windows\/macOS<\/h2>\n<p>Wir beschr\u00e4nken Sie nicht auf die Verwendung eines bestimmten Ger\u00e4ts. Manchmal kann das Spielen auf einem PC oder Laptop mit gro\u00dfem Bildschirm Sie mehr in die Atmosph\u00e4re eines echten Casinos eintauchen lassen. Es ist kein Problem, wenn Sie Ihre Reise auf einem Smartphone beginnen und auf einem Desktop-Computer fortsetzen. Alle Ihre SpinAnia Casino-Daten und Einstellungen werden synchronisiert.<\/p>\n<p>Mit einer stabilen Internetverbindung genie\u00dfen Sie fl\u00fcssiges Gameplay und schnelles Laden aller notwendigen Funktionen. SpinAnia Casino bietet zwei Hauptoptionen f\u00fcr die Nutzung auf dem Desktop:<\/p>\n<ul>\n<li>Browser-Version. Um auf unsere Website zuzugreifen, k\u00f6nnen Sie jeden beliebigen Browser verwenden, beispielsweise Safari oder Google Chrome. Es sind keine Downloads oder Installationen erforderlich.<\/li>\n<li>Verkn\u00fcpfungssymbol. Mit dieser Option k\u00f6nnen Sie schneller auf Spin Ania zugreifen, ohne Ihren Browser \u00f6ffnen und nach der Website suchen zu m\u00fcssen. Das Verkn\u00fcpfungssymbol belegt keinen Speicherplatz auf Ihrem Ger\u00e4t.<\/li>\n<\/ul>\n<p><img loading=\"lazy\" decoding=\"async\" src=\"https:\/\/spinania.org\/wp-content\/uploads\/2026\/01\/Spinania-Desktop.webp\" alt=\"Spinania Desktop\" width=\"1248\" height=\"536\" \/><\/p>\n<\/div><\/div><div style=\"clear: both\"><\/div><div class=\"d-flex justify-content-center\"><button data-item=\"decouvrez_link\" data-group=\"website_links\" class=\"goto fw-bold rounded-pill btn btn-orange\" aria-label=\"Laden Sie die Spinania-App herunter\" >Laden Sie die Spinania-App herunter<\/button><\/div><div class=\"scrollable-content-wrap my-5\"><div class=\"scrollable-content-inner\"><h2>H\u00e4ufig gestellte Fragen<\/h2>\n<h3>Wo erhalte ich Kundensupport in der SpinAnia Casino App?<\/h3>\n<p>Unsere mobile Software f\u00fcr Android und iOS verf\u00fcgt \u00fcber eine integrierte Live-Chat-Funktion, \u00fcber die Sie rund um die Uhr Kontakt zum Support-Team aufnehmen k\u00f6nnen. Alternativ k\u00f6nnen Sie uns auch eine E-Mail senden, um weitere Informationen zu erhalten.<\/p>\n<h3>Ben\u00f6tige ich ein Konto, um die Spin Ania App zu nutzen?<\/h3>\n<p>Um auf alle Funktionen und Spiele zugreifen zu k\u00f6nnen, m\u00fcssen Sie ein Konto in der SpinAnia-App erstellen. Einige Titel sind im Demo-Modus verf\u00fcgbar, in dem Sie um virtuelle M\u00fcnzen spielen. In diesem Fall k\u00f6nnen Sie Ihre Gewinne nicht auszahlen lassen.<\/p>\n<h3>Sind alle Spiele in der App verf\u00fcgbar?<\/h3>\n<p>Unsere vertrauensw\u00fcrdigen Softwareanbieter entwickeln Spiele, die mit allen modernen Mobilger\u00e4ten kompatibel sind. Deshalb haben Sie \u00fcber Ihr Smartphone Zugriff auf \u00fcber 6.000 Titel, darunter Online-Slots, Tischspiele, Live-Dealer-Optionen und Crash-Spiele.<\/p>\n<h3>Wie kann ich die SpinAnia Casino App aktualisieren?<\/h3>\n<p>Die mobile Version von Spin Ania Casino, die auf unserer Website zur Installation bereitsteht, ist eine progressive Webanwendung. Sie wird automatisch aktualisiert, ohne dass Sie zus\u00e4tzliche Schritte unternehmen m\u00fcssen.<\/p>\n<\/div><\/div><\/p>\n","protected":false},"excerpt":{"rendered":"<p>SpinAnia Anwendung Mit der SpinAnia App k\u00f6nnen alle unsere Nutzer ihre Lieblingsspiele auf Smartphones oder Tablets spielen. Das ist eine praktische Option f\u00fcr alle, die unabh\u00e4ngig von ihrem Standort oder Ger\u00e4t online bleiben m\u00f6chten. Wir bieten eine spezielle App und eine Browserversion an. Sie ist auf allen Android- und iOS-Ger\u00e4ten verf\u00fcgbar. Wenn Sie sich auf [&hellip;]<\/p>\n","protected":false},"author":1,"featured_media":0,"parent":0,"menu_order":0,"comment_status":"closed","ping_status":"closed","template":"template-builder.php","meta":{"_acf_changed":false,"inline_featured_image":false,"footnotes":""},"class_list":["post-1442","page","type-page","status-publish","hentry"],"acf":[],"yoast_head":"<!-- This site is optimized with the Yoast SEO plugin v27.3 - https:\/\/yoast.com\/product\/yoast-seo-wordpress\/ -->\n<title>SpinAnia App \u2013 Download iOS &amp; Android<\/title>\n<meta name=\"description\" content=\"SpinAnia App \u2013 installiere sie auf iOS und Android f\u00fcr vollen Casinozugang \u00fcberall. Genie\u00dfe reibungsloses Spielen, schnelle Synchronisierung und Live-Support \u2013 alles in Spin Ania.\" \/>\n<meta name=\"robots\" content=\"index, follow, max-snippet:-1, max-image-preview:large, max-video-preview:-1\" \/>\n<link rel=\"canonical\" href=\"https:\/\/spinania.org\/de\/app\/\" \/>\n<meta property=\"og:locale\" content=\"de_DE\" \/>\n<meta property=\"og:type\" content=\"article\" \/>\n<meta property=\"og:title\" content=\"SpinAnia App \u2013 Download iOS &amp; Android\" \/>\n<meta property=\"og:description\" content=\"SpinAnia App \u2013 installiere sie auf iOS und Android f\u00fcr vollen Casinozugang \u00fcberall. Genie\u00dfe reibungsloses Spielen, schnelle Synchronisierung und Live-Support \u2013 alles in Spin Ania.\" \/>\n<meta property=\"og:url\" content=\"https:\/\/spinania.org\/de\/app\/\" \/>\n<meta property=\"og:site_name\" content=\"spinania\" \/>\n<meta property=\"article:modified_time\" content=\"2026-01-15T14:58:24+00:00\" \/>\n<meta name=\"twitter:card\" content=\"summary_large_image\" \/>\n<meta name=\"twitter:label1\" content=\"Gesch\u00e4tzte Lesezeit\" \/>\n\t<meta name=\"twitter:data1\" content=\"1\u00a0Minute\" \/>\n<script type=\"application\/ld+json\" class=\"yoast-schema-graph\">{\"@context\":\"https:\\\/\\\/schema.org\",\"@graph\":[{\"@type\":\"WebPage\",\"@id\":\"https:\\\/\\\/spinania.org\\\/de\\\/app\\\/\",\"url\":\"https:\\\/\\\/spinania.org\\\/de\\\/app\\\/\",\"name\":\"SpinAnia App \u2013 Download iOS & Android\",\"isPartOf\":{\"@id\":\"https:\\\/\\\/spinania.org\\\/de\\\/#website\"},\"datePublished\":\"2026-01-15T10:27:56+00:00\",\"dateModified\":\"2026-01-15T14:58:24+00:00\",\"description\":\"SpinAnia App \u2013 installiere sie auf iOS und Android f\u00fcr vollen Casinozugang \u00fcberall. Genie\u00dfe reibungsloses Spielen, schnelle Synchronisierung und Live-Support \u2013 alles in Spin Ania.\",\"breadcrumb\":{\"@id\":\"https:\\\/\\\/spinania.org\\\/de\\\/app\\\/#breadcrumb\"},\"inLanguage\":\"de\",\"potentialAction\":[{\"@type\":\"ReadAction\",\"target\":[\"https:\\\/\\\/spinania.org\\\/de\\\/app\\\/\"]}]},{\"@type\":\"BreadcrumbList\",\"@id\":\"https:\\\/\\\/spinania.org\\\/de\\\/app\\\/#breadcrumb\",\"itemListElement\":[{\"@type\":\"ListItem\",\"position\":1,\"name\":\"Spinania\",\"item\":\"https:\\\/\\\/spinania.org\\\/de\\\/\"},{\"@type\":\"ListItem\",\"position\":2,\"name\":\"App\"}]},{\"@type\":\"WebSite\",\"@id\":\"https:\\\/\\\/spinania.org\\\/de\\\/#website\",\"url\":\"https:\\\/\\\/spinania.org\\\/de\\\/\",\"name\":\"Spinania\",\"description\":\"\",\"publisher\":{\"@id\":\"https:\\\/\\\/spinania.org\\\/de\\\/#organization\"},\"potentialAction\":[{\"@type\":\"SearchAction\",\"target\":{\"@type\":\"EntryPoint\",\"urlTemplate\":\"https:\\\/\\\/spinania.org\\\/de\\\/?s={search_term_string}\"},\"query-input\":{\"@type\":\"PropertyValueSpecification\",\"valueRequired\":true,\"valueName\":\"search_term_string\"}}],\"inLanguage\":\"de\"},{\"@type\":\"Organization\",\"@id\":\"https:\\\/\\\/spinania.org\\\/de\\\/#organization\",\"name\":\"Spinania\",\"url\":\"https:\\\/\\\/spinania.org\\\/de\\\/\",\"logo\":{\"@type\":\"ImageObject\",\"inLanguage\":\"de\",\"@id\":\"https:\\\/\\\/spinania.org\\\/de\\\/#\\\/schema\\\/logo\\\/image\\\/\",\"url\":\"https:\\\/\\\/spinania.org\\\/wp-content\\\/uploads\\\/2026\\\/01\\\/Casino-logo-Desktop.png\",\"contentUrl\":\"https:\\\/\\\/spinania.org\\\/wp-content\\\/uploads\\\/2026\\\/01\\\/Casino-logo-Desktop.png\",\"width\":88,\"height\":26,\"caption\":\"Spinania\"},\"image\":{\"@id\":\"https:\\\/\\\/spinania.org\\\/de\\\/#\\\/schema\\\/logo\\\/image\\\/\"}}]}<\/script>\n<!-- \/ Yoast SEO plugin. -->","yoast_head_json":{"title":"SpinAnia App \u2013 Download iOS & Android","description":"SpinAnia App \u2013 installiere sie auf iOS und Android f\u00fcr vollen Casinozugang \u00fcberall. Genie\u00dfe reibungsloses Spielen, schnelle Synchronisierung und Live-Support \u2013 alles in Spin Ania.","robots":{"index":"index","follow":"follow","max-snippet":"max-snippet:-1","max-image-preview":"max-image-preview:large","max-video-preview":"max-video-preview:-1"},"canonical":"https:\/\/spinania.org\/de\/app\/","og_locale":"de_DE","og_type":"article","og_title":"SpinAnia App \u2013 Download iOS & Android","og_description":"SpinAnia App \u2013 installiere sie auf iOS und Android f\u00fcr vollen Casinozugang \u00fcberall. Genie\u00dfe reibungsloses Spielen, schnelle Synchronisierung und Live-Support \u2013 alles in Spin Ania.","og_url":"https:\/\/spinania.org\/de\/app\/","og_site_name":"spinania","article_modified_time":"2026-01-15T14:58:24+00:00","twitter_card":"summary_large_image","twitter_misc":{"Gesch\u00e4tzte Lesezeit":"1\u00a0Minute"},"schema":{"@context":"https:\/\/schema.org","@graph":[{"@type":"WebPage","@id":"https:\/\/spinania.org\/de\/app\/","url":"https:\/\/spinania.org\/de\/app\/","name":"SpinAnia App \u2013 Download iOS & Android","isPartOf":{"@id":"https:\/\/spinania.org\/de\/#website"},"datePublished":"2026-01-15T10:27:56+00:00","dateModified":"2026-01-15T14:58:24+00:00","description":"SpinAnia App \u2013 installiere sie auf iOS und Android f\u00fcr vollen Casinozugang \u00fcberall. Genie\u00dfe reibungsloses Spielen, schnelle Synchronisierung und Live-Support \u2013 alles in Spin Ania.","breadcrumb":{"@id":"https:\/\/spinania.org\/de\/app\/#breadcrumb"},"inLanguage":"de","potentialAction":[{"@type":"ReadAction","target":["https:\/\/spinania.org\/de\/app\/"]}]},{"@type":"BreadcrumbList","@id":"https:\/\/spinania.org\/de\/app\/#breadcrumb","itemListElement":[{"@type":"ListItem","position":1,"name":"Spinania","item":"https:\/\/spinania.org\/de\/"},{"@type":"ListItem","position":2,"name":"App"}]},{"@type":"WebSite","@id":"https:\/\/spinania.org\/de\/#website","url":"https:\/\/spinania.org\/de\/","name":"Spinania","description":"","publisher":{"@id":"https:\/\/spinania.org\/de\/#organization"},"potentialAction":[{"@type":"SearchAction","target":{"@type":"EntryPoint","urlTemplate":"https:\/\/spinania.org\/de\/?s={search_term_string}"},"query-input":{"@type":"PropertyValueSpecification","valueRequired":true,"valueName":"search_term_string"}}],"inLanguage":"de"},{"@type":"Organization","@id":"https:\/\/spinania.org\/de\/#organization","name":"Spinania","url":"https:\/\/spinania.org\/de\/","logo":{"@type":"ImageObject","inLanguage":"de","@id":"https:\/\/spinania.org\/de\/#\/schema\/logo\/image\/","url":"https:\/\/spinania.org\/wp-content\/uploads\/2026\/01\/Casino-logo-Desktop.png","contentUrl":"https:\/\/spinania.org\/wp-content\/uploads\/2026\/01\/Casino-logo-Desktop.png","width":88,"height":26,"caption":"Spinania"},"image":{"@id":"https:\/\/spinania.org\/de\/#\/schema\/logo\/image\/"}}]}},"_links":{"self":[{"href":"https:\/\/spinania.org\/de\/wp-json\/wp\/v2\/pages\/1442","targetHints":{"allow":["GET"]}}],"collection":[{"href":"https:\/\/spinania.org\/de\/wp-json\/wp\/v2\/pages"}],"about":[{"href":"https:\/\/spinania.org\/de\/wp-json\/wp\/v2\/types\/page"}],"author":[{"embeddable":true,"href":"https:\/\/spinania.org\/de\/wp-json\/wp\/v2\/users\/1"}],"replies":[{"embeddable":true,"href":"https:\/\/spinania.org\/de\/wp-json\/wp\/v2\/comments?post=1442"}],"version-history":[{"count":2,"href":"https:\/\/spinania.org\/de\/wp-json\/wp\/v2\/pages\/1442\/revisions"}],"predecessor-version":[{"id":1658,"href":"https:\/\/spinania.org\/de\/wp-json\/wp\/v2\/pages\/1442\/revisions\/1658"}],"wp:attachment":[{"href":"https:\/\/spinania.org\/de\/wp-json\/wp\/v2\/media?parent=1442"}],"curies":[{"name":"wp","href":"https:\/\/api.w.org\/{rel}","templated":true}]}}